{"id":6202,"date":"2023-01-23T19:26:27","date_gmt":"2023-01-23T19:26:27","guid":{"rendered":"https:\/\/strippersdeluxe.es\/6202-2\/"},"modified":"2026-01-07T12:19:16","modified_gmt":"2026-01-07T12:19:16","slug":"leon","status":"publish","type":"page","link":"https:\/\/strippersdeluxe.es\/en\/chicos-stripers\/leon\/","title":{"rendered":"<!\u2013Leon\u2013>"},"content":{"rendered":"<style>\n<p>\/* Estilos para la galer\u00eda *\/\n#galeria, #galeria * {\n    box-sizing: border-box;\n}\n#galeria {\n    padding: 10px;\n    padding-bottom: 0;\n    background: white;  \/* Fondo de la galer\u00eda *\/\n    max-width: 100%; \/* Hacer que la galer\u00eda sea responsive *\/\n    margin: 0 auto;\n}\n#galeria_miniaturas {\n    display: flex; \/* Utilizar flexbox para las miniaturas *\/\n    justify-content: center; \/* Centrar horizontalmente las miniaturas *\/\n    flex-wrap: wrap; \/* Permitir que las miniaturas se envuelvan en m\u00faltiples filas *\/\n    gap: 10px; \/* Espacio entre las miniaturas *\/\n}\n#imgGaleria, #imgGaleria2 {\n    box-shadow: 0 1px 16px 0 #dfdfdf;\n    border-radius: 25px;\n    border: 1px solid #F2F2F2;  \/* Borde de la imagen *\/\n    padding: 3px;\n    max-width: 100%; \/* Hacer que la imagen sea responsive *\/\n    height: auto; \/* Altura autom\u00e1tica *\/\n}\n.miniatura {\n    border-radius: 10px;\n    width: 60px;  \/* Ancho de las miniaturas *\/\n    height: 60px;  \/* Alto de las miniaturas *\/\n    cursor: pointer;\n    padding: 5px;\n    margin-bottom: 0px; \/* Espacio entre las miniaturas *\/\n    transition: opacity 0.3s; \/* Agregar una transici\u00f3n de opacidad *\/\n    object-fit: cover; \/* Redimensiona y recorta la imagen para ajustarla al cuadro *\/\n}\n.miniatura:hover {\n    opacity: 0.8;   \/* Opacidad *\/\n}\n.miniatura:active {\n    opacity: 1;\n}<\/p>\n<\/style>\n<h1><strong>HIRE MALE STRIPPERS IN CITY AND PROVINCE OF LEON AVAILABLE TO PERFORM AT HEN NIGHTS<\/strong><\/h1>\n<h1><strong><img loading=\"lazy\" decoding=\"async\" class=\"size-full wp-image-1361 alignright\" src=\"https:\/\/strippersdeluxe.es\/wp-content\/uploads\/2020\/01\/leon.jpg\" alt=\"strippersdeluxe-leon-castilla\" width=\"279\" height=\"151\"><\/strong><\/h1>\n<h3>We offer the best shows in the city of Leon at home\/apartment for groups.<\/h3>\n<p>If it&#8217;s a special day like a Hen Do or a friend&#8217;s birthday, do not hesitate to hire a StrippersDeluxe show.<\/p>\n<p style=\"text-align: center;\"><strong>Photo gallery of some of our male strippers for hire in Spain<\/strong><\/p>\n<div id=\"galeria_imagen\"><center><br \/>\n<img decoding=\"async\" id=\"imgGaleria\" src=\"https:\/\/strippersdeluxe.es\/wp-content\/gallery\/z3\/chicos\/en\/hire-male-stripper.jpg\" alt=\"Hire male stripper\" \/><\/center><\/div>\n<div id=\"galeria_miniaturas\"><img decoding=\"async\" class=\"miniatura\" onclick=\"javascript:document.getElementById('imgGaleria').src=this.src;\" src=\"https:\/\/strippersdeluxe.es\/wp-content\/gallery\/z3\/chicos\/en\/hire-male-stripper.jpg\" alt=\"Hire male stripper\" \/><br \/>\n<img decoding=\"async\" class=\"miniatura\" onclick=\"javascript:document.getElementById('imgGaleria').src=this.src;\" src=\"https:\/\/strippersdeluxe.es\/wp-content\/gallery\/z3\/chicos\/en\/male-stripper.jpg\" alt=\"Male stripper for bachelorette party\" \/><br \/>\n<img decoding=\"async\" class=\"miniatura\" onclick=\"javascript:document.getElementById('imgGaleria').src=this.src;\" src=\"https:\/\/strippersdeluxe.es\/wp-content\/gallery\/z3\/chicos\/en\/male-strippers.jpg\" alt=\"Available male strippers in this city\" \/><br \/>\n<img decoding=\"async\" class=\"miniatura\" onclick=\"javascript:document.getElementById('imgGaleria').src=this.src;\" src=\"https:\/\/strippersdeluxe.es\/wp-content\/gallery\/z3\/chicos\/en\/male-streaper.jpg\" alt=\"Hire now a male streaper for today\" \/><\/p>\n<p><img decoding=\"async\" class=\"miniatura\" onclick=\"javascript:document.getElementById('imgGaleria').src=this.src;\" src=\"https:\/\/strippersdeluxe.es\/wp-content\/gallery\/z3\/chicos\/en\/order-male-stripper-hen-party.jpg\" alt=\"Order a male stripper show for you party\" \/><\/div>\n<hr \/>\n<p style=\"text-align: center;\">More photos of <b>our artists for hire<\/b><\/p>\n<div id=\"galeria_imagen\">\n<center><img decoding=\"async\" id=\"imgGaleria2\" src=\"https:\/\/strippersdeluxe.es\/wp-content\/gallery\/z3\/chicos\/en\/stripper-hire-for-party.jpg\" alt=\"Picture of a male stripper in for hire\" \/><\/center><\/div>\n<div id=\"galeria_miniaturas\"><img decoding=\"async\" class=\"miniatura\" onclick=\"javascript:document.getElementById('imgGaleria2').src=this.src;\" src=\"https:\/\/strippersdeluxe.es\/wp-content\/gallery\/z3\/chicos\/en\/stripper-hire-for-party.jpg\" alt=\"Hiring Male stripper for celebrations\" \/><br \/>\n<img decoding=\"async\" class=\"miniatura\" onclick=\"javascript:document.getElementById('imgGaleria2').src=this.src;\" src=\"https:\/\/strippersdeluxe.es\/wp-content\/gallery\/z3\/chicos\/en\/men-strippers.jpg\" alt=\"Find the best stripper show for your party in Spain\" \/><br \/>\n<img decoding=\"async\" class=\"miniatura\" onclick=\"javascript:document.getElementById('imgGaleria2').src=this.src;\" src=\"https:\/\/strippersdeluxe.es\/wp-content\/gallery\/z3\/chicos\/en\/strippers-for-hire.jpg\" alt=\"Picture of male stripper\" \/><br \/>\n<img decoding=\"async\" class=\"miniatura\" onclick=\"javascript:document.getElementById('imgGaleria2').src=this.src;\" src=\"https:\/\/strippersdeluxe.es\/wp-content\/gallery\/z3\/chicos\/en\/stripper-male.jpg\" alt=\"Stripperin hen do\" \/><\/div>\n<hr \/>\n<p><center><strong>We work in other cities in the province of Leon<\/strong><\/center><\/p>\n<p style=\"text-align: center;\"><strong>If you want information without commitment to hire a male stripper show fill out the following form:<\/strong><\/p>\n<p style=\"text-align: center;\">\n<div class=\"wpcf7 no-js\" id=\"wpcf7-f8108-o1\" lang=\"es-ES\" dir=\"ltr\" data-wpcf7-id=\"8108\">\n<div class=\"screen-reader-response\"><p role=\"status\" aria-live=\"polite\" aria-atomic=\"true\"><\/p> <ul><\/ul><\/div>\n<form action=\"\/en\/wp-json\/wp\/v2\/pages\/6202#wpcf7-f8108-o1\" method=\"post\" class=\"wpcf7-form init\" aria-label=\"Formulario de contacto\" novalidate=\"novalidate\" data-status=\"init\">\n<fieldset class=\"hidden-fields-container\"><input type=\"hidden\" name=\"_wpcf7\" value=\"8108\" \/><input type=\"hidden\" name=\"_wpcf7_version\" value=\"6.1.4\" \/><input type=\"hidden\" name=\"_wpcf7_locale\" value=\"es_ES\" \/><input type=\"hidden\" name=\"_wpcf7_unit_tag\" value=\"wpcf7-f8108-o1\" \/><input type=\"hidden\" name=\"_wpcf7_container_post\" value=\"0\" \/><input type=\"hidden\" name=\"_wpcf7_posted_data_hash\" value=\"\" \/><input type=\"hidden\" name=\"_wpcf7_recaptcha_response\" value=\"\" \/>\n<\/fieldset>\n<center>\n\t<div class=\"form-group\">\n\t\t<p><label for=\"name_st\">Name:<\/label><br \/>\n<span class=\"wpcf7-form-control-wrap\" data-name=\"name_st\"><input size=\"40\" maxlength=\"400\" class=\"wpcf7-form-control wpcf7-text wpcf7-validates-as-required\" id=\"name_st\" aria-required=\"true\" aria-invalid=\"false\" placeholder=\"Your name\" value=\"\" type=\"text\" name=\"name_st\" \/><\/span>\n\t\t<\/p>\n\t<\/div>\n\t<div class=\"form-group\">\n\t\t<p><label for=\"email_st\">Email:<\/label><br \/>\n<span class=\"wpcf7-form-control-wrap\" data-name=\"email_st\"><input size=\"40\" maxlength=\"400\" class=\"wpcf7-form-control wpcf7-email wpcf7-validates-as-required wpcf7-text wpcf7-validates-as-email\" id=\"email_st\" aria-required=\"true\" aria-invalid=\"false\" placeholder=\"Your email\" value=\"\" type=\"email\" name=\"email_st\" \/><\/span>\n\t\t<\/p>\n\t\t<p style=\"font-size: 13px; font-weight: 600;\">\u261d Double-check your email (you will receive information here)\n\t\t<\/p>\n\t<\/div>\n\t<div class=\"form-group\">\n\t\t<div style=\"height: 1em;\">\n\t\t<\/div><!-- Double line break -->\n\t<\/div>\n\t<div class=\"form-group\">\n\t\t<p><label for=\"fecha\">Select the date:<\/label><br \/>\n<span class=\"wpcf7-form-control-wrap\" data-name=\"date\"><input class=\"wpcf7-form-control wpcf7-date wpcf7-validates-as-required wpcf7-validates-as-date\" id=\"fecha\" aria-required=\"true\" aria-invalid=\"false\" placeholder=\"Select the date*\" value=\"\" type=\"date\" name=\"date\" \/><\/span>\n\t\t<\/p>\n\t<\/div>\n\n\n <!-- Line break -->\n\t<div class=\"form-group\">\n\t\t<p><label for=\"horaaproximada\">Desired Start Time:<\/label><br \/>\n<input type=\"time\" id=\"horaaproximada\" name=\"horaaproximada\" placeholder=\"HH:MM\" required \/>\n\t\t<\/p>\n\t<\/div>\n\t<div class=\"form-group\">\n\t\t<div style=\"height: 1em;\">\n\t\t<\/div><!-- Double line break -->\n\t<\/div>\n\t<div class=\"form-group\">\n\t\t<p>Indicate event location and address. You will receive an exact quote\n\t\t<\/p>\n\t<\/div>\n\t<div class=\"form-group\">\n\t\t<p><span class=\"wpcf7-form-control-wrap\" data-name=\"lugar-evento\"><select class=\"wpcf7-form-control wpcf7-select wpcf7-validates-as-required\" id=\"lugar-evento\" aria-required=\"true\" aria-invalid=\"false\" name=\"lugar-evento\"><option value=\"Choose event location\">Choose event location<\/option><option value=\"Apartment\">Apartment<\/option><option value=\"Hotel\">Hotel<\/option><option value=\"Villa\">Villa<\/option><option value=\"Country House\">Country House<\/option><option value=\"Arranged Restaurant\">Arranged Restaurant<\/option><option value=\"Arranged Pub\/Music Venue or Similar\">Arranged Pub\/Music Venue or Similar<\/option><option value=\"Other\">Other<\/option><\/select><\/span>\n\t\t<\/p>\n\t<\/div>\n\t<div id=\"nombre-lugar-container\" style=\"display: none;\">\n\t\t<p><label id=\"nombre-lugar-label\" for=\"nombre-lugar\"><\/label><br \/>\n<span class=\"wpcf7-form-control-wrap\" data-name=\"nombre-lugar\"><input size=\"40\" maxlength=\"400\" class=\"wpcf7-form-control wpcf7-text direccion\" id=\"nombre-lugar\" aria-invalid=\"false\" value=\"\" type=\"text\" name=\"nombre-lugar\" \/><\/span>\n\t\t<\/p>\n\t<\/div>\n\n\n <!-- Line break -->\n\t<div class=\"direccion-container\">\n\t\t<p><label for=\"direccion\">Exact event address:<\/label><br \/>\n<span class=\"wpcf7-form-control-wrap\" data-name=\"direccion\"><input size=\"40\" maxlength=\"400\" class=\"wpcf7-form-control wpcf7-text wpcf7-validates-as-required\" id=\"direccion\" aria-required=\"true\" aria-invalid=\"false\" placeholder=\"Exact quote at the specified address\" value=\"\" type=\"text\" name=\"direccion\" \/><\/span><br \/>\n<span id=\"direccion-mensaje\"><\/span>\n\t\t<\/p>\n\t<\/div>\n\t<div class=\"form-group\">\n\t\t<div style=\"height: 1em;\">\n\t\t<\/div><!-- Double line break -->\n\t<\/div>\n\t<div class=\"form-group\">\n\t\t<p><label for=\"tipo-grupo\">We are a group of:<\/label><br \/>\n<span class=\"wpcf7-form-control-wrap\" data-name=\"tipo-grupo\"><select class=\"wpcf7-form-control wpcf7-select wpcf7-validates-as-required\" id=\"tipo-grupo\" aria-required=\"true\" aria-invalid=\"false\" name=\"tipo-grupo\"><option value=\"Girls\">Girls<\/option><option value=\"Guys\">Guys<\/option><option value=\"Both\">Both<\/option><\/select><\/span>\n\t\t<\/p>\n\t<\/div>\n\n\n <!-- Line break -->\n\t<div class=\"form-group\">\n\t\t<p><label for=\"tipo-evento\">Type of celebration:<\/label><br \/>\n<span class=\"wpcf7-form-control-wrap\" data-name=\"tipo-evento\"><select class=\"wpcf7-form-control wpcf7-select wpcf7-validates-as-required\" id=\"tipo-evento\" aria-required=\"true\" aria-invalid=\"false\" name=\"tipo-evento\"><option value=\"Choose\">Choose<\/option><option value=\"Hen\/Bachelorette Party\">Hen\/Bachelorette Party<\/option><option value=\"Stag\/Bachelor Party\">Stag\/Bachelor Party<\/option><option value=\"Birthday\">Birthday<\/option><option value=\"Other type of party\">Other type of party<\/option><option value=\"Other\">Other<\/option><\/select><\/span>\n\t\t<\/p>\n\t<\/div>\n\n\n <!-- Line break -->\n\t<div class=\"form-group\">\n\t\t<p><label for=\"numero-personas\">Indicate no. of people:<\/label><br \/>\n<span class=\"wpcf7-form-control-wrap\" data-name=\"numero-personas\"><select class=\"wpcf7-form-control wpcf7-select wpcf7-validates-as-required\" id=\"numero-personas\" aria-required=\"true\" aria-invalid=\"false\" name=\"numero-personas\"><option value=\"4\">4<\/option><option value=\"5\">5<\/option><option value=\"6\">6<\/option><option value=\"7\">7<\/option><option value=\"8\">8<\/option><option value=\"9\">9<\/option><option value=\"10\">10<\/option><option value=\"11\">11<\/option><option value=\"12\">12<\/option><option value=\"13\">13<\/option><option value=\"14\">14<\/option><option value=\"15\">15<\/option><option value=\"16\">16<\/option><option value=\"17\">17<\/option><option value=\"18\">18<\/option><option value=\"19\">19<\/option><option value=\"20\">20<\/option><option value=\"21\">21<\/option><option value=\"22\">22<\/option><option value=\"23\">23<\/option><option value=\"24\">24<\/option><option value=\"+ of 25\">+ of 25<\/option><\/select><\/span>\n\t\t<\/p>\n\t<\/div>\n\n\n <!-- Line break -->\n\t<div class=\"form-group\">\n\t\t<p><label for=\"requisitos\">Questions or comments about the event:<\/label><br \/>\n<span class=\"wpcf7-form-control-wrap\" data-name=\"requisitos\"><input size=\"40\" maxlength=\"400\" class=\"wpcf7-form-control wpcf7-text\" id=\"requisitos\" aria-invalid=\"false\" placeholder=\"\" value=\"\" type=\"text\" name=\"requisitos\" \/><\/span>\n\t\t<\/p>\n\t<\/div>\n\t<div class=\"form-group\">\n\t\t<p><span class=\"wpcf7-form-control-wrap\" data-name=\"capital-quiz\"><label><span class=\"wpcf7-quiz-label\">Security question, 6 - 4?<\/span> <input size=\"40\" class=\"wpcf7-form-control wpcf7-quiz\" autocomplete=\"off\" aria-required=\"true\" aria-invalid=\"false\" type=\"text\" name=\"capital-quiz\" \/><\/label><input type=\"hidden\" name=\"_wpcf7_quiz_answer_capital-quiz\" value=\"a901700dcc96c05d41d390acf8fc4ff5\" \/><\/span>\n\t\t<\/p>\n\t<\/div>\n\t<div>\n\t\t<p style=\"font-size: 13px; font-weight: 600;\">\u25ba Check the box and click send\n\t\t<\/p>\n\t\t<p><span class=\"wpcf7-form-control-wrap\" data-name=\"acceptance-185\"><span class=\"wpcf7-form-control wpcf7-acceptance\"><span class=\"wpcf7-list-item\"><input type=\"checkbox\" name=\"acceptance-185\" value=\"1\" aria-invalid=\"false\" \/><\/span><\/span><\/span> I have read and accept the <a target=\"blank\" href=\"\/politica-de-privacidad\/\"><strong><u>Privacy Policy<\/u><\/strong> and <\/a><a target=\"blank\" href=\"\/terminos-y-condiciones\/\"><strong><u>Terms and Conditions<\/u><\/strong><\/a><br \/>\n\t\t\n\t\t<\/p>\n\t\t<p><input class=\"wpcf7-form-control wpcf7-submit has-spinner\" type=\"submit\" value=\"Send\" \/>\n\t\t<\/p>\n\t<\/div>\n\t<div style=\"font-size: 12px; color: #555; margin-top: 15px;\">\n\t\t<p>This page is protected by reCAPTCHA, and the <a href=\"https:\/\/policies.google.com\/privacy\" target=\"_blank\">Privacy Policy<\/a> and <a href=\"https:\/\/policies.google.com\/terms\" target=\"_blank\">Terms of Service<\/a> from Google apply.\n\t\t<\/p>\n\t<\/div>\n<\/center><div class=\"wpcf7-response-output\" aria-hidden=\"true\"><\/div>\n<\/form>\n<\/div>\n<\/p>\n","protected":false},"excerpt":{"rendered":"<p>HIRE MALE STRIPPERS IN CITY AND PROVINCE OF LEON AVAILABLE TO PERFORM AT HEN NIGHTS We offer the best shows in the city of Leon at home\/apartment for groups. If it&#8217;s a special day like a Hen Do or a friend&#8217;s birthday, do not hesitate to hire a StrippersDeluxe show. Photo gallery of some of [&hellip;]<\/p>\n","protected":false},"author":1,"featured_media":0,"parent":6000,"menu_order":0,"comment_status":"closed","ping_status":"closed","template":"","meta":{"_acf_changed":false,"_uag_custom_page_level_css":"","site-sidebar-layout":"default","site-content-layout":"","ast-site-content-layout":"default","site-content-style":"default","site-sidebar-style":"default","ast-global-header-display":"","ast-banner-title-visibility":"","ast-main-header-display":"","ast-hfb-above-header-display":"","ast-hfb-below-header-display":"","ast-hfb-mobile-header-display":"","site-post-title":"","ast-breadcrumbs-content":"","ast-featured-img":"","footer-sml-layout":"","ast-disable-related-posts":"","theme-transparent-header-meta":"","adv-header-id-meta":"","stick-header-meta":"","header-above-stick-meta":"","header-main-stick-meta":"","header-below-stick-meta":"","astra-migrate-meta-layouts":"set","ast-page-background-enabled":"default","ast-page-background-meta":{"desktop":{"background-color":"","background-image":"","background-repeat":"repeat","background-position":"center center","background-size":"auto","background-attachment":"scroll","background-type":"","background-media":"","overlay-type":"","overlay-color":"","overlay-opacity":"","overlay-gradient":""},"tablet":{"background-color":"","background-image":"","background-repeat":"repeat","background-position":"center center","background-size":"auto","background-attachment":"scroll","background-type":"","background-media":"","overlay-type":"","overlay-color":"","overlay-opacity":"","overlay-gradient":""},"mobile":{"background-color":"","background-image":"","background-repeat":"repeat","background-position":"center center","background-size":"auto","background-attachment":"scroll","background-type":"","background-media":"","overlay-type":"","overlay-color":"","overlay-opacity":"","overlay-gradient":""}},"ast-content-background-meta":{"desktop":{"background-color":"var(--ast-global-color-5)","background-image":"","background-repeat":"repeat","background-position":"center center","background-size":"auto","background-attachment":"scroll","background-type":"","background-media":"","overlay-type":"","overlay-color":"","overlay-opacity":"","overlay-gradient":""},"tablet":{"background-color":"var(--ast-global-color-5)","background-image":"","background-repeat":"repeat","background-position":"center center","background-size":"auto","background-attachment":"scroll","background-type":"","background-media":"","overlay-type":"","overlay-color":"","overlay-opacity":"","overlay-gradient":""},"mobile":{"background-color":"var(--ast-global-color-5)","background-image":"","background-repeat":"repeat","background-position":"center center","background-size":"auto","background-attachment":"scroll","background-type":"","background-media":"","overlay-type":"","overlay-color":"","overlay-opacity":"","overlay-gradient":""}},"footnotes":""},"class_list":["post-6202","page","type-page","status-publish","hentry"],"acf":[],"yoast_head":"<!-- This site is optimized with the Yoast SEO plugin v27.3 - https:\/\/yoast.com\/product\/yoast-seo-wordpress\/ -->\n<title>Male Stripper Leon Spain for hiring - Book in advance<\/title>\n<meta name=\"description\" content=\"Male Stripper Show for hiring in Leon, Spain, for Bachelorette party or hen party in Spain. Ask information today to hire a male stripper show.\" \/>\n<meta name=\"robots\" content=\"index, follow, max-snippet:-1, max-image-preview:large, max-video-preview:-1\" \/>\n<link rel=\"canonical\" href=\"https:\/\/strippersdeluxe.es\/en\/chicos-stripers\/leon\/\" \/>\n<meta property=\"og:locale\" content=\"en_US\" \/>\n<meta property=\"og:type\" content=\"article\" \/>\n<meta property=\"og:title\" content=\"Male Stripper Leon Spain for hiring - Book in advance\" \/>\n<meta property=\"og:description\" content=\"Male Stripper Show for hiring in Leon, Spain, for Bachelorette party or hen party in Spain. Ask information today to hire a male stripper show.\" \/>\n<meta property=\"og:url\" content=\"https:\/\/strippersdeluxe.es\/en\/chicos-stripers\/leon\/\" \/>\n<meta property=\"og:site_name\" content=\"StrippersDeluxe\" \/>\n<meta property=\"article:publisher\" content=\"https:\/\/www.facebook.com\/StripDelux\/\" \/>\n<meta property=\"article:modified_time\" content=\"2026-01-07T12:19:16+00:00\" \/>\n<meta property=\"og:image\" content=\"https:\/\/strippersdeluxe.es\/wp-content\/uploads\/2017\/02\/Pamplona-StrippersDeluxe.jpg\" \/>\n\t<meta property=\"og:image:width\" content=\"279\" \/>\n\t<meta property=\"og:image:height\" content=\"151\" \/>\n\t<meta property=\"og:image:type\" content=\"image\/jpeg\" \/>\n<meta name=\"twitter:label1\" content=\"Est. reading time\" \/>\n\t<meta name=\"twitter:data1\" content=\"3 minutes\" \/>\n<!-- \/ Yoast SEO plugin. -->","yoast_head_json":{"title":"Male Stripper Leon Spain for hiring - Book in advance","description":"Male Stripper Show for hiring in Leon, Spain, for Bachelorette party or hen party in Spain. Ask information today to hire a male stripper show.","robots":{"index":"index","follow":"follow","max-snippet":"max-snippet:-1","max-image-preview":"max-image-preview:large","max-video-preview":"max-video-preview:-1"},"canonical":"https:\/\/strippersdeluxe.es\/en\/chicos-stripers\/leon\/","og_locale":"en_US","og_type":"article","og_title":"Male Stripper Leon Spain for hiring - Book in advance","og_description":"Male Stripper Show for hiring in Leon, Spain, for Bachelorette party or hen party in Spain. Ask information today to hire a male stripper show.","og_url":"https:\/\/strippersdeluxe.es\/en\/chicos-stripers\/leon\/","og_site_name":"StrippersDeluxe","article_publisher":"https:\/\/www.facebook.com\/StripDelux\/","article_modified_time":"2026-01-07T12:19:16+00:00","og_image":[{"width":279,"height":151,"url":"https:\/\/strippersdeluxe.es\/wp-content\/uploads\/2017\/02\/Pamplona-StrippersDeluxe.jpg","type":"image\/jpeg"}],"twitter_misc":{"Est. reading time":"3 minutes"},"schema":{"@context":"https:\/\/schema.org","@graph":[{"@type":"WebPage","@id":"https:\/\/strippersdeluxe.es\/en\/chicos-stripers\/leon\/","url":"https:\/\/strippersdeluxe.es\/en\/chicos-stripers\/leon\/","name":"Male Stripper Leon Spain for hiring - Book in advance","isPartOf":{"@id":"https:\/\/strippersdeluxe.es\/en\/#website"},"primaryImageOfPage":{"@id":"https:\/\/strippersdeluxe.es\/en\/chicos-stripers\/leon\/#primaryimage"},"image":{"@id":"https:\/\/strippersdeluxe.es\/en\/chicos-stripers\/leon\/#primaryimage"},"thumbnailUrl":"https:\/\/strippersdeluxe.es\/wp-content\/uploads\/2020\/01\/leon.jpg","datePublished":"2023-01-23T19:26:27+00:00","dateModified":"2026-01-07T12:19:16+00:00","description":"Male Stripper Show for hiring in Leon, Spain, for Bachelorette party or hen party in Spain. Ask information today to hire a male stripper show.","breadcrumb":{"@id":"https:\/\/strippersdeluxe.es\/en\/chicos-stripers\/leon\/#breadcrumb"},"inLanguage":"en-US","potentialAction":[{"@type":"ReadAction","target":["https:\/\/strippersdeluxe.es\/en\/chicos-stripers\/leon\/"]}]},{"@type":"ImageObject","inLanguage":"en-US","@id":"https:\/\/strippersdeluxe.es\/en\/chicos-stripers\/leon\/#primaryimage","url":"https:\/\/strippersdeluxe.es\/wp-content\/uploads\/2020\/01\/leon.jpg","contentUrl":"https:\/\/strippersdeluxe.es\/wp-content\/uploads\/2020\/01\/leon.jpg"},{"@type":"BreadcrumbList","@id":"https:\/\/strippersdeluxe.es\/en\/chicos-stripers\/leon\/#breadcrumb","itemListElement":[{"@type":"ListItem","position":1,"name":"Portada","item":"https:\/\/strippersdeluxe.es\/en\/"},{"@type":"ListItem","position":2,"name":"Male Strippers","item":"https:\/\/strippersdeluxe.es\/en\/chicos-stripers\/"}]},{"@type":"WebSite","@id":"https:\/\/strippersdeluxe.es\/en\/#website","url":"https:\/\/strippersdeluxe.es\/en\/","name":"StrippersDeluxe","description":"Organizaci\u00f3n de eventos, despedidas de soltero y soltera, cabar\u00e9 y espect\u00e1culos[:en]Organizaci\u00f3n de eventos, despedidas de soltero y soltera, y espect\u00e1culos","publisher":{"@id":"https:\/\/strippersdeluxe.es\/en\/#organization"},"potentialAction":[{"@type":"SearchAction","target":{"@type":"EntryPoint","urlTemplate":"https:\/\/strippersdeluxe.es\/en\/?s={search_term_string}"},"query-input":{"@type":"PropertyValueSpecification","valueRequired":true,"valueName":"search_term_string"}}],"inLanguage":"en-US"},{"@type":"Organization","@id":"https:\/\/strippersdeluxe.es\/en\/#organization","name":"StrippersDeluxe","url":"https:\/\/strippersdeluxe.es\/en\/","logo":{"@type":"ImageObject","inLanguage":"en-US","@id":"https:\/\/strippersdeluxe.es\/en\/#\/schema\/logo\/image\/","url":"https:\/\/strippersdeluxe.es\/wp-content\/uploads\/2024\/10\/cropped-cropped-LOGO-1.png","contentUrl":"https:\/\/strippersdeluxe.es\/wp-content\/uploads\/2024\/10\/cropped-cropped-LOGO-1.png","width":1000,"height":516,"caption":"StrippersDeluxe"},"image":{"@id":"https:\/\/strippersdeluxe.es\/en\/#\/schema\/logo\/image\/"},"sameAs":["https:\/\/www.facebook.com\/StripDelux\/","https:\/\/x.com\/strippersdeluxe","https:\/\/www.instagram.com\/strippersdeluxe\/","https:\/\/www.youtube.com\/strippersdeluxe"]}]}},"uagb_featured_image_src":{"full":false,"thumbnail":false,"medium":false,"medium_large":false,"large":false,"1536x1536":false,"2048x2048":false},"uagb_author_info":{"display_name":"strippersdeluxe","author_link":"https:\/\/strippersdeluxe.es\/en\/author\/admin\/"},"uagb_comment_info":0,"uagb_excerpt":"HIRE MALE STRIPPERS IN CITY AND PROVINCE OF LEON AVAILABLE TO PERFORM AT HEN NIGHTS We offer the best shows in the city of Leon at home\/apartment for groups. If it&#8217;s a special day like a Hen Do or a friend&#8217;s birthday, do not hesitate to hire a StrippersDeluxe show. Photo gallery of some of&hellip;","_links":{"self":[{"href":"https:\/\/strippersdeluxe.es\/en\/wp-json\/wp\/v2\/pages\/6202","targetHints":{"allow":["GET"]}}],"collection":[{"href":"https:\/\/strippersdeluxe.es\/en\/wp-json\/wp\/v2\/pages"}],"about":[{"href":"https:\/\/strippersdeluxe.es\/en\/wp-json\/wp\/v2\/types\/page"}],"author":[{"embeddable":true,"href":"https:\/\/strippersdeluxe.es\/en\/wp-json\/wp\/v2\/users\/1"}],"replies":[{"embeddable":true,"href":"https:\/\/strippersdeluxe.es\/en\/wp-json\/wp\/v2\/comments?post=6202"}],"version-history":[{"count":1,"href":"https:\/\/strippersdeluxe.es\/en\/wp-json\/wp\/v2\/pages\/6202\/revisions"}],"predecessor-version":[{"id":11724,"href":"https:\/\/strippersdeluxe.es\/en\/wp-json\/wp\/v2\/pages\/6202\/revisions\/11724"}],"up":[{"embeddable":true,"href":"https:\/\/strippersdeluxe.es\/en\/wp-json\/wp\/v2\/pages\/6000"}],"wp:attachment":[{"href":"https:\/\/strippersdeluxe.es\/en\/wp-json\/wp\/v2\/media?parent=6202"}],"curies":[{"name":"wp","href":"https:\/\/api.w.org\/{rel}","templated":true}]}}