{"id":6140,"date":"2018-07-25T09:22:44","date_gmt":"2018-07-25T09:22:44","guid":{"rendered":"https:\/\/strippersdeluxe.es\/vitoria-gasteiz-restaurants\/"},"modified":"2024-10-17T08:12:30","modified_gmt":"2024-10-17T08:12:30","slug":"vitoria-gasteiz","status":"publish","type":"page","link":"https:\/\/strippersdeluxe.es\/en\/restaurantes-para-despedida-o-eventos\/vitoria-gasteiz\/","title":{"rendered":"Vitoria-Gasteiz Restaurants"},"content":{"rendered":"<style>\n\/* Style for links inside the div with the class \"restaurants\" *\/\ndiv.restaurants ul li a {\n    display: block;\n    padding: 10px;\n    margin: 10px;\n    font-size: 14px;\n    font-weight: 600;\n    border-radius: 10px;\n    text-align: center;\n    background: #ffffff; \/* White background *\/\n    color: #333; \/* Text color *\/\n    text-decoration: none;\n    box-shadow: rgba(0, 0, 0, 0.15) 0px 5px 12px !important; \/* Shadow *\/\n    transition: background-color 0.3s, transform 0.3s;\n}<\/p>\n<p>div.restaurants ul li a:hover {\n    background: #f5f5f5 !important; \/* Change background color on hover *\/\n    transform: scale(0.95); \/* Slightly enlarge on hover *\/\n}<\/p>\n<\/style>\n<p>In <strong>Vitoria-Gasteiz<\/strong>, capital of Alava, we offer dinner and show in two different restaurants. Menus of quality group of traditional Basque and Spanish food. Two restaurants ideal for celebrating Stag parties, birthday, etc. with a unique show by our artists. Where?:<\/p>\n<div class=\"restaurants\">\n<ul>\n<li><a href=\"\/en\/despedida-soltero-vitoria-gasteiz-stripper-boy-espectaculo\/\">Option 1: Dinner and show. Click to see group menu. From \u20ac69*<\/a><\/li>\n<li><a href=\"\/en\/despedida-de-soltera-vitoria-cena-y-espectaculo\/\">Option 2: Dinner and show. Click to see group menu. From \u20ac59*<\/a><\/li>\n<\/ul>\n<p>* Check conditions in the link<\/p>\n<\/div>\n","protected":false},"excerpt":{"rendered":"<p>In Vitoria-Gasteiz, capital of Alava, we offer dinner and show in two different restaurants. Menus of quality group of traditional Basque and Spanish food. Two restaurants ideal for celebrating Stag parties, birthday, etc. with a unique show by our artists. Where?: Option 1: Dinner and show. Click to see group menu. From \u20ac69* Option 2: [&hellip;]<\/p>\n","protected":false},"author":1,"featured_media":0,"parent":6006,"menu_order":0,"comment_status":"closed","ping_status":"closed","template":"","meta":{"_acf_changed":false,"_uag_custom_page_level_css":"","site-sidebar-layout":"default","site-content-layout":"","ast-site-content-layout":"default","site-content-style":"default","site-sidebar-style":"default","ast-global-header-display":"","ast-banner-title-visibility":"","ast-main-header-display":"","ast-hfb-above-header-display":"","ast-hfb-below-header-display":"","ast-hfb-mobile-header-display":"","site-post-title":"","ast-breadcrumbs-content":"","ast-featured-img":"","footer-sml-layout":"","ast-disable-related-posts":"","theme-transparent-header-meta":"","adv-header-id-meta":"","stick-header-meta":"","header-above-stick-meta":"","header-main-stick-meta":"","header-below-stick-meta":"","astra-migrate-meta-layouts":"set","ast-page-background-enabled":"default","ast-page-background-meta":{"desktop":{"background-color":"","background-image":"","background-repeat":"repeat","background-position":"center center","background-size":"auto","background-attachment":"scroll","background-type":"","background-media":"","overlay-type":"","overlay-color":"","overlay-opacity":"","overlay-gradient":""},"tablet":{"background-color":"","background-image":"","background-repeat":"repeat","background-position":"center center","background-size":"auto","background-attachment":"scroll","background-type":"","background-media":"","overlay-type":"","overlay-color":"","overlay-opacity":"","overlay-gradient":""},"mobile":{"background-color":"","background-image":"","background-repeat":"repeat","background-position":"center center","background-size":"auto","background-attachment":"scroll","background-type":"","background-media":"","overlay-type":"","overlay-color":"","overlay-opacity":"","overlay-gradient":""}},"ast-content-background-meta":{"desktop":{"background-color":"var(--ast-global-color-5)","background-image":"","background-repeat":"repeat","background-position":"center center","background-size":"auto","background-attachment":"scroll","background-type":"","background-media":"","overlay-type":"","overlay-color":"","overlay-opacity":"","overlay-gradient":""},"tablet":{"background-color":"var(--ast-global-color-5)","background-image":"","background-repeat":"repeat","background-position":"center center","background-size":"auto","background-attachment":"scroll","background-type":"","background-media":"","overlay-type":"","overlay-color":"","overlay-opacity":"","overlay-gradient":""},"mobile":{"background-color":"var(--ast-global-color-5)","background-image":"","background-repeat":"repeat","background-position":"center center","background-size":"auto","background-attachment":"scroll","background-type":"","background-media":"","overlay-type":"","overlay-color":"","overlay-opacity":"","overlay-gradient":""}},"footnotes":""},"class_list":["post-6140","page","type-page","status-publish","hentry"],"acf":[],"yoast_head":"<!-- This site is optimized with the Yoast SEO plugin v27.3 - https:\/\/yoast.com\/product\/yoast-seo-wordpress\/ -->\n<title>Dinner and Show for Stag or Hen party in Alava - Spain<\/title>\n<meta name=\"description\" content=\"In Vitoria-Gasteiz, capital of Alava, we offer dinner and show in two different restaurants. Two restaurants ideal for celebrating Stag and hen parties, birthday, etc.\" \/>\n<meta name=\"robots\" content=\"index, follow, max-snippet:-1, max-image-preview:large, max-video-preview:-1\" \/>\n<link rel=\"canonical\" href=\"https:\/\/strippersdeluxe.es\/en\/restaurantes-para-despedida-o-eventos\/vitoria-gasteiz\/\" \/>\n<meta property=\"og:locale\" content=\"en_US\" \/>\n<meta property=\"og:type\" content=\"article\" \/>\n<meta property=\"og:title\" content=\"Dinner and Show for Stag or Hen party in Alava - Spain\" \/>\n<meta property=\"og:description\" content=\"In Vitoria-Gasteiz, capital of Alava, we offer dinner and show in two different restaurants. Two restaurants ideal for celebrating Stag and hen parties, birthday, etc.\" \/>\n<meta property=\"og:url\" content=\"https:\/\/strippersdeluxe.es\/en\/restaurantes-para-despedida-o-eventos\/vitoria-gasteiz\/\" \/>\n<meta property=\"og:site_name\" content=\"StrippersDeluxe\" \/>\n<meta property=\"article:publisher\" content=\"https:\/\/www.facebook.com\/StripDelux\/\" \/>\n<meta property=\"article:modified_time\" content=\"2024-10-17T08:12:30+00:00\" \/>\n<meta name=\"twitter:label1\" content=\"Est. reading time\" \/>\n\t<meta name=\"twitter:data1\" content=\"1 minute\" \/>\n<!-- \/ Yoast SEO plugin. -->","yoast_head_json":{"title":"Dinner and Show for Stag or Hen party in Alava - Spain","description":"In Vitoria-Gasteiz, capital of Alava, we offer dinner and show in two different restaurants. Two restaurants ideal for celebrating Stag and hen parties, birthday, etc.","robots":{"index":"index","follow":"follow","max-snippet":"max-snippet:-1","max-image-preview":"max-image-preview:large","max-video-preview":"max-video-preview:-1"},"canonical":"https:\/\/strippersdeluxe.es\/en\/restaurantes-para-despedida-o-eventos\/vitoria-gasteiz\/","og_locale":"en_US","og_type":"article","og_title":"Dinner and Show for Stag or Hen party in Alava - Spain","og_description":"In Vitoria-Gasteiz, capital of Alava, we offer dinner and show in two different restaurants. Two restaurants ideal for celebrating Stag and hen parties, birthday, etc.","og_url":"https:\/\/strippersdeluxe.es\/en\/restaurantes-para-despedida-o-eventos\/vitoria-gasteiz\/","og_site_name":"StrippersDeluxe","article_publisher":"https:\/\/www.facebook.com\/StripDelux\/","article_modified_time":"2024-10-17T08:12:30+00:00","twitter_misc":{"Est. reading time":"1 minute"},"schema":{"@context":"https:\/\/schema.org","@graph":[{"@type":"WebPage","@id":"https:\/\/strippersdeluxe.es\/en\/restaurantes-para-despedida-o-eventos\/vitoria-gasteiz\/","url":"https:\/\/strippersdeluxe.es\/en\/restaurantes-para-despedida-o-eventos\/vitoria-gasteiz\/","name":"Dinner and Show for Stag or Hen party in Alava - Spain","isPartOf":{"@id":"https:\/\/strippersdeluxe.es\/en\/#website"},"datePublished":"2018-07-25T09:22:44+00:00","dateModified":"2024-10-17T08:12:30+00:00","description":"In Vitoria-Gasteiz, capital of Alava, we offer dinner and show in two different restaurants. Two restaurants ideal for celebrating Stag and hen parties, birthday, etc.","breadcrumb":{"@id":"https:\/\/strippersdeluxe.es\/en\/restaurantes-para-despedida-o-eventos\/vitoria-gasteiz\/#breadcrumb"},"inLanguage":"en-US","potentialAction":[{"@type":"ReadAction","target":["https:\/\/strippersdeluxe.es\/en\/restaurantes-para-despedida-o-eventos\/vitoria-gasteiz\/"]}]},{"@type":"BreadcrumbList","@id":"https:\/\/strippersdeluxe.es\/en\/restaurantes-para-despedida-o-eventos\/vitoria-gasteiz\/#breadcrumb","itemListElement":[{"@type":"ListItem","position":1,"name":"Portada","item":"https:\/\/strippersdeluxe.es\/en\/"},{"@type":"ListItem","position":2,"name":"Dinner and private Show for groups","item":"https:\/\/strippersdeluxe.es\/en\/restaurantes-para-despedida-o-eventos\/"},{"@type":"ListItem","position":3,"name":"Vitoria-Gasteiz Restaurants"}]},{"@type":"WebSite","@id":"https:\/\/strippersdeluxe.es\/en\/#website","url":"https:\/\/strippersdeluxe.es\/en\/","name":"StrippersDeluxe","description":"Organizaci\u00f3n de eventos, despedidas de soltero y soltera, cabar\u00e9 y espect\u00e1culos[:en]Organizaci\u00f3n de eventos, despedidas de soltero y soltera, y espect\u00e1culos","publisher":{"@id":"https:\/\/strippersdeluxe.es\/en\/#organization"},"potentialAction":[{"@type":"SearchAction","target":{"@type":"EntryPoint","urlTemplate":"https:\/\/strippersdeluxe.es\/en\/?s={search_term_string}"},"query-input":{"@type":"PropertyValueSpecification","valueRequired":true,"valueName":"search_term_string"}}],"inLanguage":"en-US"},{"@type":"Organization","@id":"https:\/\/strippersdeluxe.es\/en\/#organization","name":"StrippersDeluxe","url":"https:\/\/strippersdeluxe.es\/en\/","logo":{"@type":"ImageObject","inLanguage":"en-US","@id":"https:\/\/strippersdeluxe.es\/en\/#\/schema\/logo\/image\/","url":"https:\/\/strippersdeluxe.es\/wp-content\/uploads\/2024\/10\/cropped-cropped-LOGO-1.png","contentUrl":"https:\/\/strippersdeluxe.es\/wp-content\/uploads\/2024\/10\/cropped-cropped-LOGO-1.png","width":1000,"height":516,"caption":"StrippersDeluxe"},"image":{"@id":"https:\/\/strippersdeluxe.es\/en\/#\/schema\/logo\/image\/"},"sameAs":["https:\/\/www.facebook.com\/StripDelux\/","https:\/\/x.com\/strippersdeluxe","https:\/\/www.instagram.com\/strippersdeluxe\/","https:\/\/www.youtube.com\/strippersdeluxe"]}]}},"uagb_featured_image_src":{"full":false,"thumbnail":false,"medium":false,"medium_large":false,"large":false,"1536x1536":false,"2048x2048":false},"uagb_author_info":{"display_name":"strippersdeluxe","author_link":"https:\/\/strippersdeluxe.es\/en\/author\/admin\/"},"uagb_comment_info":0,"uagb_excerpt":"In Vitoria-Gasteiz, capital of Alava, we offer dinner and show in two different restaurants. Menus of quality group of traditional Basque and Spanish food. Two restaurants ideal for celebrating Stag parties, birthday, etc. with a unique show by our artists. Where?: Option 1: Dinner and show. Click to see group menu. From \u20ac69* Option 2:&hellip;","_links":{"self":[{"href":"https:\/\/strippersdeluxe.es\/en\/wp-json\/wp\/v2\/pages\/6140","targetHints":{"allow":["GET"]}}],"collection":[{"href":"https:\/\/strippersdeluxe.es\/en\/wp-json\/wp\/v2\/pages"}],"about":[{"href":"https:\/\/strippersdeluxe.es\/en\/wp-json\/wp\/v2\/types\/page"}],"author":[{"embeddable":true,"href":"https:\/\/strippersdeluxe.es\/en\/wp-json\/wp\/v2\/users\/1"}],"replies":[{"embeddable":true,"href":"https:\/\/strippersdeluxe.es\/en\/wp-json\/wp\/v2\/comments?post=6140"}],"version-history":[{"count":0,"href":"https:\/\/strippersdeluxe.es\/en\/wp-json\/wp\/v2\/pages\/6140\/revisions"}],"up":[{"embeddable":true,"href":"https:\/\/strippersdeluxe.es\/en\/wp-json\/wp\/v2\/pages\/6006"}],"wp:attachment":[{"href":"https:\/\/strippersdeluxe.es\/en\/wp-json\/wp\/v2\/media?parent=6140"}],"curies":[{"name":"wp","href":"https:\/\/api.w.org\/{rel}","templated":true}]}}