{"id":6120,"date":"2018-04-17T11:54:07","date_gmt":"2018-04-17T11:54:07","guid":{"rendered":"https:\/\/strippersdeluxe.es\/6120-2\/"},"modified":"2024-10-10T09:12:01","modified_gmt":"2024-10-10T09:12:01","slug":"larioja","status":"publish","type":"page","link":"https:\/\/strippersdeluxe.es\/en\/chicos-stripers\/larioja\/","title":{"rendered":"<!\u2013La Rioja\u2013>"},"content":{"rendered":"<h1>&nbsp;<strong>HIRE MALE STRIPPERS IN LOGRO\u00d1O AND LA RIOJA AVAILABLE TO PERFORM AT HEN&nbsp;NIGHTS<a href=\"https:\/\/strippersdeluxe.es\/wp-content\/uploads\/2017\/02\/Logrono-despedida-de-solter.jpg\"><img loading=\"lazy\" decoding=\"async\" class=\"size-full wp-image-1220 alignright\" src=\"https:\/\/strippersdeluxe.es\/wp-content\/uploads\/2017\/02\/Logrono-despedida-de-solter.jpg\" alt=\"\" width=\"279\" height=\"151\"><\/a><\/strong><\/h1>\n<h3>We offer the best shows in the city of Logro\u00f1o, and in the rest of towns in La Rioja at home for groups.<\/h3>\n<p>If it&#8217;s a special day like a Hen Do or a friend&#8217;s birthday, do not hesitate to hire a StrippersDeluxe show.<\/p>\n<p>[ngg_images source=&#8221;galleries&#8221; container_ids=&#8221;9&#8243; display_type=&#8221;photocrati-nextgen_basic_thumbnails&#8221; override_thumbnail_settings=&#8221;0&#8243; thumbnail_width=&#8221;240&#8243; thumbnail_height=&#8221;160&#8243; thumbnail_crop=&#8221;1&#8243; images_per_page=&#8221;20&#8243; number_of_columns=&#8221;3&#8243; ajax_pagination=&#8221;0&#8243; show_all_in_lightbox=&#8221;0&#8243; use_imagebrowser_effect=&#8221;0&#8243; show_slideshow_link=&#8221;1&#8243; slideshow_link_text=&#8221;[Mostrar presentaci\u00f3n de diapositivas]&#8221; order_by=&#8221;sortorder&#8221; order_direction=&#8221;ASC&#8221; returns=&#8221;included&#8221; maximum_entity_count=&#8221;500&#8243;]<\/p>\n<h3><strong>We work in other towns within La Rioja<\/strong><strong>:&nbsp;<\/strong>Logro\u00f1o, Calahorra, Haro, Arnedo, etc.<\/h3>\n\n<div class=\"wpcf7 no-js\" id=\"wpcf7-f3791-o1\" lang=\"es-ES\" dir=\"ltr\" data-wpcf7-id=\"3791\">\n<div class=\"screen-reader-response\"><p role=\"status\" aria-live=\"polite\" aria-atomic=\"true\"><\/p> <ul><\/ul><\/div>\n<form action=\"\/en\/wp-json\/wp\/v2\/pages\/6120#wpcf7-f3791-o1\" method=\"post\" class=\"wpcf7-form init\" aria-label=\"Formulario de contacto\" novalidate=\"novalidate\" data-status=\"init\">\n<fieldset class=\"hidden-fields-container\"><input type=\"hidden\" name=\"_wpcf7\" value=\"3791\" \/><input type=\"hidden\" name=\"_wpcf7_version\" value=\"6.1.4\" \/><input type=\"hidden\" name=\"_wpcf7_locale\" value=\"es_ES\" \/><input type=\"hidden\" name=\"_wpcf7_unit_tag\" value=\"wpcf7-f3791-o1\" \/><input type=\"hidden\" name=\"_wpcf7_container_post\" value=\"0\" \/><input type=\"hidden\" name=\"_wpcf7_posted_data_hash\" value=\"\" \/><input type=\"hidden\" name=\"_wpcf7_recaptcha_response\" value=\"\" \/>\n<\/fieldset>\n<center>\n\t<div class=\"form group\">\n\t\t<p><label> Name*<br \/>\n<span class=\"wpcf7-form-control-wrap\" data-name=\"name_st\"><input size=\"40\" maxlength=\"400\" class=\"wpcf7-form-control wpcf7-text wpcf7-validates-as-required\" aria-required=\"true\" aria-invalid=\"false\" value=\"\" type=\"text\" name=\"name_st\" \/><\/span><\/label>\n\t\t<\/p>\n\t<\/div>\n\t<div class=\"form group\">\n\t\t<p><label> Phone Number with international prefix (UK +44, Germany +49,etc)*<br \/>\n<span class=\"wpcf7-form-control-wrap\" data-name=\"tel_st\"><input size=\"40\" maxlength=\"400\" class=\"wpcf7-form-control wpcf7-text wpcf7-validates-as-required\" aria-required=\"true\" aria-invalid=\"false\" value=\"\" type=\"text\" name=\"tel_st\" \/><\/span> <\/label>\n\t\t<\/p>\n\t<\/div>\n\t<div class=\"form group\">\n\t\t<p><label> Email*<br \/>\n<span class=\"wpcf7-form-control-wrap\" data-name=\"email_st\"><input size=\"40\" maxlength=\"400\" class=\"wpcf7-form-control wpcf7-email wpcf7-validates-as-required wpcf7-text wpcf7-validates-as-email\" aria-required=\"true\" aria-invalid=\"false\" value=\"\" type=\"email\" name=\"email_st\" \/><\/span> <\/label>\n\t\t<\/p>\n\t<\/div>\n\t<div class=\"form group\">\n\t\t<p>Select date:<br \/>\n<span class=\"wpcf7-form-control-wrap\" data-name=\"date\"><input class=\"wpcf7-form-control wpcf7-date wpcf7-validates-as-required wpcf7-validates-as-date\" id=\"fecha\" aria-required=\"true\" aria-invalid=\"false\" placeholder=\"Date*\" value=\"\" type=\"date\" name=\"date\" \/><\/span>\n\t\t<\/p>\n\t<\/div>\n\n\n\nDesired time:\n\t<p><span class=\"wpcf7-form-control-wrap\" data-name=\"horaaproximada\"><input size=\"40\" maxlength=\"400\" class=\"wpcf7-form-control wpcf7-text wpcf7-validates-as-required\" aria-required=\"true\" aria-invalid=\"false\" placeholder=\"Approximate time or timings for the show\" value=\"\" type=\"text\" name=\"horaaproximada\" \/><\/span>\n\t<\/p>\n\t<p>City of the event:<br \/>\n<span class=\"wpcf7-form-control-wrap\" data-name=\"ciudad\"><input size=\"40\" maxlength=\"400\" class=\"wpcf7-form-control wpcf7-text wpcf7-validates-as-required\" aria-required=\"true\" aria-invalid=\"false\" placeholder=\"Example: Indicate city or town\" value=\"\" type=\"text\" name=\"ciudad\" \/><\/span>\n\t<\/p>\n\t<p>Venue of the event:<br \/>\n<span class=\"wpcf7-form-control-wrap\" data-name=\"Lugardelevento\"><input size=\"40\" maxlength=\"400\" class=\"wpcf7-form-control wpcf7-text wpcf7-validates-as-required\" aria-required=\"true\" aria-invalid=\"false\" placeholder=\"Example: Villa, holiday apartment, hotel, etc\" value=\"\" type=\"text\" name=\"Lugardelevento\" \/><\/span>\n\t<\/p>\n\t<p>Exact address:<br \/>\n<span class=\"wpcf7-form-control-wrap\" data-name=\"Direccinexacta\"><input size=\"40\" maxlength=\"400\" class=\"wpcf7-form-control wpcf7-text\" aria-invalid=\"false\" value=\"\" type=\"text\" name=\"Direccinexacta\" \/><\/span>\n\t<\/p>\n\t<p>Type of celebration:<br \/>\n<span class=\"wpcf7-form-control-wrap\" data-name=\"tipodecelebracion\"><input size=\"40\" maxlength=\"400\" class=\"wpcf7-form-control wpcf7-text\" aria-invalid=\"false\" placeholder=\"Example: Hen Do, friend&#039;s birthday, etc\" value=\"\" type=\"text\" name=\"tipodecelebracion\" \/><\/span>\n\t<\/p>\n\t<p>Attendees:<br \/>\n<span class=\"wpcf7-form-control-wrap\" data-name=\"menu\"><select class=\"wpcf7-form-control wpcf7-select\" aria-invalid=\"false\" name=\"menu\"><option value=\"4\">4<\/option><option value=\"5\">5<\/option><option value=\"6\">6<\/option><option value=\"7\">7<\/option><option value=\"8\">8<\/option><option value=\"9\">9<\/option><option value=\"10\">10<\/option><option value=\"11\">11<\/option><option value=\"12\">12<\/option><option value=\"13\">13<\/option><option value=\"14\">14<\/option><option value=\"15\">15<\/option><option value=\"16\">16<\/option><option value=\"17\">17<\/option><option value=\"18\">18<\/option><option value=\"19\">19<\/option><option value=\"20\">20<\/option><option value=\"21\">21<\/option><option value=\"22\">22<\/option><option value=\"23\">23<\/option><option value=\"24\">24<\/option><option value=\"+ de 25\">+ de 25<\/option><\/select><\/span>\n\t<\/p>\n\t<p>We are a group of: <span class=\"wpcf7-form-control-wrap\" data-name=\"grupode\"><span class=\"wpcf7-form-control wpcf7-radio\"><span class=\"wpcf7-list-item first\"><span class=\"wpcf7-list-item-label\">Girls<\/span><input type=\"radio\" name=\"grupode\" value=\"Girls\" checked=\"checked\" \/><\/span><span class=\"wpcf7-list-item\"><span class=\"wpcf7-list-item-label\">Guys<\/span><input type=\"radio\" name=\"grupode\" value=\"Guys\" \/><\/span><span class=\"wpcf7-list-item last\"><span class=\"wpcf7-list-item-label\">Both<\/span><input type=\"radio\" name=\"grupode\" value=\"Both\" \/><\/span><\/span><\/span>\n\t<\/p>\n\t<p><span class=\"wpcf7-form-control-wrap\" data-name=\"requisitos\"><input size=\"40\" maxlength=\"400\" class=\"wpcf7-form-control wpcf7-text\" aria-invalid=\"false\" placeholder=\"Questions or comments about the event\" value=\"\" type=\"text\" name=\"requisitos\" \/><\/span>\n\t<\/p>\n\t<div class=\"form-group\">\n\t<\/div>\n\t<p><b><span class=\"wpcf7-form-control-wrap\" data-name=\"capital-quiz\"><label><span class=\"wpcf7-quiz-label\">Security question, 4 + 2?<\/span> <input size=\"40\" class=\"wpcf7-form-control wpcf7-quiz\" autocomplete=\"off\" aria-required=\"true\" aria-invalid=\"false\" type=\"text\" name=\"capital-quiz\" \/><\/label><input type=\"hidden\" name=\"_wpcf7_quiz_answer_capital-quiz\" value=\"9d197b2eaa59a03c1b88d5a5e20c61f6\" \/><\/span><\/b><br \/>\n<span class=\"wpcf7-form-control-wrap\" data-name=\"acceptance-185\"><span class=\"wpcf7-form-control wpcf7-acceptance\"><span class=\"wpcf7-list-item\"><input type=\"checkbox\" name=\"acceptance-185\" value=\"1\" aria-invalid=\"false\" \/><\/span><\/span><\/span> I have read and accept the <a target=\"blank\" href=\" https:\/\/strippersdeluxe.es\/politica-de-privacidad\/\"><strong><u>Privacy Policy<\/u><\/strong> and <\/a><a target=\"blank\" href=\"https:\/\/strippersdeluxe.es\/terminos-y-condiciones\/\"><strong><u>the Terms & Conditions<\/u><\/strong><\/a><br \/>\n\t\n\t<\/p>\n\t<p><input class=\"wpcf7-form-control wpcf7-submit has-spinner\" type=\"submit\" value=\"Send\" \/>\n\t<\/p>\n<\/center><div class=\"wpcf7-response-output\" aria-hidden=\"true\"><\/div>\n<\/form>\n<\/div>\n\n","protected":false},"excerpt":{"rendered":"<p>&nbsp;HIRE MALE STRIPPERS IN LOGRO\u00d1O AND LA RIOJA AVAILABLE TO PERFORM AT HEN&nbsp;NIGHTS We offer the best shows in the city of Logro\u00f1o, and in the rest of towns in La Rioja at home for groups. If it&#8217;s a special day like a Hen Do or a friend&#8217;s birthday, do not hesitate to hire a [&hellip;]<\/p>\n","protected":false},"author":1,"featured_media":0,"parent":6000,"menu_order":0,"comment_status":"closed","ping_status":"closed","template":"","meta":{"_acf_changed":false,"_uag_custom_page_level_css":"","site-sidebar-layout":"default","site-content-layout":"","ast-site-content-layout":"default","site-content-style":"default","site-sidebar-style":"default","ast-global-header-display":"","ast-banner-title-visibility":"","ast-main-header-display":"","ast-hfb-above-header-display":"","ast-hfb-below-header-display":"","ast-hfb-mobile-header-display":"","site-post-title":"","ast-breadcrumbs-content":"","ast-featured-img":"","footer-sml-layout":"","ast-disable-related-posts":"","theme-transparent-header-meta":"","adv-header-id-meta":"","stick-header-meta":"","header-above-stick-meta":"","header-main-stick-meta":"","header-below-stick-meta":"","astra-migrate-meta-layouts":"default","ast-page-background-enabled":"default","ast-page-background-meta":{"desktop":{"background-color":"","background-image":"","background-repeat":"repeat","background-position":"center center","background-size":"auto","background-attachment":"scroll","background-type":"","background-media":"","overlay-type":"","overlay-color":"","overlay-opacity":"","overlay-gradient":""},"tablet":{"background-color":"","background-image":"","background-repeat":"repeat","background-position":"center center","background-size":"auto","background-attachment":"scroll","background-type":"","background-media":"","overlay-type":"","overlay-color":"","overlay-opacity":"","overlay-gradient":""},"mobile":{"background-color":"","background-image":"","background-repeat":"repeat","background-position":"center center","background-size":"auto","background-attachment":"scroll","background-type":"","background-media":"","overlay-type":"","overlay-color":"","overlay-opacity":"","overlay-gradient":""}},"ast-content-background-meta":{"desktop":{"background-color":"var(--ast-global-color-5)","background-image":"","background-repeat":"repeat","background-position":"center center","background-size":"auto","background-attachment":"scroll","background-type":"","background-media":"","overlay-type":"","overlay-color":"","overlay-opacity":"","overlay-gradient":""},"tablet":{"background-color":"var(--ast-global-color-5)","background-image":"","background-repeat":"repeat","background-position":"center center","background-size":"auto","background-attachment":"scroll","background-type":"","background-media":"","overlay-type":"","overlay-color":"","overlay-opacity":"","overlay-gradient":""},"mobile":{"background-color":"var(--ast-global-color-5)","background-image":"","background-repeat":"repeat","background-position":"center center","background-size":"auto","background-attachment":"scroll","background-type":"","background-media":"","overlay-type":"","overlay-color":"","overlay-opacity":"","overlay-gradient":""}},"footnotes":""},"class_list":["post-6120","page","type-page","status-publish","hentry"],"acf":[],"yoast_head":"<!-- This site is optimized with the Yoast SEO plugin v27.3 - https:\/\/yoast.com\/product\/yoast-seo-wordpress\/ -->\n<title>- StrippersDeluxe<\/title>\n<meta name=\"robots\" content=\"index, follow, max-snippet:-1, max-image-preview:large, max-video-preview:-1\" \/>\n<link rel=\"canonical\" href=\"https:\/\/strippersdeluxe.es\/en\/chicos-stripers\/larioja\/\" \/>\n<meta property=\"og:locale\" content=\"en_US\" \/>\n<meta property=\"og:type\" content=\"article\" \/>\n<meta property=\"og:title\" content=\"- StrippersDeluxe\" \/>\n<meta property=\"og:description\" content=\"&nbsp;HIRE MALE STRIPPERS IN LOGRO\u00d1O AND LA RIOJA AVAILABLE TO PERFORM AT HEN&nbsp;NIGHTS We offer the best shows in the city of Logro\u00f1o, and in the rest of towns in La Rioja at home for groups. If it&#8217;s a special day like a Hen Do or a friend&#8217;s birthday, do not hesitate to hire a [&hellip;]\" \/>\n<meta property=\"og:url\" content=\"https:\/\/strippersdeluxe.es\/en\/chicos-stripers\/larioja\/\" \/>\n<meta property=\"og:site_name\" content=\"StrippersDeluxe\" \/>\n<meta property=\"article:publisher\" content=\"https:\/\/www.facebook.com\/StripDelux\/\" \/>\n<meta property=\"article:modified_time\" content=\"2024-10-10T09:12:01+00:00\" \/>\n<meta property=\"og:image\" content=\"https:\/\/strippersdeluxe.es\/wp-content\/uploads\/2017\/02\/Logrono-despedida-de-solter.jpg\" \/>\n<meta name=\"twitter:label1\" content=\"Est. reading time\" \/>\n\t<meta name=\"twitter:data1\" content=\"1 minute\" \/>\n<!-- \/ Yoast SEO plugin. -->","yoast_head_json":{"title":"- StrippersDeluxe","robots":{"index":"index","follow":"follow","max-snippet":"max-snippet:-1","max-image-preview":"max-image-preview:large","max-video-preview":"max-video-preview:-1"},"canonical":"https:\/\/strippersdeluxe.es\/en\/chicos-stripers\/larioja\/","og_locale":"en_US","og_type":"article","og_title":"- StrippersDeluxe","og_description":"&nbsp;HIRE MALE STRIPPERS IN LOGRO\u00d1O AND LA RIOJA AVAILABLE TO PERFORM AT HEN&nbsp;NIGHTS We offer the best shows in the city of Logro\u00f1o, and in the rest of towns in La Rioja at home for groups. If it&#8217;s a special day like a Hen Do or a friend&#8217;s birthday, do not hesitate to hire a [&hellip;]","og_url":"https:\/\/strippersdeluxe.es\/en\/chicos-stripers\/larioja\/","og_site_name":"StrippersDeluxe","article_publisher":"https:\/\/www.facebook.com\/StripDelux\/","article_modified_time":"2024-10-10T09:12:01+00:00","og_image":[{"url":"https:\/\/strippersdeluxe.es\/wp-content\/uploads\/2017\/02\/Logrono-despedida-de-solter.jpg","type":"","width":"","height":""}],"twitter_misc":{"Est. reading time":"1 minute"},"schema":{"@context":"https:\/\/schema.org","@graph":[{"@type":"WebPage","@id":"https:\/\/strippersdeluxe.es\/en\/chicos-stripers\/larioja\/","url":"https:\/\/strippersdeluxe.es\/en\/chicos-stripers\/larioja\/","name":"- StrippersDeluxe","isPartOf":{"@id":"https:\/\/strippersdeluxe.es\/en\/#website"},"primaryImageOfPage":{"@id":"https:\/\/strippersdeluxe.es\/en\/chicos-stripers\/larioja\/#primaryimage"},"image":{"@id":"https:\/\/strippersdeluxe.es\/en\/chicos-stripers\/larioja\/#primaryimage"},"thumbnailUrl":"https:\/\/strippersdeluxe.es\/wp-content\/uploads\/2017\/02\/Logrono-despedida-de-solter.jpg","datePublished":"2018-04-17T11:54:07+00:00","dateModified":"2024-10-10T09:12:01+00:00","breadcrumb":{"@id":"https:\/\/strippersdeluxe.es\/en\/chicos-stripers\/larioja\/#breadcrumb"},"inLanguage":"en-US","potentialAction":[{"@type":"ReadAction","target":["https:\/\/strippersdeluxe.es\/en\/chicos-stripers\/larioja\/"]}]},{"@type":"ImageObject","inLanguage":"en-US","@id":"https:\/\/strippersdeluxe.es\/en\/chicos-stripers\/larioja\/#primaryimage","url":"https:\/\/strippersdeluxe.es\/wp-content\/uploads\/2017\/02\/Logrono-despedida-de-solter.jpg","contentUrl":"https:\/\/strippersdeluxe.es\/wp-content\/uploads\/2017\/02\/Logrono-despedida-de-solter.jpg"},{"@type":"BreadcrumbList","@id":"https:\/\/strippersdeluxe.es\/en\/chicos-stripers\/larioja\/#breadcrumb","itemListElement":[{"@type":"ListItem","position":1,"name":"Portada","item":"https:\/\/strippersdeluxe.es\/en\/"},{"@type":"ListItem","position":2,"name":"Male Strippers","item":"https:\/\/strippersdeluxe.es\/en\/chicos-stripers\/"}]},{"@type":"WebSite","@id":"https:\/\/strippersdeluxe.es\/en\/#website","url":"https:\/\/strippersdeluxe.es\/en\/","name":"StrippersDeluxe","description":"Organizaci\u00f3n de eventos, despedidas de soltero y soltera, cabar\u00e9 y espect\u00e1culos[:en]Organizaci\u00f3n de eventos, despedidas de soltero y soltera, y espect\u00e1culos","publisher":{"@id":"https:\/\/strippersdeluxe.es\/en\/#organization"},"potentialAction":[{"@type":"SearchAction","target":{"@type":"EntryPoint","urlTemplate":"https:\/\/strippersdeluxe.es\/en\/?s={search_term_string}"},"query-input":{"@type":"PropertyValueSpecification","valueRequired":true,"valueName":"search_term_string"}}],"inLanguage":"en-US"},{"@type":"Organization","@id":"https:\/\/strippersdeluxe.es\/en\/#organization","name":"StrippersDeluxe","url":"https:\/\/strippersdeluxe.es\/en\/","logo":{"@type":"ImageObject","inLanguage":"en-US","@id":"https:\/\/strippersdeluxe.es\/en\/#\/schema\/logo\/image\/","url":"https:\/\/strippersdeluxe.es\/wp-content\/uploads\/2024\/10\/cropped-cropped-LOGO-1.png","contentUrl":"https:\/\/strippersdeluxe.es\/wp-content\/uploads\/2024\/10\/cropped-cropped-LOGO-1.png","width":1000,"height":516,"caption":"StrippersDeluxe"},"image":{"@id":"https:\/\/strippersdeluxe.es\/en\/#\/schema\/logo\/image\/"},"sameAs":["https:\/\/www.facebook.com\/StripDelux\/","https:\/\/x.com\/strippersdeluxe","https:\/\/www.instagram.com\/strippersdeluxe\/","https:\/\/www.youtube.com\/strippersdeluxe"]}]}},"uagb_featured_image_src":{"full":false,"thumbnail":false,"medium":false,"medium_large":false,"large":false,"1536x1536":false,"2048x2048":false},"uagb_author_info":{"display_name":"strippersdeluxe","author_link":"https:\/\/strippersdeluxe.es\/en\/author\/admin\/"},"uagb_comment_info":0,"uagb_excerpt":"&nbsp;HIRE MALE STRIPPERS IN LOGRO\u00d1O AND LA RIOJA AVAILABLE TO PERFORM AT HEN&nbsp;NIGHTS We offer the best shows in the city of Logro\u00f1o, and in the rest of towns in La Rioja at home for groups. If it&#8217;s a special day like a Hen Do or a friend&#8217;s birthday, do not hesitate to hire a&hellip;","_links":{"self":[{"href":"https:\/\/strippersdeluxe.es\/en\/wp-json\/wp\/v2\/pages\/6120","targetHints":{"allow":["GET"]}}],"collection":[{"href":"https:\/\/strippersdeluxe.es\/en\/wp-json\/wp\/v2\/pages"}],"about":[{"href":"https:\/\/strippersdeluxe.es\/en\/wp-json\/wp\/v2\/types\/page"}],"author":[{"embeddable":true,"href":"https:\/\/strippersdeluxe.es\/en\/wp-json\/wp\/v2\/users\/1"}],"replies":[{"embeddable":true,"href":"https:\/\/strippersdeluxe.es\/en\/wp-json\/wp\/v2\/comments?post=6120"}],"version-history":[{"count":0,"href":"https:\/\/strippersdeluxe.es\/en\/wp-json\/wp\/v2\/pages\/6120\/revisions"}],"up":[{"embeddable":true,"href":"https:\/\/strippersdeluxe.es\/en\/wp-json\/wp\/v2\/pages\/6000"}],"wp:attachment":[{"href":"https:\/\/strippersdeluxe.es\/en\/wp-json\/wp\/v2\/media?parent=6120"}],"curies":[{"name":"wp","href":"https:\/\/api.w.org\/{rel}","templated":true}]}}