{"id":6108,"date":"2017-04-11T18:05:22","date_gmt":"2017-04-11T18:05:22","guid":{"rendered":"https:\/\/strippersdeluxe.es\/restaurants-pontevedra\/"},"modified":"2024-10-19T09:41:10","modified_gmt":"2024-10-19T09:41:10","slug":"pontevedra","status":"publish","type":"page","link":"https:\/\/strippersdeluxe.es\/en\/restaurantes-para-despedida-o-eventos\/pontevedra\/","title":{"rendered":"<center>Restaurants Pontevedra<\/center>"},"content":{"rendered":"<style>\n\/* Style for links inside the div with the class \"restaurants\" *\/\ndiv.restaurants ul li a {\n    display: block;\n    padding: 10px;\n    margin: 10px;\n    font-size: 14px;\n    font-weight: 600;\n    border-radius: 10px;\n    text-align: center;\n    background: #ffffff; \/* White background *\/\n    color: #333; \/* Text color *\/\n    text-decoration: none;\n    box-shadow: rgba(0, 0, 0, 0.15) 0px 5px 12px !important; \/* Shadow *\/\n    transition: background-color 0.3s, transform 0.3s;\n}<\/p>\n<p>div.restaurants ul li a:hover {\n    background: #f5f5f5 !important; \/* Change background color on hover *\/\n    transform: scale(0.95); \/* Slightly enlarge on hover *\/\n}<\/p>\n<\/style>\n<p><center><img loading=\"lazy\" decoding=\"async\" width=\"450\" height=\"188\" src=\"https:\/\/strippersdeluxe.es\/wp-content\/newgallery\/Pontevedra\/1\/restaurant-bachelorette-party-pontevedra.jpg\" alt=\"Bachelor or Bachelorette Party in the province of Pontevedra, Galicia | Spain\"><\/center><\/p>\n<h3>Bachelor or Bachelorette Party in Vigo, Pontevedra and Vigo city, Galicia | Spain<\/h3>\n<p>The cities of Vigo, Pontevedra, and Sanxenxo, all located in the region of Pontevedra, Galicia, Spain, beckon visitors with their unique charm and diverse attractions. Nestled within the picturesque landscapes of Galicia, these cities boast a rich cultural heritage, historical landmarks, and vibrant atmospheres.<\/p>\n<p>The serene beauty of Galicia&#8217;s landscapes, whether along the coast in Vigo or the charming streets of Pontevedra, provides a delightful backdrop for leisurely strolls and breathtaking views.<\/p>\n<p>For those seeking a memorable celebration, Vigo, Pontevedra, and Sanxenxo present ideal settings for special occasions like a Bachelorette or Bachelor Party. The lively ambiance of these cities, coupled with an array of entertainment options, ensures a festive experience for all. <\/p>\n<h3>Restaurant with Private Space for Celebrations or Parties<\/h3>\n<p><strong>Restaurants with private rooms<\/strong> perfect for groups, along with menus of different types designed especially for this type of events. After dinner, the group can enjoy a show featuring a <strong>fun male or female stripper<\/strong> exclusively for the group.<\/p>\n<h3>Restaurants to Celebrate a Bachelor or Bachelorette dinner in the province of Pontevedra<\/h3>\n<p style=\"text-align: left;\">In summary, <strong>Restaurants in the province of Pontevedra<\/strong> where you can celebrate your friend&#8217;s bachelor or bachelorette with a unique show from our artists. We offer private spaces for groups with quality group menus (no catering). <strong>Where?<\/strong><\/p>\n<div class=\"restaurants\">\n<h4>Vigo<\/h4>\n<ul>\n<li><a href=\"\/en\/despedida-soltero-vigo-con-stripper\/\">Dinner and show in the city of Vigo | Bachelor or Bachelorette Party. Click to view group menu*<\/a><\/li>\n<\/ul>\n<h4>Pontevedra city<\/h4>\n<ul>\n<li><a href=\"\/en\/despedida-soltero-pontevedra-ciudad-cena-y-espectaculo-de-stripper-o-boy\/\">Dinner and show in the city of Pontevedra | Bachelor or Bachelorette Party. Click to view group menu*<\/a><\/li>\n<\/ul>\n<h4>Sanxenxo<\/h4>\n<ul>\n<li><a href=\"\/en\/cena-y-espectaculo-despedida-sanxenxo-pontevedra\/\">Dinner and show in Forx\u00e1n \u2013 Sanxenxo | Bachelor or Bachelorette Party. Click to view group menu*<\/a><\/li>\n<li><a href=\"\/en\/despedida-soltero-stripper-boy-sanxenxo\/\">Silgar Beach \u2013 Sanxenxo: Dinner and show. Click to view group menu*<\/a><\/li>\n<\/ul>\n<\/div>\n<p><center><em>*Check conditions and group menu at the link. All options include fun show of male or female stripper show after dinner. Subject to availability<\/em><\/center><\/p>\n","protected":false},"excerpt":{"rendered":"<p>Bachelor or Bachelorette Party in Vigo, Pontevedra and Vigo city, Galicia | Spain The cities of Vigo, Pontevedra, and Sanxenxo, all located in the region of Pontevedra, Galicia, Spain, beckon visitors with their unique charm and diverse attractions. Nestled within the picturesque landscapes of Galicia, these cities boast a rich cultural heritage, historical landmarks, and [&hellip;]<\/p>\n","protected":false},"author":1,"featured_media":0,"parent":6006,"menu_order":0,"comment_status":"closed","ping_status":"closed","template":"","meta":{"_acf_changed":false,"_uag_custom_page_level_css":"","site-sidebar-layout":"default","site-content-layout":"","ast-site-content-layout":"default","site-content-style":"default","site-sidebar-style":"default","ast-global-header-display":"","ast-banner-title-visibility":"","ast-main-header-display":"","ast-hfb-above-header-display":"","ast-hfb-below-header-display":"","ast-hfb-mobile-header-display":"","site-post-title":"","ast-breadcrumbs-content":"","ast-featured-img":"","footer-sml-layout":"","ast-disable-related-posts":"","theme-transparent-header-meta":"","adv-header-id-meta":"","stick-header-meta":"","header-above-stick-meta":"","header-main-stick-meta":"","header-below-stick-meta":"","astra-migrate-meta-layouts":"set","ast-page-background-enabled":"default","ast-page-background-meta":{"desktop":{"background-color":"","background-image":"","background-repeat":"repeat","background-position":"center center","background-size":"auto","background-attachment":"scroll","background-type":"","background-media":"","overlay-type":"","overlay-color":"","overlay-opacity":"","overlay-gradient":""},"tablet":{"background-color":"","background-image":"","background-repeat":"repeat","background-position":"center center","background-size":"auto","background-attachment":"scroll","background-type":"","background-media":"","overlay-type":"","overlay-color":"","overlay-opacity":"","overlay-gradient":""},"mobile":{"background-color":"","background-image":"","background-repeat":"repeat","background-position":"center center","background-size":"auto","background-attachment":"scroll","background-type":"","background-media":"","overlay-type":"","overlay-color":"","overlay-opacity":"","overlay-gradient":""}},"ast-content-background-meta":{"desktop":{"background-color":"var(--ast-global-color-5)","background-image":"","background-repeat":"repeat","background-position":"center center","background-size":"auto","background-attachment":"scroll","background-type":"","background-media":"","overlay-type":"","overlay-color":"","overlay-opacity":"","overlay-gradient":""},"tablet":{"background-color":"var(--ast-global-color-5)","background-image":"","background-repeat":"repeat","background-position":"center center","background-size":"auto","background-attachment":"scroll","background-type":"","background-media":"","overlay-type":"","overlay-color":"","overlay-opacity":"","overlay-gradient":""},"mobile":{"background-color":"var(--ast-global-color-5)","background-image":"","background-repeat":"repeat","background-position":"center center","background-size":"auto","background-attachment":"scroll","background-type":"","background-media":"","overlay-type":"","overlay-color":"","overlay-opacity":"","overlay-gradient":""}},"footnotes":""},"class_list":["post-6108","page","type-page","status-publish","hentry"],"acf":[],"yoast_head":"<!-- This site is optimized with the Yoast SEO plugin v27.3 - https:\/\/yoast.com\/product\/yoast-seo-wordpress\/ -->\n<title>Bachelor and bachelorette party in Vigo city | Pontevedra<\/title>\n<meta name=\"description\" content=\"Restaurant for Bachelor and bachelorette party in Vigo city or Pontevedra city. Dinner and fun private show for the group.\" \/>\n<meta name=\"robots\" content=\"index, follow, max-snippet:-1, max-image-preview:large, max-video-preview:-1\" \/>\n<link rel=\"canonical\" href=\"https:\/\/strippersdeluxe.es\/en\/restaurantes-para-despedida-o-eventos\/pontevedra\/\" \/>\n<meta property=\"og:locale\" content=\"en_US\" \/>\n<meta property=\"og:type\" content=\"article\" \/>\n<meta property=\"og:title\" content=\"Bachelor and bachelorette party in Vigo city | Pontevedra\" \/>\n<meta property=\"og:description\" content=\"Restaurant for Bachelor and bachelorette party in Vigo city or Pontevedra city. Dinner and fun private show for the group.\" \/>\n<meta property=\"og:url\" content=\"https:\/\/strippersdeluxe.es\/en\/restaurantes-para-despedida-o-eventos\/pontevedra\/\" \/>\n<meta property=\"og:site_name\" content=\"StrippersDeluxe\" \/>\n<meta property=\"article:publisher\" content=\"https:\/\/www.facebook.com\/StripDelux\/\" \/>\n<meta property=\"article:modified_time\" content=\"2024-10-19T09:41:10+00:00\" \/>\n<meta property=\"og:image\" content=\"https:\/\/strippersdeluxe.es\/wp-content\/newgallery\/Pontevedra\/1\/restaurant-bachelorette-party-pontevedra.jpg\" \/>\n<meta name=\"twitter:label1\" content=\"Est. reading time\" \/>\n\t<meta name=\"twitter:data1\" content=\"2 minutes\" \/>\n<!-- \/ Yoast SEO plugin. -->","yoast_head_json":{"title":"Bachelor and bachelorette party in Vigo city | Pontevedra","description":"Restaurant for Bachelor and bachelorette party in Vigo city or Pontevedra city. Dinner and fun private show for the group.","robots":{"index":"index","follow":"follow","max-snippet":"max-snippet:-1","max-image-preview":"max-image-preview:large","max-video-preview":"max-video-preview:-1"},"canonical":"https:\/\/strippersdeluxe.es\/en\/restaurantes-para-despedida-o-eventos\/pontevedra\/","og_locale":"en_US","og_type":"article","og_title":"Bachelor and bachelorette party in Vigo city | Pontevedra","og_description":"Restaurant for Bachelor and bachelorette party in Vigo city or Pontevedra city. Dinner and fun private show for the group.","og_url":"https:\/\/strippersdeluxe.es\/en\/restaurantes-para-despedida-o-eventos\/pontevedra\/","og_site_name":"StrippersDeluxe","article_publisher":"https:\/\/www.facebook.com\/StripDelux\/","article_modified_time":"2024-10-19T09:41:10+00:00","og_image":[{"url":"https:\/\/strippersdeluxe.es\/wp-content\/newgallery\/Pontevedra\/1\/restaurant-bachelorette-party-pontevedra.jpg","type":"","width":"","height":""}],"twitter_misc":{"Est. reading time":"2 minutes"},"schema":{"@context":"https:\/\/schema.org","@graph":[{"@type":"WebPage","@id":"https:\/\/strippersdeluxe.es\/en\/restaurantes-para-despedida-o-eventos\/pontevedra\/","url":"https:\/\/strippersdeluxe.es\/en\/restaurantes-para-despedida-o-eventos\/pontevedra\/","name":"Bachelor and bachelorette party in Vigo city | Pontevedra","isPartOf":{"@id":"https:\/\/strippersdeluxe.es\/en\/#website"},"primaryImageOfPage":{"@id":"https:\/\/strippersdeluxe.es\/en\/restaurantes-para-despedida-o-eventos\/pontevedra\/#primaryimage"},"image":{"@id":"https:\/\/strippersdeluxe.es\/en\/restaurantes-para-despedida-o-eventos\/pontevedra\/#primaryimage"},"thumbnailUrl":"https:\/\/strippersdeluxe.es\/wp-content\/newgallery\/Pontevedra\/1\/restaurant-bachelorette-party-pontevedra.jpg","datePublished":"2017-04-11T18:05:22+00:00","dateModified":"2024-10-19T09:41:10+00:00","description":"Restaurant for Bachelor and bachelorette party in Vigo city or Pontevedra city. Dinner and fun private show for the group.","breadcrumb":{"@id":"https:\/\/strippersdeluxe.es\/en\/restaurantes-para-despedida-o-eventos\/pontevedra\/#breadcrumb"},"inLanguage":"en-US","potentialAction":[{"@type":"ReadAction","target":["https:\/\/strippersdeluxe.es\/en\/restaurantes-para-despedida-o-eventos\/pontevedra\/"]}]},{"@type":"ImageObject","inLanguage":"en-US","@id":"https:\/\/strippersdeluxe.es\/en\/restaurantes-para-despedida-o-eventos\/pontevedra\/#primaryimage","url":"https:\/\/strippersdeluxe.es\/wp-content\/newgallery\/Pontevedra\/1\/restaurant-bachelorette-party-pontevedra.jpg","contentUrl":"https:\/\/strippersdeluxe.es\/wp-content\/newgallery\/Pontevedra\/1\/restaurant-bachelorette-party-pontevedra.jpg"},{"@type":"BreadcrumbList","@id":"https:\/\/strippersdeluxe.es\/en\/restaurantes-para-despedida-o-eventos\/pontevedra\/#breadcrumb","itemListElement":[{"@type":"ListItem","position":1,"name":"Portada","item":"https:\/\/strippersdeluxe.es\/en\/"},{"@type":"ListItem","position":2,"name":"Dinner and private Show for groups","item":"https:\/\/strippersdeluxe.es\/en\/restaurantes-para-despedida-o-eventos\/"},{"@type":"ListItem","position":3,"name":"Restaurants Pontevedra"}]},{"@type":"WebSite","@id":"https:\/\/strippersdeluxe.es\/en\/#website","url":"https:\/\/strippersdeluxe.es\/en\/","name":"StrippersDeluxe","description":"Organizaci\u00f3n de eventos, despedidas de soltero y soltera, cabar\u00e9 y espect\u00e1culos[:en]Organizaci\u00f3n de eventos, despedidas de soltero y soltera, y espect\u00e1culos","publisher":{"@id":"https:\/\/strippersdeluxe.es\/en\/#organization"},"potentialAction":[{"@type":"SearchAction","target":{"@type":"EntryPoint","urlTemplate":"https:\/\/strippersdeluxe.es\/en\/?s={search_term_string}"},"query-input":{"@type":"PropertyValueSpecification","valueRequired":true,"valueName":"search_term_string"}}],"inLanguage":"en-US"},{"@type":"Organization","@id":"https:\/\/strippersdeluxe.es\/en\/#organization","name":"StrippersDeluxe","url":"https:\/\/strippersdeluxe.es\/en\/","logo":{"@type":"ImageObject","inLanguage":"en-US","@id":"https:\/\/strippersdeluxe.es\/en\/#\/schema\/logo\/image\/","url":"https:\/\/strippersdeluxe.es\/wp-content\/uploads\/2024\/10\/cropped-cropped-LOGO-1.png","contentUrl":"https:\/\/strippersdeluxe.es\/wp-content\/uploads\/2024\/10\/cropped-cropped-LOGO-1.png","width":1000,"height":516,"caption":"StrippersDeluxe"},"image":{"@id":"https:\/\/strippersdeluxe.es\/en\/#\/schema\/logo\/image\/"},"sameAs":["https:\/\/www.facebook.com\/StripDelux\/","https:\/\/x.com\/strippersdeluxe","https:\/\/www.instagram.com\/strippersdeluxe\/","https:\/\/www.youtube.com\/strippersdeluxe"]}]}},"uagb_featured_image_src":{"full":false,"thumbnail":false,"medium":false,"medium_large":false,"large":false,"1536x1536":false,"2048x2048":false},"uagb_author_info":{"display_name":"strippersdeluxe","author_link":"https:\/\/strippersdeluxe.es\/en\/author\/admin\/"},"uagb_comment_info":0,"uagb_excerpt":"Bachelor or Bachelorette Party in Vigo, Pontevedra and Vigo city, Galicia | Spain The cities of Vigo, Pontevedra, and Sanxenxo, all located in the region of Pontevedra, Galicia, Spain, beckon visitors with their unique charm and diverse attractions. Nestled within the picturesque landscapes of Galicia, these cities boast a rich cultural heritage, historical landmarks, and&hellip;","_links":{"self":[{"href":"https:\/\/strippersdeluxe.es\/en\/wp-json\/wp\/v2\/pages\/6108","targetHints":{"allow":["GET"]}}],"collection":[{"href":"https:\/\/strippersdeluxe.es\/en\/wp-json\/wp\/v2\/pages"}],"about":[{"href":"https:\/\/strippersdeluxe.es\/en\/wp-json\/wp\/v2\/types\/page"}],"author":[{"embeddable":true,"href":"https:\/\/strippersdeluxe.es\/en\/wp-json\/wp\/v2\/users\/1"}],"replies":[{"embeddable":true,"href":"https:\/\/strippersdeluxe.es\/en\/wp-json\/wp\/v2\/comments?post=6108"}],"version-history":[{"count":0,"href":"https:\/\/strippersdeluxe.es\/en\/wp-json\/wp\/v2\/pages\/6108\/revisions"}],"up":[{"embeddable":true,"href":"https:\/\/strippersdeluxe.es\/en\/wp-json\/wp\/v2\/pages\/6006"}],"wp:attachment":[{"href":"https:\/\/strippersdeluxe.es\/en\/wp-json\/wp\/v2\/media?parent=6108"}],"curies":[{"name":"wp","href":"https:\/\/api.w.org\/{rel}","templated":true}]}}