{"id":6106,"date":"2017-04-05T14:49:29","date_gmt":"2017-04-05T14:49:29","guid":{"rendered":"https:\/\/strippersdeluxe.es\/malaga-restaurants\/"},"modified":"2024-10-18T13:37:20","modified_gmt":"2024-10-18T13:37:20","slug":"malaga","status":"publish","type":"page","link":"https:\/\/strippersdeluxe.es\/en\/restaurantes-para-despedida-o-eventos\/malaga\/","title":{"rendered":"<center>Malaga Restaurants<\/center>"},"content":{"rendered":"<style>\n\/* Style for links inside the div with the class \"restaurants\" *\/\ndiv.restaurants ul li a {\n    display: block;\n    padding: 10px;\n    margin: 10px;\n    font-size: 14px;\n    font-weight: 600;\n    border-radius: 10px;\n    text-align: center;\n    background: #ffffff; \/* White background *\/\n    color: #333; \/* Text color *\/\n    text-decoration: none;\n    box-shadow: rgba(0, 0, 0, 0.15) 0px 5px 12px !important; \/* Shadow *\/\n    transition: background-color 0.3s, transform 0.3s;\n}<\/p>\n<p>div.restaurants ul li a:hover {\n    background: #f5f5f5 !important; \/* Change background color on hover *\/\n    transform: scale(0.95); \/* Slightly enlarge on hover *\/\n}<\/p>\n<\/style>\n<p><center><img loading=\"lazy\" decoding=\"async\" width=\"350\" height=\"219\" src=\"\/\/strippersdeluxe-es.b-cdn.net\/wp-content\/newgallery\/Malaga\/2\/dinner-stag-party-malaga.jpg\" alt=\"Dinner for Stag Party and Hen Party in Malaga province\"><\/center><\/p>\n<h3>Malaga &#038; Costa del Sol as a Destination for Events such as a Hen or Stag Party<\/h3>\n<p>Malaga, a gem on the Costa del Sol, stands as one of the most captivating Spanish cities. Renowned for its stunning beaches, as well as its exquisite gastronomy, Malaga is a premier destination on the Mediterranean coastline, inviting visitors to bask in the sun and explore its rich historical charm.<\/p>\n<p>Furthermore, Malaga proves to be an extraordinary city to commemorate special moments, including Stag and Hen Parties. Revel in the vibrant atmosphere as you celebrate in this coastal haven, where the combination of beachside allure and cultural allure creates an unparalleled experience.<\/p>\n<h3>Malaga &#8211; Restaurant with Private Space for Celebrations or Parties<\/h3>\n<p><strong>Restaurants with private rooms<\/strong> perfect for groups, along with menus of different types designed especially for this type of events. After dinner, the group can enjoy a show featuring a <strong>fun male or female stripper<\/strong> exclusively for the group.<\/p>\n<h3>Restaurants to Celebrate Stag or Hen Parties in Malaga or Costa del Sol<\/h3>\n<p style=\"text-align: left;\">In summary, <strong>Restaurants for Stag and Hen Parties in Malaga<\/strong> where you can celebrate your friend&#8217;s bachelor or bachelorette with a unique show from our artists. We offer private spaces for groups with quality group menus (no catering). <strong>Where?<\/strong><\/p>\n<div class=\"restaurants\">\n<h4>Malaga city:<\/h4>\n<ul>\n<li><a href=\"\/en\/malaga-cena-y-espectaculo-de-boy-o-stripper-para-despedidas\/\">Malaga city. Dinner and show. Italian cuisine. Click to view group menu*<\/a><\/li>\n<li><a href=\"\/en\/cena-y-espectaculo-despedida-soltero-malaga\/\">Stag Party in Malaga city &#8211; Dinner and fun sripper show. Spanish cuisine. Click to view group menu*<\/a><\/li>\n<\/ul>\n<h4>Marbella:<\/h4>\n<ul>\n<li><a href=\"\/en\/cena-y-espectaculo-boy-stripper-puerto-banus-marbella\/\">Dinner and show in Puerto Banus | Marbella. Click to view group menu*<\/a><\/li>\n<li><a href=\"\/en\/despedida-soltero-marbella-stripper-boy\/\">Dinner and show. International Cuisine. Click to view group menu*<\/a><\/li>\n<\/ul>\n<h4>Fuengirola:<\/h4>\n<ul>\n<li><a href=\"\/en\/despedida-soltera-fuengirola-boy-o-stripper\/\">Dinner and show. Spanish Cuisine. Click to view group menu*<\/a><\/li>\n<\/ul>\n<\/div>\n<p><center><em>*Check conditions and group menu at the link. All options include fun show of male or female stripper show after dinner. Subject to availability<\/em><\/center><\/p>\n","protected":false},"excerpt":{"rendered":"<p>Malaga &#038; Costa del Sol as a Destination for Events such as a Hen or Stag Party Malaga, a gem on the Costa del Sol, stands as one of the most captivating Spanish cities. Renowned for its stunning beaches, as well as its exquisite gastronomy, Malaga is a premier destination on the Mediterranean coastline, inviting [&hellip;]<\/p>\n","protected":false},"author":1,"featured_media":0,"parent":6006,"menu_order":0,"comment_status":"closed","ping_status":"closed","template":"","meta":{"_acf_changed":false,"_uag_custom_page_level_css":"","site-sidebar-layout":"default","site-content-layout":"","ast-site-content-layout":"default","site-content-style":"default","site-sidebar-style":"default","ast-global-header-display":"","ast-banner-title-visibility":"","ast-main-header-display":"","ast-hfb-above-header-display":"","ast-hfb-below-header-display":"","ast-hfb-mobile-header-display":"","site-post-title":"","ast-breadcrumbs-content":"","ast-featured-img":"","footer-sml-layout":"","ast-disable-related-posts":"","theme-transparent-header-meta":"","adv-header-id-meta":"","stick-header-meta":"","header-above-stick-meta":"","header-main-stick-meta":"","header-below-stick-meta":"","astra-migrate-meta-layouts":"set","ast-page-background-enabled":"default","ast-page-background-meta":{"desktop":{"background-color":"","background-image":"","background-repeat":"repeat","background-position":"center center","background-size":"auto","background-attachment":"scroll","background-type":"","background-media":"","overlay-type":"","overlay-color":"","overlay-opacity":"","overlay-gradient":""},"tablet":{"background-color":"","background-image":"","background-repeat":"repeat","background-position":"center center","background-size":"auto","background-attachment":"scroll","background-type":"","background-media":"","overlay-type":"","overlay-color":"","overlay-opacity":"","overlay-gradient":""},"mobile":{"background-color":"","background-image":"","background-repeat":"repeat","background-position":"center center","background-size":"auto","background-attachment":"scroll","background-type":"","background-media":"","overlay-type":"","overlay-color":"","overlay-opacity":"","overlay-gradient":""}},"ast-content-background-meta":{"desktop":{"background-color":"var(--ast-global-color-5)","background-image":"","background-repeat":"repeat","background-position":"center center","background-size":"auto","background-attachment":"scroll","background-type":"","background-media":"","overlay-type":"","overlay-color":"","overlay-opacity":"","overlay-gradient":""},"tablet":{"background-color":"var(--ast-global-color-5)","background-image":"","background-repeat":"repeat","background-position":"center center","background-size":"auto","background-attachment":"scroll","background-type":"","background-media":"","overlay-type":"","overlay-color":"","overlay-opacity":"","overlay-gradient":""},"mobile":{"background-color":"var(--ast-global-color-5)","background-image":"","background-repeat":"repeat","background-position":"center center","background-size":"auto","background-attachment":"scroll","background-type":"","background-media":"","overlay-type":"","overlay-color":"","overlay-opacity":"","overlay-gradient":""}},"footnotes":""},"class_list":["post-6106","page","type-page","status-publish","hentry"],"acf":[],"yoast_head":"<!-- This site is optimized with the Yoast SEO plugin v27.4 - https:\/\/yoast.com\/product\/yoast-seo-wordpress\/ -->\n<title>Malaga Restaurants for celebrating a Stag or Hen Party<\/title>\n<meta name=\"description\" content=\"Malaga proves to be an extraordinary city to commemorate special moments, including a Stag and Hen Party. Check the restaurants today.\" \/>\n<meta name=\"robots\" content=\"index, follow, max-snippet:-1, max-image-preview:large, max-video-preview:-1\" \/>\n<link rel=\"canonical\" href=\"https:\/\/strippersdeluxe.es\/en\/restaurantes-para-despedida-o-eventos\/malaga\/\" \/>\n<meta property=\"og:locale\" content=\"en_US\" \/>\n<meta property=\"og:type\" content=\"article\" \/>\n<meta property=\"og:title\" content=\"Malaga Restaurants for celebrating a Stag or Hen Party\" \/>\n<meta property=\"og:description\" content=\"Malaga proves to be an extraordinary city to commemorate special moments, including a Stag and Hen Party. Check the restaurants today.\" \/>\n<meta property=\"og:url\" content=\"https:\/\/strippersdeluxe.es\/en\/restaurantes-para-despedida-o-eventos\/malaga\/\" \/>\n<meta property=\"og:site_name\" content=\"StrippersDeluxe\" \/>\n<meta property=\"article:publisher\" content=\"https:\/\/www.facebook.com\/StripDelux\/\" \/>\n<meta property=\"article:modified_time\" content=\"2024-10-18T13:37:20+00:00\" \/>\n<meta name=\"twitter:label1\" content=\"Est. reading time\" \/>\n\t<meta name=\"twitter:data1\" content=\"2 minutes\" \/>\n<!-- \/ Yoast SEO plugin. -->","yoast_head_json":{"title":"Malaga Restaurants for celebrating a Stag or Hen Party","description":"Malaga proves to be an extraordinary city to commemorate special moments, including a Stag and Hen Party. Check the restaurants today.","robots":{"index":"index","follow":"follow","max-snippet":"max-snippet:-1","max-image-preview":"max-image-preview:large","max-video-preview":"max-video-preview:-1"},"canonical":"https:\/\/strippersdeluxe.es\/en\/restaurantes-para-despedida-o-eventos\/malaga\/","og_locale":"en_US","og_type":"article","og_title":"Malaga Restaurants for celebrating a Stag or Hen Party","og_description":"Malaga proves to be an extraordinary city to commemorate special moments, including a Stag and Hen Party. Check the restaurants today.","og_url":"https:\/\/strippersdeluxe.es\/en\/restaurantes-para-despedida-o-eventos\/malaga\/","og_site_name":"StrippersDeluxe","article_publisher":"https:\/\/www.facebook.com\/StripDelux\/","article_modified_time":"2024-10-18T13:37:20+00:00","twitter_misc":{"Est. reading time":"2 minutes"},"schema":{"@context":"https:\/\/schema.org","@graph":[{"@type":"WebPage","@id":"https:\/\/strippersdeluxe.es\/en\/restaurantes-para-despedida-o-eventos\/malaga\/","url":"https:\/\/strippersdeluxe.es\/en\/restaurantes-para-despedida-o-eventos\/malaga\/","name":"Malaga Restaurants for celebrating a Stag or Hen Party","isPartOf":{"@id":"https:\/\/strippersdeluxe.es\/en\/#website"},"datePublished":"2017-04-05T14:49:29+00:00","dateModified":"2024-10-18T13:37:20+00:00","description":"Malaga proves to be an extraordinary city to commemorate special moments, including a Stag and Hen Party. Check the restaurants today.","breadcrumb":{"@id":"https:\/\/strippersdeluxe.es\/en\/restaurantes-para-despedida-o-eventos\/malaga\/#breadcrumb"},"inLanguage":"en-US","potentialAction":[{"@type":"ReadAction","target":["https:\/\/strippersdeluxe.es\/en\/restaurantes-para-despedida-o-eventos\/malaga\/"]}]},{"@type":"BreadcrumbList","@id":"https:\/\/strippersdeluxe.es\/en\/restaurantes-para-despedida-o-eventos\/malaga\/#breadcrumb","itemListElement":[{"@type":"ListItem","position":1,"name":"Portada","item":"https:\/\/strippersdeluxe.es\/en\/"},{"@type":"ListItem","position":2,"name":"Dinner and private Show for groups","item":"https:\/\/strippersdeluxe.es\/en\/restaurantes-para-despedida-o-eventos\/"},{"@type":"ListItem","position":3,"name":"Malaga Restaurants"}]},{"@type":"WebSite","@id":"https:\/\/strippersdeluxe.es\/en\/#website","url":"https:\/\/strippersdeluxe.es\/en\/","name":"StrippersDeluxe","description":"Organizaci\u00f3n de eventos, despedidas de soltero y soltera, cabar\u00e9 y espect\u00e1culos[:en]Organizaci\u00f3n de eventos, despedidas de soltero y soltera, y espect\u00e1culos","publisher":{"@id":"https:\/\/strippersdeluxe.es\/en\/#organization"},"potentialAction":[{"@type":"SearchAction","target":{"@type":"EntryPoint","urlTemplate":"https:\/\/strippersdeluxe.es\/en\/?s={search_term_string}"},"query-input":{"@type":"PropertyValueSpecification","valueRequired":true,"valueName":"search_term_string"}}],"inLanguage":"en-US"},{"@type":"Organization","@id":"https:\/\/strippersdeluxe.es\/en\/#organization","name":"StrippersDeluxe","url":"https:\/\/strippersdeluxe.es\/en\/","logo":{"@type":"ImageObject","inLanguage":"en-US","@id":"https:\/\/strippersdeluxe.es\/en\/#\/schema\/logo\/image\/","url":"https:\/\/strippersdeluxe.es\/wp-content\/uploads\/2024\/10\/cropped-cropped-LOGO-1.png","contentUrl":"https:\/\/strippersdeluxe.es\/wp-content\/uploads\/2024\/10\/cropped-cropped-LOGO-1.png","width":1000,"height":516,"caption":"StrippersDeluxe"},"image":{"@id":"https:\/\/strippersdeluxe.es\/en\/#\/schema\/logo\/image\/"},"sameAs":["https:\/\/www.facebook.com\/StripDelux\/","https:\/\/x.com\/strippersdeluxe","https:\/\/www.instagram.com\/strippersdeluxe\/","https:\/\/www.youtube.com\/strippersdeluxe"]}]}},"uagb_featured_image_src":{"full":false,"thumbnail":false,"medium":false,"medium_large":false,"large":false,"1536x1536":false,"2048x2048":false},"uagb_author_info":{"display_name":"strippersdeluxe","author_link":"https:\/\/strippersdeluxe.es\/en\/author\/admin\/"},"uagb_comment_info":0,"uagb_excerpt":"Malaga &#038; Costa del Sol as a Destination for Events such as a Hen or Stag Party Malaga, a gem on the Costa del Sol, stands as one of the most captivating Spanish cities. Renowned for its stunning beaches, as well as its exquisite gastronomy, Malaga is a premier destination on the Mediterranean coastline, inviting&hellip;","_links":{"self":[{"href":"https:\/\/strippersdeluxe.es\/en\/wp-json\/wp\/v2\/pages\/6106","targetHints":{"allow":["GET"]}}],"collection":[{"href":"https:\/\/strippersdeluxe.es\/en\/wp-json\/wp\/v2\/pages"}],"about":[{"href":"https:\/\/strippersdeluxe.es\/en\/wp-json\/wp\/v2\/types\/page"}],"author":[{"embeddable":true,"href":"https:\/\/strippersdeluxe.es\/en\/wp-json\/wp\/v2\/users\/1"}],"replies":[{"embeddable":true,"href":"https:\/\/strippersdeluxe.es\/en\/wp-json\/wp\/v2\/comments?post=6106"}],"version-history":[{"count":0,"href":"https:\/\/strippersdeluxe.es\/en\/wp-json\/wp\/v2\/pages\/6106\/revisions"}],"up":[{"embeddable":true,"href":"https:\/\/strippersdeluxe.es\/en\/wp-json\/wp\/v2\/pages\/6006"}],"wp:attachment":[{"href":"https:\/\/strippersdeluxe.es\/en\/wp-json\/wp\/v2\/media?parent=6106"}],"curies":[{"name":"wp","href":"https:\/\/api.w.org\/{rel}","templated":true}]}}