{"id":6098,"date":"2017-03-13T12:41:24","date_gmt":"2017-03-13T12:41:24","guid":{"rendered":"https:\/\/strippersdeluxe.es\/restaurants-in-canary-islands\/"},"modified":"2025-04-17T09:42:53","modified_gmt":"2025-04-17T09:42:53","slug":"canarias","status":"publish","type":"page","link":"https:\/\/strippersdeluxe.es\/en\/restaurantes-para-despedida-o-eventos\/canarias\/","title":{"rendered":"Restaurants in Canary Islands"},"content":{"rendered":"<style>\n\/* Style for links inside the div with the class \"restaurants\" *\/\ndiv.restaurants ul li a {\n    display: block;\n    padding: 10px;\n    margin: 10px;\n    font-size: 14px;\n    font-weight: 600;\n    border-radius: 10px;\n    text-align: center;\n    background: #ffffff; \/* White background *\/\n    color: #333; \/* Text color *\/\n    text-decoration: none;\n    box-shadow: rgba(0, 0, 0, 0.15) 0px 5px 12px !important; \/* Shadow *\/\n    transition: background-color 0.3s, transform 0.3s;\n}<\/p>\n<p>div.restaurants ul li a:hover {\n    background: #f5f5f5 !important; \/* Change background color on hover *\/\n    transform: scale(0.95); \/* Slightly enlarge on hover *\/\n}<\/p>\n<\/style>\n<h3>Restaurant for Hen Party or Stag Party in the Canary Islands<\/h3>\n<p>In the Canary Islands, also known as &#8220;the fortunate islands&#8221; :), for having one of the best climates worldwide, we offer different options for dinner and a show, quality group menus with typical Canarian and Spanish cuisine for groups, and then a fun female or male stripper show.<\/p>\n<h3>In Gran Canaria or Tenerife &#8211; Restaurant with Private Space for the Show<\/h3>\n<p>4 Restaurants ideal for celebrating a bachelorette or bachelor party with a unique show by our artists. Dinner takes place in the main restaurant or in a private area, as well as the show exclusively for your group in a private zone regardless of where dinner is held.<\/p>\n<h3>Different restaurant options for events in Gran Canaria and Tenerife<\/h3>\n<p>The Canary Islands are the perfect setting for any special celebration, such as a Stag or Hen Do, and birthdays.<\/p>\n<h4>Options:<\/h4>\n<div class=\"restaurants\">\n<ul>\n<li><a href=\"https:\/\/strippersdeluxe.es\/en\/cena-y-espectaculo-despedida-soltero-las-palmas-de-gran-canaria\/\">Dinner and Show in the city of Las Palmas. Click to view group menu*<\/a><\/li>\n<li><a href=\"https:\/\/strippersdeluxe.es\/en\/pack-despedida-las-palmas-de-gran-canaria\/\">Bachelorette party in the Vegueta neighborhood, old town (Las Palmas) &#8211; Dinner and show. Click to view group menu*<\/a><\/li>\n<li><a href=\"https:\/\/strippersdeluxe.es\/en\/despedidas-maspalomas-cena-espectaculo-estriper\/\">Dinner and show in Playa del Ingl\u00e9s | Maspalomas, Gran Canaria. Click to view group menu*<\/a><\/li>\n<li><a href=\"https:\/\/strippersdeluxe.es\/en\/despedida-soltero-o-soltera-en-tenerife-con-espectaculo-stripper\/\">Dinner and male or female stripper show in the South of Tenerife. Click to view group menu*<\/a><\/li>\n<\/ul>\n<\/div>\n<p><center><em>*Check conditions and group menu at the link. Subject to availability<\/em><\/center><\/p>\n","protected":false},"excerpt":{"rendered":"<p>Restaurant for Hen Party or Stag Party in the Canary Islands In the Canary Islands, also known as &#8220;the fortunate islands&#8221; :), for having one of the best climates worldwide, we offer different options for dinner and a show, quality group menus with typical Canarian and Spanish cuisine for groups, and then a fun female [&hellip;]<\/p>\n","protected":false},"author":1,"featured_media":5983,"parent":6006,"menu_order":0,"comment_status":"closed","ping_status":"closed","template":"","meta":{"_acf_changed":false,"_uag_custom_page_level_css":"","site-sidebar-layout":"default","site-content-layout":"","ast-site-content-layout":"default","site-content-style":"default","site-sidebar-style":"default","ast-global-header-display":"","ast-banner-title-visibility":"","ast-main-header-display":"","ast-hfb-above-header-display":"","ast-hfb-below-header-display":"","ast-hfb-mobile-header-display":"","site-post-title":"","ast-breadcrumbs-content":"","ast-featured-img":"","footer-sml-layout":"","ast-disable-related-posts":"","theme-transparent-header-meta":"","adv-header-id-meta":"","stick-header-meta":"","header-above-stick-meta":"","header-main-stick-meta":"","header-below-stick-meta":"","astra-migrate-meta-layouts":"set","ast-page-background-enabled":"default","ast-page-background-meta":{"desktop":{"background-color":"","background-image":"","background-repeat":"repeat","background-position":"center center","background-size":"auto","background-attachment":"scroll","background-type":"","background-media":"","overlay-type":"","overlay-color":"","overlay-opacity":"","overlay-gradient":""},"tablet":{"background-color":"","background-image":"","background-repeat":"repeat","background-position":"center center","background-size":"auto","background-attachment":"scroll","background-type":"","background-media":"","overlay-type":"","overlay-color":"","overlay-opacity":"","overlay-gradient":""},"mobile":{"background-color":"","background-image":"","background-repeat":"repeat","background-position":"center center","background-size":"auto","background-attachment":"scroll","background-type":"","background-media":"","overlay-type":"","overlay-color":"","overlay-opacity":"","overlay-gradient":""}},"ast-content-background-meta":{"desktop":{"background-color":"var(--ast-global-color-5)","background-image":"","background-repeat":"repeat","background-position":"center center","background-size":"auto","background-attachment":"scroll","background-type":"","background-media":"","overlay-type":"","overlay-color":"","overlay-opacity":"","overlay-gradient":""},"tablet":{"background-color":"var(--ast-global-color-5)","background-image":"","background-repeat":"repeat","background-position":"center center","background-size":"auto","background-attachment":"scroll","background-type":"","background-media":"","overlay-type":"","overlay-color":"","overlay-opacity":"","overlay-gradient":""},"mobile":{"background-color":"var(--ast-global-color-5)","background-image":"","background-repeat":"repeat","background-position":"center center","background-size":"auto","background-attachment":"scroll","background-type":"","background-media":"","overlay-type":"","overlay-color":"","overlay-opacity":"","overlay-gradient":""}},"footnotes":""},"class_list":["post-6098","page","type-page","status-publish","has-post-thumbnail","hentry"],"acf":[],"yoast_head":"<!-- This site is optimized with the Yoast SEO plugin v27.3 - https:\/\/yoast.com\/product\/yoast-seo-wordpress\/ -->\n<title>Restaurants in Canary Islands - StrippersDeluxe<\/title>\n<meta name=\"description\" content=\"Celebrating a Stag or Hen Do with a unique show by our artists. Dinner takes place in the main restaurant or in a private area, as well as the show exclusively for your group.\" \/>\n<meta name=\"robots\" content=\"index, follow, max-snippet:-1, max-image-preview:large, max-video-preview:-1\" \/>\n<link rel=\"canonical\" href=\"https:\/\/strippersdeluxe.es\/en\/restaurantes-para-despedida-o-eventos\/canarias\/\" \/>\n<meta property=\"og:locale\" content=\"en_US\" \/>\n<meta property=\"og:type\" content=\"article\" \/>\n<meta property=\"og:title\" content=\"Restaurants in Canary Islands - StrippersDeluxe\" \/>\n<meta property=\"og:description\" content=\"Celebrating a Stag or Hen Do with a unique show by our artists. Dinner takes place in the main restaurant or in a private area, as well as the show exclusively for your group.\" \/>\n<meta property=\"og:url\" content=\"https:\/\/strippersdeluxe.es\/en\/restaurantes-para-despedida-o-eventos\/canarias\/\" \/>\n<meta property=\"og:site_name\" content=\"StrippersDeluxe\" \/>\n<meta property=\"article:publisher\" content=\"https:\/\/www.facebook.com\/StripDelux\/\" \/>\n<meta property=\"article:modified_time\" content=\"2025-04-17T09:42:53+00:00\" \/>\n<meta property=\"og:image\" content=\"https:\/\/strippersdeluxe.es\/wp-content\/uploads\/2023\/12\/restaurante-para-despedida-soltera.jpg\" \/>\n\t<meta property=\"og:image:width\" content=\"400\" \/>\n\t<meta property=\"og:image:height\" content=\"300\" \/>\n\t<meta property=\"og:image:type\" content=\"image\/jpeg\" \/>\n<meta name=\"twitter:label1\" content=\"Est. reading time\" \/>\n\t<meta name=\"twitter:data1\" content=\"2 minutes\" \/>\n<!-- \/ Yoast SEO plugin. -->","yoast_head_json":{"title":"Restaurants in Canary Islands - StrippersDeluxe","description":"Celebrating a Stag or Hen Do with a unique show by our artists. Dinner takes place in the main restaurant or in a private area, as well as the show exclusively for your group.","robots":{"index":"index","follow":"follow","max-snippet":"max-snippet:-1","max-image-preview":"max-image-preview:large","max-video-preview":"max-video-preview:-1"},"canonical":"https:\/\/strippersdeluxe.es\/en\/restaurantes-para-despedida-o-eventos\/canarias\/","og_locale":"en_US","og_type":"article","og_title":"Restaurants in Canary Islands - StrippersDeluxe","og_description":"Celebrating a Stag or Hen Do with a unique show by our artists. Dinner takes place in the main restaurant or in a private area, as well as the show exclusively for your group.","og_url":"https:\/\/strippersdeluxe.es\/en\/restaurantes-para-despedida-o-eventos\/canarias\/","og_site_name":"StrippersDeluxe","article_publisher":"https:\/\/www.facebook.com\/StripDelux\/","article_modified_time":"2025-04-17T09:42:53+00:00","og_image":[{"width":400,"height":300,"url":"https:\/\/strippersdeluxe.es\/wp-content\/uploads\/2023\/12\/restaurante-para-despedida-soltera.jpg","type":"image\/jpeg"}],"twitter_misc":{"Est. reading time":"2 minutes"},"schema":{"@context":"https:\/\/schema.org","@graph":[{"@type":"WebPage","@id":"https:\/\/strippersdeluxe.es\/en\/restaurantes-para-despedida-o-eventos\/canarias\/","url":"https:\/\/strippersdeluxe.es\/en\/restaurantes-para-despedida-o-eventos\/canarias\/","name":"Restaurants in Canary Islands - StrippersDeluxe","isPartOf":{"@id":"https:\/\/strippersdeluxe.es\/en\/#website"},"primaryImageOfPage":{"@id":"https:\/\/strippersdeluxe.es\/en\/restaurantes-para-despedida-o-eventos\/canarias\/#primaryimage"},"image":{"@id":"https:\/\/strippersdeluxe.es\/en\/restaurantes-para-despedida-o-eventos\/canarias\/#primaryimage"},"thumbnailUrl":"https:\/\/strippersdeluxe.es\/wp-content\/uploads\/2023\/12\/restaurante-para-despedida-soltera.jpg","datePublished":"2017-03-13T12:41:24+00:00","dateModified":"2025-04-17T09:42:53+00:00","description":"Celebrating a Stag or Hen Do with a unique show by our artists. Dinner takes place in the main restaurant or in a private area, as well as the show exclusively for your group.","breadcrumb":{"@id":"https:\/\/strippersdeluxe.es\/en\/restaurantes-para-despedida-o-eventos\/canarias\/#breadcrumb"},"inLanguage":"en-US","potentialAction":[{"@type":"ReadAction","target":["https:\/\/strippersdeluxe.es\/en\/restaurantes-para-despedida-o-eventos\/canarias\/"]}]},{"@type":"ImageObject","inLanguage":"en-US","@id":"https:\/\/strippersdeluxe.es\/en\/restaurantes-para-despedida-o-eventos\/canarias\/#primaryimage","url":"https:\/\/strippersdeluxe.es\/wp-content\/uploads\/2023\/12\/restaurante-para-despedida-soltera.jpg","contentUrl":"https:\/\/strippersdeluxe.es\/wp-content\/uploads\/2023\/12\/restaurante-para-despedida-soltera.jpg","width":400,"height":300},{"@type":"BreadcrumbList","@id":"https:\/\/strippersdeluxe.es\/en\/restaurantes-para-despedida-o-eventos\/canarias\/#breadcrumb","itemListElement":[{"@type":"ListItem","position":1,"name":"Portada","item":"https:\/\/strippersdeluxe.es\/en\/"},{"@type":"ListItem","position":2,"name":"Dinner and private Show for groups","item":"https:\/\/strippersdeluxe.es\/en\/restaurantes-para-despedida-o-eventos\/"},{"@type":"ListItem","position":3,"name":"Restaurants in Canary Islands"}]},{"@type":"WebSite","@id":"https:\/\/strippersdeluxe.es\/en\/#website","url":"https:\/\/strippersdeluxe.es\/en\/","name":"StrippersDeluxe","description":"Organizaci\u00f3n de eventos, despedidas de soltero y soltera, cabar\u00e9 y espect\u00e1culos[:en]Organizaci\u00f3n de eventos, despedidas de soltero y soltera, y espect\u00e1culos","publisher":{"@id":"https:\/\/strippersdeluxe.es\/en\/#organization"},"potentialAction":[{"@type":"SearchAction","target":{"@type":"EntryPoint","urlTemplate":"https:\/\/strippersdeluxe.es\/en\/?s={search_term_string}"},"query-input":{"@type":"PropertyValueSpecification","valueRequired":true,"valueName":"search_term_string"}}],"inLanguage":"en-US"},{"@type":"Organization","@id":"https:\/\/strippersdeluxe.es\/en\/#organization","name":"StrippersDeluxe","url":"https:\/\/strippersdeluxe.es\/en\/","logo":{"@type":"ImageObject","inLanguage":"en-US","@id":"https:\/\/strippersdeluxe.es\/en\/#\/schema\/logo\/image\/","url":"https:\/\/strippersdeluxe.es\/wp-content\/uploads\/2024\/10\/cropped-cropped-LOGO-1.png","contentUrl":"https:\/\/strippersdeluxe.es\/wp-content\/uploads\/2024\/10\/cropped-cropped-LOGO-1.png","width":1000,"height":516,"caption":"StrippersDeluxe"},"image":{"@id":"https:\/\/strippersdeluxe.es\/en\/#\/schema\/logo\/image\/"},"sameAs":["https:\/\/www.facebook.com\/StripDelux\/","https:\/\/x.com\/strippersdeluxe","https:\/\/www.instagram.com\/strippersdeluxe\/","https:\/\/www.youtube.com\/strippersdeluxe"]}]}},"uagb_featured_image_src":{"full":["https:\/\/strippersdeluxe.es\/wp-content\/uploads\/2023\/12\/restaurante-para-despedida-soltera.jpg",400,300,false],"thumbnail":["https:\/\/strippersdeluxe.es\/wp-content\/uploads\/2023\/12\/restaurante-para-despedida-soltera-150x150.jpg",150,150,true],"medium":["https:\/\/strippersdeluxe.es\/wp-content\/uploads\/2023\/12\/restaurante-para-despedida-soltera-300x225.jpg",300,225,true],"medium_large":["https:\/\/strippersdeluxe.es\/wp-content\/uploads\/2023\/12\/restaurante-para-despedida-soltera.jpg",400,300,false],"large":["https:\/\/strippersdeluxe.es\/wp-content\/uploads\/2023\/12\/restaurante-para-despedida-soltera.jpg",400,300,false],"1536x1536":["https:\/\/strippersdeluxe.es\/wp-content\/uploads\/2023\/12\/restaurante-para-despedida-soltera.jpg",400,300,false],"2048x2048":["https:\/\/strippersdeluxe.es\/wp-content\/uploads\/2023\/12\/restaurante-para-despedida-soltera.jpg",400,300,false]},"uagb_author_info":{"display_name":"strippersdeluxe","author_link":"https:\/\/strippersdeluxe.es\/en\/author\/admin\/"},"uagb_comment_info":0,"uagb_excerpt":"Restaurant for Hen Party or Stag Party in the Canary Islands In the Canary Islands, also known as &#8220;the fortunate islands&#8221; :), for having one of the best climates worldwide, we offer different options for dinner and a show, quality group menus with typical Canarian and Spanish cuisine for groups, and then a fun female&hellip;","_links":{"self":[{"href":"https:\/\/strippersdeluxe.es\/en\/wp-json\/wp\/v2\/pages\/6098","targetHints":{"allow":["GET"]}}],"collection":[{"href":"https:\/\/strippersdeluxe.es\/en\/wp-json\/wp\/v2\/pages"}],"about":[{"href":"https:\/\/strippersdeluxe.es\/en\/wp-json\/wp\/v2\/types\/page"}],"author":[{"embeddable":true,"href":"https:\/\/strippersdeluxe.es\/en\/wp-json\/wp\/v2\/users\/1"}],"replies":[{"embeddable":true,"href":"https:\/\/strippersdeluxe.es\/en\/wp-json\/wp\/v2\/comments?post=6098"}],"version-history":[{"count":2,"href":"https:\/\/strippersdeluxe.es\/en\/wp-json\/wp\/v2\/pages\/6098\/revisions"}],"predecessor-version":[{"id":10171,"href":"https:\/\/strippersdeluxe.es\/en\/wp-json\/wp\/v2\/pages\/6098\/revisions\/10171"}],"up":[{"embeddable":true,"href":"https:\/\/strippersdeluxe.es\/en\/wp-json\/wp\/v2\/pages\/6006"}],"wp:featuredmedia":[{"embeddable":true,"href":"https:\/\/strippersdeluxe.es\/en\/wp-json\/wp\/v2\/media\/5983"}],"wp:attachment":[{"href":"https:\/\/strippersdeluxe.es\/en\/wp-json\/wp\/v2\/media?parent=6098"}],"curies":[{"name":"wp","href":"https:\/\/api.w.org\/{rel}","templated":true}]}}