{"id":6082,"date":"2016-12-20T16:58:53","date_gmt":"2016-12-20T16:58:53","guid":{"rendered":"https:\/\/strippersdeluxe.es\/hiring-a-female-stripper\/"},"modified":"2025-02-21T11:01:50","modified_gmt":"2025-02-21T11:01:50","slug":"contratar-chica-stripper","status":"publish","type":"page","link":"https:\/\/strippersdeluxe.es\/en\/contratar-chica-stripper\/","title":{"rendered":"Hiring a female stripper"},"content":{"rendered":"\n<div class=\"wpcf7 no-js\" id=\"wpcf7-f743-o1\" lang=\"es-ES\" dir=\"ltr\" data-wpcf7-id=\"743\">\n<div class=\"screen-reader-response\"><p role=\"status\" aria-live=\"polite\" aria-atomic=\"true\"><\/p> <ul><\/ul><\/div>\n<form action=\"\/en\/wp-json\/wp\/v2\/pages\/6082#wpcf7-f743-o1\" method=\"post\" class=\"wpcf7-form init\" aria-label=\"Formulario de contacto\" novalidate=\"novalidate\" data-status=\"init\">\n<fieldset class=\"hidden-fields-container\"><input type=\"hidden\" name=\"_wpcf7\" value=\"743\" \/><input type=\"hidden\" name=\"_wpcf7_version\" value=\"6.1.4\" \/><input type=\"hidden\" name=\"_wpcf7_locale\" value=\"es_ES\" \/><input type=\"hidden\" name=\"_wpcf7_unit_tag\" value=\"wpcf7-f743-o1\" \/><input type=\"hidden\" name=\"_wpcf7_container_post\" value=\"0\" \/><input type=\"hidden\" name=\"_wpcf7_posted_data_hash\" value=\"\" \/><input type=\"hidden\" name=\"_wpcf7_recaptcha_response\" value=\"\" \/>\n<\/fieldset>\n<p>Your information:<br \/>\n<span class=\"wpcf7-form-control-wrap\" data-name=\"nombre\"><input size=\"40\" maxlength=\"400\" class=\"wpcf7-form-control wpcf7-text wpcf7-validates-as-required\" aria-required=\"true\" aria-invalid=\"false\" placeholder=\"Name\" value=\"\" type=\"text\" name=\"nombre\" \/><\/span><br \/>\n<span class=\"wpcf7-form-control-wrap\" data-name=\"telefono\"><input size=\"40\" maxlength=\"400\" class=\"wpcf7-form-control wpcf7-text\" aria-invalid=\"false\" placeholder=\"Phone\" value=\"\" type=\"text\" name=\"telefono\" \/><\/span><br \/>\n<span class=\"wpcf7-form-control-wrap\" data-name=\"email\"><input size=\"40\" maxlength=\"400\" class=\"wpcf7-form-control wpcf7-email wpcf7-validates-as-required wpcf7-text wpcf7-validates-as-email\" aria-required=\"true\" aria-invalid=\"false\" placeholder=\"Email\" value=\"\" type=\"email\" name=\"email\" \/><\/span>\n<\/p>\n<p>City:<br \/>\n<span class=\"wpcf7-form-control-wrap\" data-name=\"city\"><input size=\"40\" maxlength=\"400\" class=\"wpcf7-form-control wpcf7-text wpcf7-validates-as-required\" aria-required=\"true\" aria-invalid=\"false\" placeholder=\"Example: Sitges\" value=\"\" type=\"text\" name=\"city\" \/><\/span><br \/>\nProvince:<br \/>\n<span class=\"wpcf7-form-control-wrap\" data-name=\"provincia\"><input size=\"40\" maxlength=\"400\" class=\"wpcf7-form-control wpcf7-text wpcf7-validates-as-required\" aria-required=\"true\" aria-invalid=\"false\" placeholder=\"Example: Barcelona\" value=\"\" type=\"text\" name=\"provincia\" \/><\/span><br \/>\nPlace of the event:<br \/>\n<span class=\"wpcf7-form-control-wrap\" data-name=\"placeoftheevent\"><input size=\"40\" maxlength=\"400\" class=\"wpcf7-form-control wpcf7-text wpcf7-validates-as-required\" aria-required=\"true\" aria-invalid=\"false\" placeholder=\"Example: Apartment, Restaurant, Hotel, etc\" value=\"\" type=\"text\" name=\"placeoftheevent\" \/><\/span><br \/>\nExact address:<br \/>\n<span class=\"wpcf7-form-control-wrap\" data-name=\"Direccinexacta\"><input size=\"40\" maxlength=\"400\" class=\"wpcf7-form-control wpcf7-text\" aria-invalid=\"false\" value=\"\" type=\"text\" name=\"Direccinexacta\" \/><\/span><br \/>\nType of the event:<br \/>\n<span class=\"wpcf7-form-control-wrap\" data-name=\"typeoftheevent\"><input size=\"40\" maxlength=\"400\" class=\"wpcf7-form-control wpcf7-text wpcf7-validates-as-required\" aria-required=\"true\" aria-invalid=\"false\" placeholder=\"Example: Stag party, birthday, friends dinner\" value=\"\" type=\"text\" name=\"typeoftheevent\" \/><\/span><br \/>\nSelect the day event:<br \/>\n<span class=\"wpcf7-form-control-wrap\" data-name=\"date-112\"><input class=\"wpcf7-form-control wpcf7-date wpcf7-validates-as-date\" aria-invalid=\"false\" value=\"\" type=\"date\" name=\"date-112\" \/><\/span><br \/>\n<span class=\"wpcf7-form-control-wrap\" data-name=\"timingshow\"><input size=\"40\" maxlength=\"400\" class=\"wpcf7-form-control wpcf7-text wpcf7-validates-as-required\" aria-required=\"true\" aria-invalid=\"false\" placeholder=\"Aproximate timing for the show\" value=\"\" type=\"text\" name=\"timingshow\" \/><\/span><br \/>\nGroup of people:<br \/>\n<span class=\"wpcf7-form-control-wrap\" data-name=\"Tipodegrupo\"><span class=\"wpcf7-form-control wpcf7-radio\"><span class=\"wpcf7-list-item first\"><input type=\"radio\" name=\"Tipodegrupo\" value=\"Boys\" checked=\"checked\" \/><span class=\"wpcf7-list-item-label\">Boys<\/span><\/span><span class=\"wpcf7-list-item\"><input type=\"radio\" name=\"Tipodegrupo\" value=\"Girls\" \/><span class=\"wpcf7-list-item-label\">Girls<\/span><\/span><span class=\"wpcf7-list-item last\"><input type=\"radio\" name=\"Tipodegrupo\" value=\"Mix\" \/><span class=\"wpcf7-list-item-label\">Mix<\/span><\/span><\/span><\/span><br \/>\nNumber of attending people (Aprox.):<br \/>\n<span class=\"wpcf7-form-control-wrap\" data-name=\"personasenelevento\"><select class=\"wpcf7-form-control wpcf7-select wpcf7-validates-as-required\" aria-required=\"true\" aria-invalid=\"false\" name=\"personasenelevento\"><option value=\"4\">4<\/option><option value=\"5\">5<\/option><option value=\"6\">6<\/option><option value=\"7\">7<\/option><option value=\"8\">8<\/option><option value=\"9\">9<\/option><option value=\"10\">10<\/option><option value=\"11\">11<\/option><option value=\"12\">12<\/option><option value=\"13\">13<\/option><option value=\"14\">14<\/option><option value=\"15\">15<\/option><option value=\"16\">16<\/option><option value=\"17\">17<\/option><option value=\"18\">18<\/option><option value=\"19\">19<\/option><option value=\"20\">20<\/option><option value=\"M\u00e1s de 20\">M\u00e1s de 20<\/option><\/select><\/span><br \/>\n<br \/>\n<span class=\"wpcf7-form-control-wrap\" data-name=\"observaciones\"><textarea cols=\"60\" rows=\"6\" maxlength=\"2000\" class=\"wpcf7-form-control wpcf7-textarea\" aria-invalid=\"false\" placeholder=\"Suggestions\" name=\"observaciones\"><\/textarea><\/span><br \/>\n<b><span class=\"wpcf7-form-control-wrap\" data-name=\"capital-quiz\"><label><span class=\"wpcf7-quiz-label\">Security question, 8 - 4?<\/span> <input size=\"40\" class=\"wpcf7-form-control wpcf7-quiz\" autocomplete=\"off\" aria-required=\"true\" aria-invalid=\"false\" type=\"text\" name=\"capital-quiz\" \/><\/label><input type=\"hidden\" name=\"_wpcf7_quiz_answer_capital-quiz\" value=\"a8723cb85bb852b2581abe44239170c5\" \/><\/span><\/b><br \/>\n<span class=\"wpcf7-form-control-wrap\" data-name=\"acceptance-185\"><span class=\"wpcf7-form-control wpcf7-acceptance\"><span class=\"wpcf7-list-item\"><input type=\"checkbox\" name=\"acceptance-185\" value=\"1\" aria-invalid=\"false\" \/><\/span><\/span><\/span> I read and accept the <a target=\"blank\" href=\" https:\/\/strippersdeluxe.es\/politica-de-privacidad\/\"><strong><u>Privacy Policy<\/u><\/strong> and <\/a><a target=\"blank\" href=\"https:\/\/strippersdeluxe.es\/terminos-y-condiciones\/\"><strong><u>the terms and conditions<\/u><\/strong><\/a><br \/>\n\n<\/p>\n<p><input class=\"wpcf7-form-control wpcf7-submit has-spinner\" type=\"submit\" value=\"Send\" \/>\n<\/p><div class=\"wpcf7-response-output\" aria-hidden=\"true\"><\/div>\n<\/form>\n<\/div>\n\n","protected":false},"excerpt":{"rendered":"","protected":false},"author":1,"featured_media":5801,"parent":0,"menu_order":0,"comment_status":"closed","ping_status":"closed","template":"","meta":{"_acf_changed":false,"_uag_custom_page_level_css":"","site-sidebar-layout":"default","site-content-layout":"","ast-site-content-layout":"default","site-content-style":"default","site-sidebar-style":"default","ast-global-header-display":"","ast-banner-title-visibility":"","ast-main-header-display":"","ast-hfb-above-header-display":"","ast-hfb-below-header-display":"","ast-hfb-mobile-header-display":"","site-post-title":"","ast-breadcrumbs-content":"","ast-featured-img":"","footer-sml-layout":"","ast-disable-related-posts":"","theme-transparent-header-meta":"","adv-header-id-meta":"","stick-header-meta":"","header-above-stick-meta":"","header-main-stick-meta":"","header-below-stick-meta":"","astra-migrate-meta-layouts":"set","ast-page-background-enabled":"default","ast-page-background-meta":{"desktop":{"background-color":"","background-image":"","background-repeat":"repeat","background-position":"center center","background-size":"auto","background-attachment":"scroll","background-type":"","background-media":"","overlay-type":"","overlay-color":"","overlay-opacity":"","overlay-gradient":""},"tablet":{"background-color":"","background-image":"","background-repeat":"repeat","background-position":"center center","background-size":"auto","background-attachment":"scroll","background-type":"","background-media":"","overlay-type":"","overlay-color":"","overlay-opacity":"","overlay-gradient":""},"mobile":{"background-color":"","background-image":"","background-repeat":"repeat","background-position":"center center","background-size":"auto","background-attachment":"scroll","background-type":"","background-media":"","overlay-type":"","overlay-color":"","overlay-opacity":"","overlay-gradient":""}},"ast-content-background-meta":{"desktop":{"background-color":"var(--ast-global-color-5)","background-image":"","background-repeat":"repeat","background-position":"center center","background-size":"auto","background-attachment":"scroll","background-type":"","background-media":"","overlay-type":"","overlay-color":"","overlay-opacity":"","overlay-gradient":""},"tablet":{"background-color":"var(--ast-global-color-5)","background-image":"","background-repeat":"repeat","background-position":"center center","background-size":"auto","background-attachment":"scroll","background-type":"","background-media":"","overlay-type":"","overlay-color":"","overlay-opacity":"","overlay-gradient":""},"mobile":{"background-color":"var(--ast-global-color-5)","background-image":"","background-repeat":"repeat","background-position":"center center","background-size":"auto","background-attachment":"scroll","background-type":"","background-media":"","overlay-type":"","overlay-color":"","overlay-opacity":"","overlay-gradient":""}},"footnotes":""},"class_list":["post-6082","page","type-page","status-publish","has-post-thumbnail","hentry"],"acf":[],"yoast_head":"<!-- This site is optimized with the Yoast SEO plugin v27.3 - https:\/\/yoast.com\/product\/yoast-seo-wordpress\/ -->\n<title>Hiring a female stripper - StrippersDeluxe<\/title>\n<meta name=\"robots\" content=\"noindex, nofollow\" \/>\n<meta property=\"og:locale\" content=\"en_US\" \/>\n<meta property=\"og:type\" content=\"article\" \/>\n<meta property=\"og:title\" content=\"Hiring a female stripper - StrippersDeluxe\" \/>\n<meta property=\"og:url\" content=\"https:\/\/strippersdeluxe.es\/en\/contratar-chica-stripper\/\" \/>\n<meta property=\"og:site_name\" content=\"StrippersDeluxe\" \/>\n<meta property=\"article:publisher\" content=\"https:\/\/www.facebook.com\/StripDelux\/\" \/>\n<meta property=\"article:modified_time\" content=\"2025-02-21T11:01:50+00:00\" \/>\n<meta property=\"og:image\" content=\"https:\/\/strippersdeluxe.es\/wp-content\/uploads\/ngg_featured\/IMG-20160401-WA0025.jpg\" \/>\n\t<meta property=\"og:image:width\" content=\"750\" \/>\n\t<meta property=\"og:image:height\" content=\"750\" \/>\n\t<meta property=\"og:image:type\" content=\"image\/jpeg\" \/>\n<meta name=\"twitter:label1\" content=\"Est. reading time\" \/>\n\t<meta name=\"twitter:data1\" content=\"1 minute\" \/>\n<!-- \/ Yoast SEO plugin. -->","yoast_head_json":{"title":"Hiring a female stripper - StrippersDeluxe","robots":{"index":"noindex","follow":"nofollow"},"og_locale":"en_US","og_type":"article","og_title":"Hiring a female stripper - StrippersDeluxe","og_url":"https:\/\/strippersdeluxe.es\/en\/contratar-chica-stripper\/","og_site_name":"StrippersDeluxe","article_publisher":"https:\/\/www.facebook.com\/StripDelux\/","article_modified_time":"2025-02-21T11:01:50+00:00","og_image":[{"width":750,"height":750,"url":"https:\/\/strippersdeluxe.es\/wp-content\/uploads\/ngg_featured\/IMG-20160401-WA0025.jpg","type":"image\/jpeg"}],"twitter_misc":{"Est. reading time":"1 minute"},"schema":{"@context":"https:\/\/schema.org","@graph":[{"@type":"WebPage","@id":"https:\/\/strippersdeluxe.es\/en\/contratar-chica-stripper\/","url":"https:\/\/strippersdeluxe.es\/en\/contratar-chica-stripper\/","name":"Hiring a female stripper - StrippersDeluxe","isPartOf":{"@id":"https:\/\/strippersdeluxe.es\/en\/#website"},"primaryImageOfPage":{"@id":"https:\/\/strippersdeluxe.es\/en\/contratar-chica-stripper\/#primaryimage"},"image":{"@id":"https:\/\/strippersdeluxe.es\/en\/contratar-chica-stripper\/#primaryimage"},"thumbnailUrl":"https:\/\/strippersdeluxe.es\/wp-content\/uploads\/ngg_featured\/IMG-20160401-WA0025.jpg","datePublished":"2016-12-20T16:58:53+00:00","dateModified":"2025-02-21T11:01:50+00:00","breadcrumb":{"@id":"https:\/\/strippersdeluxe.es\/en\/contratar-chica-stripper\/#breadcrumb"},"inLanguage":"en-US","potentialAction":[{"@type":"ReadAction","target":["https:\/\/strippersdeluxe.es\/en\/contratar-chica-stripper\/"]}]},{"@type":"ImageObject","inLanguage":"en-US","@id":"https:\/\/strippersdeluxe.es\/en\/contratar-chica-stripper\/#primaryimage","url":"https:\/\/strippersdeluxe.es\/wp-content\/uploads\/ngg_featured\/IMG-20160401-WA0025.jpg","contentUrl":"https:\/\/strippersdeluxe.es\/wp-content\/uploads\/ngg_featured\/IMG-20160401-WA0025.jpg","width":750,"height":750},{"@type":"BreadcrumbList","@id":"https:\/\/strippersdeluxe.es\/en\/contratar-chica-stripper\/#breadcrumb","itemListElement":[{"@type":"ListItem","position":1,"name":"Portada","item":"https:\/\/strippersdeluxe.es\/en\/"},{"@type":"ListItem","position":2,"name":"Hiring a female stripper"}]},{"@type":"WebSite","@id":"https:\/\/strippersdeluxe.es\/en\/#website","url":"https:\/\/strippersdeluxe.es\/en\/","name":"StrippersDeluxe","description":"Organizaci\u00f3n de eventos, despedidas de soltero y soltera, cabar\u00e9 y espect\u00e1culos[:en]Organizaci\u00f3n de eventos, despedidas de soltero y soltera, y espect\u00e1culos","publisher":{"@id":"https:\/\/strippersdeluxe.es\/en\/#organization"},"potentialAction":[{"@type":"SearchAction","target":{"@type":"EntryPoint","urlTemplate":"https:\/\/strippersdeluxe.es\/en\/?s={search_term_string}"},"query-input":{"@type":"PropertyValueSpecification","valueRequired":true,"valueName":"search_term_string"}}],"inLanguage":"en-US"},{"@type":"Organization","@id":"https:\/\/strippersdeluxe.es\/en\/#organization","name":"StrippersDeluxe","url":"https:\/\/strippersdeluxe.es\/en\/","logo":{"@type":"ImageObject","inLanguage":"en-US","@id":"https:\/\/strippersdeluxe.es\/en\/#\/schema\/logo\/image\/","url":"https:\/\/strippersdeluxe.es\/wp-content\/uploads\/2024\/10\/cropped-cropped-LOGO-1.png","contentUrl":"https:\/\/strippersdeluxe.es\/wp-content\/uploads\/2024\/10\/cropped-cropped-LOGO-1.png","width":1000,"height":516,"caption":"StrippersDeluxe"},"image":{"@id":"https:\/\/strippersdeluxe.es\/en\/#\/schema\/logo\/image\/"},"sameAs":["https:\/\/www.facebook.com\/StripDelux\/","https:\/\/x.com\/strippersdeluxe","https:\/\/www.instagram.com\/strippersdeluxe\/","https:\/\/www.youtube.com\/strippersdeluxe"]}]}},"uagb_featured_image_src":{"full":["https:\/\/strippersdeluxe.es\/wp-content\/uploads\/ngg_featured\/IMG-20160401-WA0025.jpg",750,750,false],"thumbnail":["https:\/\/strippersdeluxe.es\/wp-content\/uploads\/ngg_featured\/IMG-20160401-WA0025-150x150.jpg",150,150,true],"medium":["https:\/\/strippersdeluxe.es\/wp-content\/uploads\/ngg_featured\/IMG-20160401-WA0025-300x300.jpg",300,300,true],"medium_large":["https:\/\/strippersdeluxe.es\/wp-content\/uploads\/ngg_featured\/IMG-20160401-WA0025.jpg",750,750,false],"large":["https:\/\/strippersdeluxe.es\/wp-content\/uploads\/ngg_featured\/IMG-20160401-WA0025.jpg",750,750,false],"1536x1536":["https:\/\/strippersdeluxe.es\/wp-content\/uploads\/ngg_featured\/IMG-20160401-WA0025.jpg",750,750,false],"2048x2048":["https:\/\/strippersdeluxe.es\/wp-content\/uploads\/ngg_featured\/IMG-20160401-WA0025.jpg",750,750,false]},"uagb_author_info":{"display_name":"strippersdeluxe","author_link":"https:\/\/strippersdeluxe.es\/en\/author\/admin\/"},"uagb_comment_info":0,"uagb_excerpt":null,"_links":{"self":[{"href":"https:\/\/strippersdeluxe.es\/en\/wp-json\/wp\/v2\/pages\/6082","targetHints":{"allow":["GET"]}}],"collection":[{"href":"https:\/\/strippersdeluxe.es\/en\/wp-json\/wp\/v2\/pages"}],"about":[{"href":"https:\/\/strippersdeluxe.es\/en\/wp-json\/wp\/v2\/types\/page"}],"author":[{"embeddable":true,"href":"https:\/\/strippersdeluxe.es\/en\/wp-json\/wp\/v2\/users\/1"}],"replies":[{"embeddable":true,"href":"https:\/\/strippersdeluxe.es\/en\/wp-json\/wp\/v2\/comments?post=6082"}],"version-history":[{"count":1,"href":"https:\/\/strippersdeluxe.es\/en\/wp-json\/wp\/v2\/pages\/6082\/revisions"}],"predecessor-version":[{"id":9731,"href":"https:\/\/strippersdeluxe.es\/en\/wp-json\/wp\/v2\/pages\/6082\/revisions\/9731"}],"wp:featuredmedia":[{"embeddable":true,"href":"https:\/\/strippersdeluxe.es\/en\/wp-json\/wp\/v2\/media\/5801"}],"wp:attachment":[{"href":"https:\/\/strippersdeluxe.es\/en\/wp-json\/wp\/v2\/media?parent=6082"}],"curies":[{"name":"wp","href":"https:\/\/api.w.org\/{rel}","templated":true}]}}