{"id":6030,"date":"2016-12-07T17:09:31","date_gmt":"2016-12-07T17:09:31","guid":{"rendered":"https:\/\/strippersdeluxe.es\/6030-2\/"},"modified":"2024-10-18T09:57:32","modified_gmt":"2024-10-18T09:57:32","slug":"girona","status":"publish","type":"page","link":"https:\/\/strippersdeluxe.es\/en\/restaurantes-para-despedida-o-eventos\/girona\/","title":{"rendered":"<!\u2013Restaurants Girona | Dinner &#038; Show\u2013>"},"content":{"rendered":"<style>\n\/* Estilo para enlaces dentro del div con la clase \"restaurants\" *\/\ndiv.restaurants ul li a {\n    display: block;\n    padding: 10px;\n    margin: 10px;\n    font-size: 14px;\n    font-weight: 600;\n    border-radius: 10px;\n    text-align: center;\n    background: #ffffff; \/* Fondo blanco *\/\n    color: #333; \/* Color del texto *\/\n    text-decoration: none;\n    box-shadow: rgba(0, 0, 0, 0.15) 0px 5px 12px !important; \/* Sombra *\/\n    transition: background-color 0.3s, transform 0.3s;\n}<\/p>\n<p>div.restaurants ul li a:hover {\n    background: #f5f5f5 !important; \/* Cambia el color de fondo al pasar el rat\u00f3n *\/\n    transform: scale(0.95); \/* Agranda ligeramente al pasar el rat\u00f3n *\/\n}<\/p>\n<\/style>\n<h1>Plan an Unforgettable Bachelor or Bachelorette Party on the Costa Brava or in Girona<\/h1>\n<p>Are you tasked with organizing a bachelor or bachelorette party for a friend? If so, below we offer you the option of a dinner with a <strong>private show<\/strong> featuring <strong>male<\/strong> or <strong>female stripper<\/strong> in different cities.<\/p>\n<p>We transform a simple <strong>dinner<\/strong> into a unique occasion at our partner restaurants. We provide you the opportunity to enjoy an exceptional show, presented by our talented artists after dinner, in a carefully selected range of <strong>partner venues for groups celebrating a Stag or Hen Party.<\/strong><\/p>\n<h2>These restaurants offer private spaces for the show in Lloret de Mar, Platja d&#8217;Aro, or Girona city<\/h2>\n<p>Restaurants with private rooms perfect for groups, along with <strong>high-quality menus<\/strong> specially designed for such events. After dinner, the group will have the exclusive chance to enjoy a sensual and fun performance by a <strong>male<\/strong> or <strong>female stripper<\/strong>.<\/p>\n<h3>Bachelorette and Bachelor Party on the Costa Brava &#8211; Lloret de Mar &#038; Platja d\u00b4Aro<\/h3>\n<p>The Costa Brava is one of the favorite destinations for celebrating a bachelor or bachelorette party. We offer dinner and a show at 5 different restaurants, three in Lloret de Mar and tow in Platja d&#8217;Aro. Quality group menus with Catalan and Spanish cuisine. Check out the group menus at the following links:<\/p>\n<div class=\"restaurants\">\n<ul>\n<li><strong>Lloret de Mar (Option 1) &#8211; Restaurant chill-out in front of the beach<\/strong>:&nbsp;<a href=\"\/en\/despedida-soltero-o-soltera-lloret-de-mar\/\">Dinner and show. Click to view group menu.*<\/a><\/li>\n<li><strong>Lloret de Mar (Option 2) &#8211; Tipical masia-restaurant <\/strong>&nbsp;<a href=\"\/en\/cena-y-espectaculo-despedida-soltero-lloret-de-mar-girona\/\">Dinner and show. Click to view group menu.*<\/a><\/li>\n<li><strong>Lloret de Mar (Option 3) &#8211; Restaurant in city center <\/strong> <a href=\"\/en\/cena-con-boy-lloret-de-mar-despedida-de-soltera\/\">Dinner and show. Click to view group menu.*<\/a><\/li>\n<li><strong>Platja d&#8217;Aro (Option 1)<\/strong>: <a href=\"\/en\/despedida-soltera-platja-aro-stripper-o-boy-para-despedida\/\">Dinner and show. Click to view group menu.*<\/a><\/li>\n<li><strong>Platja d&#8217;Aro (Option 2)<\/strong>: <a href=\"\/en\/cena-con-boy-platja-aro-despedida-de-soltera\/\">Dinner and show. Click to view group menu.*<\/a><\/li>\n<\/ul>\n<p>We also offer dinner and a show in the city of Girona:<\/p>\n<ul>\n<li><strong>Girona<\/strong> city:<a href=\"\/en\/despedida-de-soltero-girona\/\">Dinner and show. Click to view group menu.*<\/a><\/li>\n<\/ul>\n<\/div>\n<p><em>*Check conditions at the link<\/em><\/p>\n","protected":false},"excerpt":{"rendered":"<p>Plan an Unforgettable Bachelor or Bachelorette Party on the Costa Brava or in Girona Are you tasked with organizing a bachelor or bachelorette party for a friend? If so, below we offer you the option of a dinner with a private show featuring male or female stripper in different cities. We transform a simple dinner [&hellip;]<\/p>\n","protected":false},"author":1,"featured_media":0,"parent":6006,"menu_order":0,"comment_status":"closed","ping_status":"closed","template":"","meta":{"_acf_changed":false,"_uag_custom_page_level_css":"","site-sidebar-layout":"default","site-content-layout":"","ast-site-content-layout":"default","site-content-style":"default","site-sidebar-style":"default","ast-global-header-display":"","ast-banner-title-visibility":"","ast-main-header-display":"","ast-hfb-above-header-display":"","ast-hfb-below-header-display":"","ast-hfb-mobile-header-display":"","site-post-title":"","ast-breadcrumbs-content":"","ast-featured-img":"","footer-sml-layout":"","ast-disable-related-posts":"","theme-transparent-header-meta":"","adv-header-id-meta":"","stick-header-meta":"","header-above-stick-meta":"","header-main-stick-meta":"","header-below-stick-meta":"","astra-migrate-meta-layouts":"set","ast-page-background-enabled":"default","ast-page-background-meta":{"desktop":{"background-color":"","background-image":"","background-repeat":"repeat","background-position":"center center","background-size":"auto","background-attachment":"scroll","background-type":"","background-media":"","overlay-type":"","overlay-color":"","overlay-opacity":"","overlay-gradient":""},"tablet":{"background-color":"","background-image":"","background-repeat":"repeat","background-position":"center center","background-size":"auto","background-attachment":"scroll","background-type":"","background-media":"","overlay-type":"","overlay-color":"","overlay-opacity":"","overlay-gradient":""},"mobile":{"background-color":"","background-image":"","background-repeat":"repeat","background-position":"center center","background-size":"auto","background-attachment":"scroll","background-type":"","background-media":"","overlay-type":"","overlay-color":"","overlay-opacity":"","overlay-gradient":""}},"ast-content-background-meta":{"desktop":{"background-color":"var(--ast-global-color-5)","background-image":"","background-repeat":"repeat","background-position":"center center","background-size":"auto","background-attachment":"scroll","background-type":"","background-media":"","overlay-type":"","overlay-color":"","overlay-opacity":"","overlay-gradient":""},"tablet":{"background-color":"var(--ast-global-color-5)","background-image":"","background-repeat":"repeat","background-position":"center center","background-size":"auto","background-attachment":"scroll","background-type":"","background-media":"","overlay-type":"","overlay-color":"","overlay-opacity":"","overlay-gradient":""},"mobile":{"background-color":"var(--ast-global-color-5)","background-image":"","background-repeat":"repeat","background-position":"center center","background-size":"auto","background-attachment":"scroll","background-type":"","background-media":"","overlay-type":"","overlay-color":"","overlay-opacity":"","overlay-gradient":""}},"footnotes":""},"class_list":["post-6030","page","type-page","status-publish","hentry"],"acf":[],"yoast_head":"<!-- This site is optimized with the Yoast SEO plugin v27.3 - https:\/\/yoast.com\/product\/yoast-seo-wordpress\/ -->\n<title>Dinner &amp; Show | Bachelor \/ Bachelorette Party - Costa Brava | Girona<\/title>\n<meta name=\"description\" content=\"Plan an Unforgettable Bachelor or Bachelorette Party on the Costa Brava or in Girona. At what cities? Lloret de Mar, Platja d\u00b4aro or Girona.\" \/>\n<meta name=\"robots\" content=\"index, follow, max-snippet:-1, max-image-preview:large, max-video-preview:-1\" \/>\n<link rel=\"canonical\" href=\"https:\/\/strippersdeluxe.es\/en\/restaurantes-para-despedida-o-eventos\/girona\/\" \/>\n<meta property=\"og:locale\" content=\"en_US\" \/>\n<meta property=\"og:type\" content=\"article\" \/>\n<meta property=\"og:title\" content=\"Dinner &amp; Show | Bachelor \/ Bachelorette Party - Costa Brava | Girona\" \/>\n<meta property=\"og:description\" content=\"Plan an Unforgettable Bachelor or Bachelorette Party on the Costa Brava or in Girona. At what cities? Lloret de Mar, Platja d\u00b4aro or Girona.\" \/>\n<meta property=\"og:url\" content=\"https:\/\/strippersdeluxe.es\/en\/restaurantes-para-despedida-o-eventos\/girona\/\" \/>\n<meta property=\"og:site_name\" content=\"StrippersDeluxe\" \/>\n<meta property=\"article:publisher\" content=\"https:\/\/www.facebook.com\/StripDelux\/\" \/>\n<meta property=\"article:modified_time\" content=\"2024-10-18T09:57:32+00:00\" \/>\n<meta name=\"twitter:label1\" content=\"Est. reading time\" \/>\n\t<meta name=\"twitter:data1\" content=\"2 minutes\" \/>\n<!-- \/ Yoast SEO plugin. -->","yoast_head_json":{"title":"Dinner & Show | Bachelor \/ Bachelorette Party - Costa Brava | Girona","description":"Plan an Unforgettable Bachelor or Bachelorette Party on the Costa Brava or in Girona. At what cities? Lloret de Mar, Platja d\u00b4aro or Girona.","robots":{"index":"index","follow":"follow","max-snippet":"max-snippet:-1","max-image-preview":"max-image-preview:large","max-video-preview":"max-video-preview:-1"},"canonical":"https:\/\/strippersdeluxe.es\/en\/restaurantes-para-despedida-o-eventos\/girona\/","og_locale":"en_US","og_type":"article","og_title":"Dinner & Show | Bachelor \/ Bachelorette Party - Costa Brava | Girona","og_description":"Plan an Unforgettable Bachelor or Bachelorette Party on the Costa Brava or in Girona. At what cities? Lloret de Mar, Platja d\u00b4aro or Girona.","og_url":"https:\/\/strippersdeluxe.es\/en\/restaurantes-para-despedida-o-eventos\/girona\/","og_site_name":"StrippersDeluxe","article_publisher":"https:\/\/www.facebook.com\/StripDelux\/","article_modified_time":"2024-10-18T09:57:32+00:00","twitter_misc":{"Est. reading time":"2 minutes"},"schema":{"@context":"https:\/\/schema.org","@graph":[{"@type":"WebPage","@id":"https:\/\/strippersdeluxe.es\/en\/restaurantes-para-despedida-o-eventos\/girona\/","url":"https:\/\/strippersdeluxe.es\/en\/restaurantes-para-despedida-o-eventos\/girona\/","name":"Dinner & Show | Bachelor \/ Bachelorette Party - Costa Brava | Girona","isPartOf":{"@id":"https:\/\/strippersdeluxe.es\/en\/#website"},"datePublished":"2016-12-07T17:09:31+00:00","dateModified":"2024-10-18T09:57:32+00:00","description":"Plan an Unforgettable Bachelor or Bachelorette Party on the Costa Brava or in Girona. At what cities? Lloret de Mar, Platja d\u00b4aro or Girona.","breadcrumb":{"@id":"https:\/\/strippersdeluxe.es\/en\/restaurantes-para-despedida-o-eventos\/girona\/#breadcrumb"},"inLanguage":"en-US","potentialAction":[{"@type":"ReadAction","target":["https:\/\/strippersdeluxe.es\/en\/restaurantes-para-despedida-o-eventos\/girona\/"]}]},{"@type":"BreadcrumbList","@id":"https:\/\/strippersdeluxe.es\/en\/restaurantes-para-despedida-o-eventos\/girona\/#breadcrumb","itemListElement":[{"@type":"ListItem","position":1,"name":"Portada","item":"https:\/\/strippersdeluxe.es\/en\/"},{"@type":"ListItem","position":2,"name":"Dinner and private Show for groups","item":"https:\/\/strippersdeluxe.es\/en\/restaurantes-para-despedida-o-eventos\/"}]},{"@type":"WebSite","@id":"https:\/\/strippersdeluxe.es\/en\/#website","url":"https:\/\/strippersdeluxe.es\/en\/","name":"StrippersDeluxe","description":"Organizaci\u00f3n de eventos, despedidas de soltero y soltera, cabar\u00e9 y espect\u00e1culos[:en]Organizaci\u00f3n de eventos, despedidas de soltero y soltera, y espect\u00e1culos","publisher":{"@id":"https:\/\/strippersdeluxe.es\/en\/#organization"},"potentialAction":[{"@type":"SearchAction","target":{"@type":"EntryPoint","urlTemplate":"https:\/\/strippersdeluxe.es\/en\/?s={search_term_string}"},"query-input":{"@type":"PropertyValueSpecification","valueRequired":true,"valueName":"search_term_string"}}],"inLanguage":"en-US"},{"@type":"Organization","@id":"https:\/\/strippersdeluxe.es\/en\/#organization","name":"StrippersDeluxe","url":"https:\/\/strippersdeluxe.es\/en\/","logo":{"@type":"ImageObject","inLanguage":"en-US","@id":"https:\/\/strippersdeluxe.es\/en\/#\/schema\/logo\/image\/","url":"https:\/\/strippersdeluxe.es\/wp-content\/uploads\/2024\/10\/cropped-cropped-LOGO-1.png","contentUrl":"https:\/\/strippersdeluxe.es\/wp-content\/uploads\/2024\/10\/cropped-cropped-LOGO-1.png","width":1000,"height":516,"caption":"StrippersDeluxe"},"image":{"@id":"https:\/\/strippersdeluxe.es\/en\/#\/schema\/logo\/image\/"},"sameAs":["https:\/\/www.facebook.com\/StripDelux\/","https:\/\/x.com\/strippersdeluxe","https:\/\/www.instagram.com\/strippersdeluxe\/","https:\/\/www.youtube.com\/strippersdeluxe"]}]}},"uagb_featured_image_src":{"full":false,"thumbnail":false,"medium":false,"medium_large":false,"large":false,"1536x1536":false,"2048x2048":false},"uagb_author_info":{"display_name":"strippersdeluxe","author_link":"https:\/\/strippersdeluxe.es\/en\/author\/admin\/"},"uagb_comment_info":0,"uagb_excerpt":"Plan an Unforgettable Bachelor or Bachelorette Party on the Costa Brava or in Girona Are you tasked with organizing a bachelor or bachelorette party for a friend? If so, below we offer you the option of a dinner with a private show featuring male or female stripper in different cities. We transform a simple dinner&hellip;","_links":{"self":[{"href":"https:\/\/strippersdeluxe.es\/en\/wp-json\/wp\/v2\/pages\/6030","targetHints":{"allow":["GET"]}}],"collection":[{"href":"https:\/\/strippersdeluxe.es\/en\/wp-json\/wp\/v2\/pages"}],"about":[{"href":"https:\/\/strippersdeluxe.es\/en\/wp-json\/wp\/v2\/types\/page"}],"author":[{"embeddable":true,"href":"https:\/\/strippersdeluxe.es\/en\/wp-json\/wp\/v2\/users\/1"}],"replies":[{"embeddable":true,"href":"https:\/\/strippersdeluxe.es\/en\/wp-json\/wp\/v2\/comments?post=6030"}],"version-history":[{"count":0,"href":"https:\/\/strippersdeluxe.es\/en\/wp-json\/wp\/v2\/pages\/6030\/revisions"}],"up":[{"embeddable":true,"href":"https:\/\/strippersdeluxe.es\/en\/wp-json\/wp\/v2\/pages\/6006"}],"wp:attachment":[{"href":"https:\/\/strippersdeluxe.es\/en\/wp-json\/wp\/v2\/media?parent=6030"}],"curies":[{"name":"wp","href":"https:\/\/api.w.org\/{rel}","templated":true}]}}