{"id":6028,"date":"2016-12-07T16:45:56","date_gmt":"2016-12-07T16:45:56","guid":{"rendered":"https:\/\/strippersdeluxe.es\/restaurants-valencia\/"},"modified":"2024-10-19T10:51:49","modified_gmt":"2024-10-19T10:51:49","slug":"valencia","status":"publish","type":"page","link":"https:\/\/strippersdeluxe.es\/en\/restaurantes-para-despedida-o-eventos\/valencia\/","title":{"rendered":"Restaurants Valencia"},"content":{"rendered":"<style>\n\/* Style for links inside the div with the class \"restaurants\" *\/\ndiv.restaurants ul li a {\n    display: block;\n    padding: 10px;\n    margin: 10px;\n    font-size: 14px;\n    font-weight: 600;\n    border-radius: 10px;\n    text-align: center;\n    background: #ffffff; \/* White background *\/\n    color: #333; \/* Text color *\/\n    text-decoration: none;\n    box-shadow: rgba(0, 0, 0, 0.15) 0px 5px 12px !important; \/* Shadow *\/\n    transition: background-color 0.3s, transform 0.3s;\n}<\/p>\n<p>div.restaurants ul li a:hover {\n    background: #f5f5f5 !important; \/* Change background color on hover *\/\n    transform: scale(0.95); \/* Slightly enlarge on hover *\/\n}<\/p>\n<\/style>\n<h3>Valencia as a Destination for Events<\/h3>\n<p>The city of Valencia, one of the most beautiful Spanish cities, stands out for its beautiful beaches like Malvarrosa and Las Arenas, and for its exceptional gastronomy. It is a popular destination in the Mediterranean to enjoy the sun and its historic city. Moreover, it&#8217;s an incredible city to celebrate a special moment such as a Stag Party or Hen Party. Below, you can find more information about different <strong>restaurants<\/strong> to celebrate <strong>Stag or Hen Parties in Valencia<\/strong>, where fun is guaranteed.<\/p>\n<h3>Valencia &#8211; Restaurant with Private Space for Celebrations or Parties<\/h3>\n<p><strong>Restaurants with private rooms<\/strong> perfect for groups, along with menus of different types designed especially for this type of events. After dinner, the group can enjoy a show featuring a <strong>fun male or female stripper<\/strong> exclusively for the group.<\/p>\n<h3>Restaurants to Celebrate Stag or Hen Parties in Valencia<\/h3>\n<p style=\"text-align: left;\">In summary, <strong>Restaurants for Stag and Hen Parties in Valencia<\/strong> where you can celebrate your friend&#8217;s bachelor or bachelorette with a unique show from our artists. We offer private spaces for groups with quality group menus (no catering). <strong>Where?<\/strong><\/p>\n<div class=\"restaurants\">\n<ul>\n<li><a href=\"\/en\/stripper-valencia-despedida-de-soltero-y-soltera\/\">Dinner and show in the center of Valencia &#8211; Eixample. Click to view group menu*<\/a><\/li>\n<li><a href=\"\/en\/cena-y-espectaculo-despedida-soltero-valencia\/\">Stag Party in Valencia &#8211; Dinner and fun sripper show in the Arrancapins neighborhood, downtown Valencia. Click to view group menu*<\/a><\/li>\n<li><a href=\"\/en\/despedida-soltera-con-boy-o-striper-valencia\/\">Dinner and show in Las Arenas Beach | Valencia. Click to view group menu*<\/a><\/li>\n<li><a href=\"\/en\/despedida-solterao-en-valencia\">Dinner in a private room and stripper show in the municipality of Catarroja. Click to view group menu*<\/a><\/li>\n<\/ul>\n<\/div>\n<p><center><em>*Check conditions and group menu at the link. Subject to availability<\/em><\/center><\/p>\n","protected":false},"excerpt":{"rendered":"<p>Valencia as a Destination for Events The city of Valencia, one of the most beautiful Spanish cities, stands out for its beautiful beaches like Malvarrosa and Las Arenas, and for its exceptional gastronomy. It is a popular destination in the Mediterranean to enjoy the sun and its historic city. Moreover, it&#8217;s an incredible city to [&hellip;]<\/p>\n","protected":false},"author":1,"featured_media":5984,"parent":6006,"menu_order":0,"comment_status":"closed","ping_status":"closed","template":"","meta":{"_acf_changed":false,"_uag_custom_page_level_css":"","site-sidebar-layout":"default","site-content-layout":"","ast-site-content-layout":"default","site-content-style":"default","site-sidebar-style":"default","ast-global-header-display":"","ast-banner-title-visibility":"","ast-main-header-display":"","ast-hfb-above-header-display":"","ast-hfb-below-header-display":"","ast-hfb-mobile-header-display":"","site-post-title":"","ast-breadcrumbs-content":"","ast-featured-img":"","footer-sml-layout":"","ast-disable-related-posts":"","theme-transparent-header-meta":"","adv-header-id-meta":"","stick-header-meta":"","header-above-stick-meta":"","header-main-stick-meta":"","header-below-stick-meta":"","astra-migrate-meta-layouts":"set","ast-page-background-enabled":"default","ast-page-background-meta":{"desktop":{"background-color":"","background-image":"","background-repeat":"repeat","background-position":"center center","background-size":"auto","background-attachment":"scroll","background-type":"","background-media":"","overlay-type":"","overlay-color":"","overlay-opacity":"","overlay-gradient":""},"tablet":{"background-color":"","background-image":"","background-repeat":"repeat","background-position":"center center","background-size":"auto","background-attachment":"scroll","background-type":"","background-media":"","overlay-type":"","overlay-color":"","overlay-opacity":"","overlay-gradient":""},"mobile":{"background-color":"","background-image":"","background-repeat":"repeat","background-position":"center center","background-size":"auto","background-attachment":"scroll","background-type":"","background-media":"","overlay-type":"","overlay-color":"","overlay-opacity":"","overlay-gradient":""}},"ast-content-background-meta":{"desktop":{"background-color":"var(--ast-global-color-5)","background-image":"","background-repeat":"repeat","background-position":"center center","background-size":"auto","background-attachment":"scroll","background-type":"","background-media":"","overlay-type":"","overlay-color":"","overlay-opacity":"","overlay-gradient":""},"tablet":{"background-color":"var(--ast-global-color-5)","background-image":"","background-repeat":"repeat","background-position":"center center","background-size":"auto","background-attachment":"scroll","background-type":"","background-media":"","overlay-type":"","overlay-color":"","overlay-opacity":"","overlay-gradient":""},"mobile":{"background-color":"var(--ast-global-color-5)","background-image":"","background-repeat":"repeat","background-position":"center center","background-size":"auto","background-attachment":"scroll","background-type":"","background-media":"","overlay-type":"","overlay-color":"","overlay-opacity":"","overlay-gradient":""}},"footnotes":""},"class_list":["post-6028","page","type-page","status-publish","has-post-thumbnail","hentry"],"acf":[],"yoast_head":"<!-- This site is optimized with the Yoast SEO plugin v27.3 - https:\/\/yoast.com\/product\/yoast-seo-wordpress\/ -->\n<title>Restaurants to Celebrate Stag or Hen Party in Valencia | Spain<\/title>\n<meta name=\"description\" content=\"Valencia is a incredible city to celebrate a special moment such as a Stag Party or Hen Party. Check the different restaurants to celebrate Stag or Hen Parties in Valencia.\" \/>\n<meta name=\"robots\" content=\"index, follow, max-snippet:-1, max-image-preview:large, max-video-preview:-1\" \/>\n<link rel=\"canonical\" href=\"https:\/\/strippersdeluxe.es\/en\/restaurantes-para-despedida-o-eventos\/valencia\/\" \/>\n<meta property=\"og:locale\" content=\"en_US\" \/>\n<meta property=\"og:type\" content=\"article\" \/>\n<meta property=\"og:title\" content=\"Restaurants to Celebrate Stag or Hen Party in Valencia | Spain\" \/>\n<meta property=\"og:description\" content=\"Valencia is a incredible city to celebrate a special moment such as a Stag Party or Hen Party. Check the different restaurants to celebrate Stag or Hen Parties in Valencia.\" \/>\n<meta property=\"og:url\" content=\"https:\/\/strippersdeluxe.es\/en\/restaurantes-para-despedida-o-eventos\/valencia\/\" \/>\n<meta property=\"og:site_name\" content=\"StrippersDeluxe\" \/>\n<meta property=\"article:publisher\" content=\"https:\/\/www.facebook.com\/StripDelux\/\" \/>\n<meta property=\"article:modified_time\" content=\"2024-10-19T10:51:49+00:00\" \/>\n<meta property=\"og:image\" content=\"https:\/\/strippersdeluxe.es\/wp-content\/uploads\/2023\/12\/valencia-stripper-cena.jpg\" \/>\n\t<meta property=\"og:image:width\" content=\"401\" \/>\n\t<meta property=\"og:image:height\" content=\"300\" \/>\n\t<meta property=\"og:image:type\" content=\"image\/jpeg\" \/>\n<meta name=\"twitter:label1\" content=\"Est. reading time\" \/>\n\t<meta name=\"twitter:data1\" content=\"2 minutes\" \/>\n<!-- \/ Yoast SEO plugin. -->","yoast_head_json":{"title":"Restaurants to Celebrate Stag or Hen Party in Valencia | Spain","description":"Valencia is a incredible city to celebrate a special moment such as a Stag Party or Hen Party. Check the different restaurants to celebrate Stag or Hen Parties in Valencia.","robots":{"index":"index","follow":"follow","max-snippet":"max-snippet:-1","max-image-preview":"max-image-preview:large","max-video-preview":"max-video-preview:-1"},"canonical":"https:\/\/strippersdeluxe.es\/en\/restaurantes-para-despedida-o-eventos\/valencia\/","og_locale":"en_US","og_type":"article","og_title":"Restaurants to Celebrate Stag or Hen Party in Valencia | Spain","og_description":"Valencia is a incredible city to celebrate a special moment such as a Stag Party or Hen Party. Check the different restaurants to celebrate Stag or Hen Parties in Valencia.","og_url":"https:\/\/strippersdeluxe.es\/en\/restaurantes-para-despedida-o-eventos\/valencia\/","og_site_name":"StrippersDeluxe","article_publisher":"https:\/\/www.facebook.com\/StripDelux\/","article_modified_time":"2024-10-19T10:51:49+00:00","og_image":[{"width":401,"height":300,"url":"https:\/\/strippersdeluxe.es\/wp-content\/uploads\/2023\/12\/valencia-stripper-cena.jpg","type":"image\/jpeg"}],"twitter_misc":{"Est. reading time":"2 minutes"},"schema":{"@context":"https:\/\/schema.org","@graph":[{"@type":"WebPage","@id":"https:\/\/strippersdeluxe.es\/en\/restaurantes-para-despedida-o-eventos\/valencia\/","url":"https:\/\/strippersdeluxe.es\/en\/restaurantes-para-despedida-o-eventos\/valencia\/","name":"Restaurants to Celebrate Stag or Hen Party in Valencia | Spain","isPartOf":{"@id":"https:\/\/strippersdeluxe.es\/en\/#website"},"primaryImageOfPage":{"@id":"https:\/\/strippersdeluxe.es\/en\/restaurantes-para-despedida-o-eventos\/valencia\/#primaryimage"},"image":{"@id":"https:\/\/strippersdeluxe.es\/en\/restaurantes-para-despedida-o-eventos\/valencia\/#primaryimage"},"thumbnailUrl":"https:\/\/strippersdeluxe.es\/wp-content\/uploads\/2023\/12\/valencia-stripper-cena.jpg","datePublished":"2016-12-07T16:45:56+00:00","dateModified":"2024-10-19T10:51:49+00:00","description":"Valencia is a incredible city to celebrate a special moment such as a Stag Party or Hen Party. Check the different restaurants to celebrate Stag or Hen Parties in Valencia.","breadcrumb":{"@id":"https:\/\/strippersdeluxe.es\/en\/restaurantes-para-despedida-o-eventos\/valencia\/#breadcrumb"},"inLanguage":"en-US","potentialAction":[{"@type":"ReadAction","target":["https:\/\/strippersdeluxe.es\/en\/restaurantes-para-despedida-o-eventos\/valencia\/"]}]},{"@type":"ImageObject","inLanguage":"en-US","@id":"https:\/\/strippersdeluxe.es\/en\/restaurantes-para-despedida-o-eventos\/valencia\/#primaryimage","url":"https:\/\/strippersdeluxe.es\/wp-content\/uploads\/2023\/12\/valencia-stripper-cena.jpg","contentUrl":"https:\/\/strippersdeluxe.es\/wp-content\/uploads\/2023\/12\/valencia-stripper-cena.jpg","width":401,"height":300},{"@type":"BreadcrumbList","@id":"https:\/\/strippersdeluxe.es\/en\/restaurantes-para-despedida-o-eventos\/valencia\/#breadcrumb","itemListElement":[{"@type":"ListItem","position":1,"name":"Portada","item":"https:\/\/strippersdeluxe.es\/en\/"},{"@type":"ListItem","position":2,"name":"Dinner and private Show for groups","item":"https:\/\/strippersdeluxe.es\/en\/restaurantes-para-despedida-o-eventos\/"},{"@type":"ListItem","position":3,"name":"Restaurants Valencia"}]},{"@type":"WebSite","@id":"https:\/\/strippersdeluxe.es\/en\/#website","url":"https:\/\/strippersdeluxe.es\/en\/","name":"StrippersDeluxe","description":"Organizaci\u00f3n de eventos, despedidas de soltero y soltera, cabar\u00e9 y espect\u00e1culos[:en]Organizaci\u00f3n de eventos, despedidas de soltero y soltera, y espect\u00e1culos","publisher":{"@id":"https:\/\/strippersdeluxe.es\/en\/#organization"},"potentialAction":[{"@type":"SearchAction","target":{"@type":"EntryPoint","urlTemplate":"https:\/\/strippersdeluxe.es\/en\/?s={search_term_string}"},"query-input":{"@type":"PropertyValueSpecification","valueRequired":true,"valueName":"search_term_string"}}],"inLanguage":"en-US"},{"@type":"Organization","@id":"https:\/\/strippersdeluxe.es\/en\/#organization","name":"StrippersDeluxe","url":"https:\/\/strippersdeluxe.es\/en\/","logo":{"@type":"ImageObject","inLanguage":"en-US","@id":"https:\/\/strippersdeluxe.es\/en\/#\/schema\/logo\/image\/","url":"https:\/\/strippersdeluxe.es\/wp-content\/uploads\/2024\/10\/cropped-cropped-LOGO-1.png","contentUrl":"https:\/\/strippersdeluxe.es\/wp-content\/uploads\/2024\/10\/cropped-cropped-LOGO-1.png","width":1000,"height":516,"caption":"StrippersDeluxe"},"image":{"@id":"https:\/\/strippersdeluxe.es\/en\/#\/schema\/logo\/image\/"},"sameAs":["https:\/\/www.facebook.com\/StripDelux\/","https:\/\/x.com\/strippersdeluxe","https:\/\/www.instagram.com\/strippersdeluxe\/","https:\/\/www.youtube.com\/strippersdeluxe"]}]}},"uagb_featured_image_src":{"full":["https:\/\/strippersdeluxe.es\/wp-content\/uploads\/2023\/12\/valencia-stripper-cena.jpg",401,300,false],"thumbnail":["https:\/\/strippersdeluxe.es\/wp-content\/uploads\/2023\/12\/valencia-stripper-cena-150x150.jpg",150,150,true],"medium":["https:\/\/strippersdeluxe.es\/wp-content\/uploads\/2023\/12\/valencia-stripper-cena-300x224.jpg",300,224,true],"medium_large":["https:\/\/strippersdeluxe.es\/wp-content\/uploads\/2023\/12\/valencia-stripper-cena.jpg",401,300,false],"large":["https:\/\/strippersdeluxe.es\/wp-content\/uploads\/2023\/12\/valencia-stripper-cena.jpg",401,300,false],"1536x1536":["https:\/\/strippersdeluxe.es\/wp-content\/uploads\/2023\/12\/valencia-stripper-cena.jpg",401,300,false],"2048x2048":["https:\/\/strippersdeluxe.es\/wp-content\/uploads\/2023\/12\/valencia-stripper-cena.jpg",401,300,false]},"uagb_author_info":{"display_name":"strippersdeluxe","author_link":"https:\/\/strippersdeluxe.es\/en\/author\/admin\/"},"uagb_comment_info":0,"uagb_excerpt":"Valencia as a Destination for Events The city of Valencia, one of the most beautiful Spanish cities, stands out for its beautiful beaches like Malvarrosa and Las Arenas, and for its exceptional gastronomy. It is a popular destination in the Mediterranean to enjoy the sun and its historic city. Moreover, it&#8217;s an incredible city to&hellip;","_links":{"self":[{"href":"https:\/\/strippersdeluxe.es\/en\/wp-json\/wp\/v2\/pages\/6028","targetHints":{"allow":["GET"]}}],"collection":[{"href":"https:\/\/strippersdeluxe.es\/en\/wp-json\/wp\/v2\/pages"}],"about":[{"href":"https:\/\/strippersdeluxe.es\/en\/wp-json\/wp\/v2\/types\/page"}],"author":[{"embeddable":true,"href":"https:\/\/strippersdeluxe.es\/en\/wp-json\/wp\/v2\/users\/1"}],"replies":[{"embeddable":true,"href":"https:\/\/strippersdeluxe.es\/en\/wp-json\/wp\/v2\/comments?post=6028"}],"version-history":[{"count":0,"href":"https:\/\/strippersdeluxe.es\/en\/wp-json\/wp\/v2\/pages\/6028\/revisions"}],"up":[{"embeddable":true,"href":"https:\/\/strippersdeluxe.es\/en\/wp-json\/wp\/v2\/pages\/6006"}],"wp:featuredmedia":[{"embeddable":true,"href":"https:\/\/strippersdeluxe.es\/en\/wp-json\/wp\/v2\/media\/5984"}],"wp:attachment":[{"href":"https:\/\/strippersdeluxe.es\/en\/wp-json\/wp\/v2\/media?parent=6028"}],"curies":[{"name":"wp","href":"https:\/\/api.w.org\/{rel}","templated":true}]}}