{"id":6026,"date":"2016-12-07T16:45:31","date_gmt":"2016-12-07T16:45:31","guid":{"rendered":"https:\/\/strippersdeluxe.es\/restaurants-in-salou-tarragona\/"},"modified":"2024-10-19T10:18:32","modified_gmt":"2024-10-19T10:18:32","slug":"tarragona","status":"publish","type":"page","link":"https:\/\/strippersdeluxe.es\/en\/restaurantes-para-despedida-o-eventos\/tarragona\/","title":{"rendered":"<center>Restaurants in Salou &#038; Tarragona<\/center>"},"content":{"rendered":"<style>\n\/* Style for links inside the div with the class \"restaurants\" *\/\ndiv.restaurants ul li a {\n    display: block;\n    padding: 10px;\n    margin: 10px;\n    font-size: 14px;\n    font-weight: 600;\n    border-radius: 10px;\n    text-align: center;\n    background: #ffffff; \/* White background *\/\n    color: #333; \/* Text color *\/\n    text-decoration: none;\n    box-shadow: rgba(0, 0, 0, 0.15) 0px 5px 12px !important; \/* Shadow *\/\n    transition: background-color 0.3s, transform 0.3s;\n}<\/p>\n<p>div.restaurants ul li a:hover {\n    background: #f5f5f5 !important; \/* Change background color on hover *\/\n    transform: scale(0.95); \/* Slightly enlarge on hover *\/\n}<\/p>\n<\/style>\n<p><center><img loading=\"lazy\" decoding=\"async\" class=\"alignnone size-full wp-image-588\" style=\"border-radius: 15px;\" src=\"https:\/\/strippersdeluxe.es\/wp-content\/uploads\/2016\/12\/Tarragona-StrippersDeluxe.jpg\" alt=\"salou-strippersdeluxe-tarragona\" width=\"279\" height=\"151\"><\/center><\/p>\n<h1>Plan an Unforgettable Stag or Hen Party in Salou or Tarragona<\/h1>\n<p>Are you planning to celebrate your friend&#8217;s <strong>bachelor or bachelorette party in Salou or Tarragona<\/strong>? We transform a simple <strong>dinner<\/strong> into a unique experience at our collaborating restaurants. We offer you the opportunity to enjoy an exceptional show, presented by our talented artists after dinner, in a carefully selected <strong>collaborating restaurants.<\/strong><\/p>\n<h2>These restaurants feature private spaces<\/h2>\n<p>Restaurants with private rooms perfect for groups, along with <strong>high-quality menus<\/strong> specially designed for this type of event. After dinner, the group will have in exclusive a fun show of <strong>male<\/strong> or <strong>female stripper.<\/strong><\/p>\n<h3>Discover the Costa Dorada and Tarragona<\/h3>\n<p>The Costa Dorada and Tarragona stand out as preferred destinations for celebrating <strong>bachelor\/bachelorette parties<\/strong>. We offer a unique experience with <strong>dinner and a show<\/strong> in three different collaborating restaurants, two located in Salou and another in Reus. Explore the group menus, carefully selected to offer the best of Catalan and Spanish cuisine.<\/p>\n<p style=\"text-align: left;\"><strong>Dinner Options with fun Show of Stripper in Salou and Tarragona:<\/strong><\/p>\n<div class=\"restaurants\">\n<ul>\n<li><a href=\"\/en\/strippers-salou-despedidas\/\">Salou &#8211; Private Dinner and Show<\/a><\/li>\n<li><a href=\"\/en\/despedida-soltero-salou-tarragona\/\">Private Dinner and Show in Salou | Option 2<\/a><\/li>\n<li><a href=\"\/en\/despedida-soltero-reus-stripper-boy\/\">Private Dinner and Show in Reus<\/a><\/li>\n<\/ul>\n<\/div>\n<p>*Check specific conditions such as the group menu and price at each link.<\/p>\n","protected":false},"excerpt":{"rendered":"<p>Plan an Unforgettable Stag or Hen Party in Salou or Tarragona Are you planning to celebrate your friend&#8217;s bachelor or bachelorette party in Salou or Tarragona? We transform a simple dinner into a unique experience at our collaborating restaurants. We offer you the opportunity to enjoy an exceptional show, presented by our talented artists after [&hellip;]<\/p>\n","protected":false},"author":1,"featured_media":0,"parent":6006,"menu_order":0,"comment_status":"closed","ping_status":"closed","template":"","meta":{"_acf_changed":false,"_uag_custom_page_level_css":"","site-sidebar-layout":"default","site-content-layout":"","ast-site-content-layout":"default","site-content-style":"default","site-sidebar-style":"default","ast-global-header-display":"","ast-banner-title-visibility":"","ast-main-header-display":"","ast-hfb-above-header-display":"","ast-hfb-below-header-display":"","ast-hfb-mobile-header-display":"","site-post-title":"","ast-breadcrumbs-content":"","ast-featured-img":"","footer-sml-layout":"","ast-disable-related-posts":"","theme-transparent-header-meta":"","adv-header-id-meta":"","stick-header-meta":"","header-above-stick-meta":"","header-main-stick-meta":"","header-below-stick-meta":"","astra-migrate-meta-layouts":"set","ast-page-background-enabled":"default","ast-page-background-meta":{"desktop":{"background-color":"","background-image":"","background-repeat":"repeat","background-position":"center center","background-size":"auto","background-attachment":"scroll","background-type":"","background-media":"","overlay-type":"","overlay-color":"","overlay-opacity":"","overlay-gradient":""},"tablet":{"background-color":"","background-image":"","background-repeat":"repeat","background-position":"center center","background-size":"auto","background-attachment":"scroll","background-type":"","background-media":"","overlay-type":"","overlay-color":"","overlay-opacity":"","overlay-gradient":""},"mobile":{"background-color":"","background-image":"","background-repeat":"repeat","background-position":"center center","background-size":"auto","background-attachment":"scroll","background-type":"","background-media":"","overlay-type":"","overlay-color":"","overlay-opacity":"","overlay-gradient":""}},"ast-content-background-meta":{"desktop":{"background-color":"var(--ast-global-color-5)","background-image":"","background-repeat":"repeat","background-position":"center center","background-size":"auto","background-attachment":"scroll","background-type":"","background-media":"","overlay-type":"","overlay-color":"","overlay-opacity":"","overlay-gradient":""},"tablet":{"background-color":"var(--ast-global-color-5)","background-image":"","background-repeat":"repeat","background-position":"center center","background-size":"auto","background-attachment":"scroll","background-type":"","background-media":"","overlay-type":"","overlay-color":"","overlay-opacity":"","overlay-gradient":""},"mobile":{"background-color":"var(--ast-global-color-5)","background-image":"","background-repeat":"repeat","background-position":"center center","background-size":"auto","background-attachment":"scroll","background-type":"","background-media":"","overlay-type":"","overlay-color":"","overlay-opacity":"","overlay-gradient":""}},"footnotes":""},"class_list":["post-6026","page","type-page","status-publish","hentry"],"acf":[],"yoast_head":"<!-- This site is optimized with the Yoast SEO plugin v27.3 - https:\/\/yoast.com\/product\/yoast-seo-wordpress\/ -->\n<title>Bachelor &amp; Bachelorette Parties in Salou and Tarragona<\/title>\n<meta name=\"description\" content=\"Create lasting memories with an unforgettable bachelor or bachelorette party in Salou or Tarragona. Experience exceptional dinners, exclusive shows with talented artists.\" \/>\n<meta name=\"robots\" content=\"index, follow, max-snippet:-1, max-image-preview:large, max-video-preview:-1\" \/>\n<link rel=\"canonical\" href=\"https:\/\/strippersdeluxe.es\/en\/restaurantes-para-despedida-o-eventos\/tarragona\/\" \/>\n<meta property=\"og:locale\" content=\"en_US\" \/>\n<meta property=\"og:type\" content=\"article\" \/>\n<meta property=\"og:title\" content=\"Bachelor &amp; Bachelorette Parties in Salou and Tarragona\" \/>\n<meta property=\"og:description\" content=\"Create lasting memories with an unforgettable bachelor or bachelorette party in Salou or Tarragona. Experience exceptional dinners, exclusive shows with talented artists.\" \/>\n<meta property=\"og:url\" content=\"https:\/\/strippersdeluxe.es\/en\/restaurantes-para-despedida-o-eventos\/tarragona\/\" \/>\n<meta property=\"og:site_name\" content=\"StrippersDeluxe\" \/>\n<meta property=\"article:publisher\" content=\"https:\/\/www.facebook.com\/StripDelux\/\" \/>\n<meta property=\"article:modified_time\" content=\"2024-10-19T10:18:32+00:00\" \/>\n<meta property=\"og:image\" content=\"https:\/\/strippersdeluxe.es\/wp-content\/uploads\/2016\/12\/Madrid-StrippersDeluxe.jpg\" \/>\n\t<meta property=\"og:image:width\" content=\"279\" \/>\n\t<meta property=\"og:image:height\" content=\"151\" \/>\n\t<meta property=\"og:image:type\" content=\"image\/jpeg\" \/>\n<meta name=\"twitter:label1\" content=\"Est. reading time\" \/>\n\t<meta name=\"twitter:data1\" content=\"2 minutes\" \/>\n<!-- \/ Yoast SEO plugin. -->","yoast_head_json":{"title":"Bachelor & Bachelorette Parties in Salou and Tarragona","description":"Create lasting memories with an unforgettable bachelor or bachelorette party in Salou or Tarragona. Experience exceptional dinners, exclusive shows with talented artists.","robots":{"index":"index","follow":"follow","max-snippet":"max-snippet:-1","max-image-preview":"max-image-preview:large","max-video-preview":"max-video-preview:-1"},"canonical":"https:\/\/strippersdeluxe.es\/en\/restaurantes-para-despedida-o-eventos\/tarragona\/","og_locale":"en_US","og_type":"article","og_title":"Bachelor & Bachelorette Parties in Salou and Tarragona","og_description":"Create lasting memories with an unforgettable bachelor or bachelorette party in Salou or Tarragona. Experience exceptional dinners, exclusive shows with talented artists.","og_url":"https:\/\/strippersdeluxe.es\/en\/restaurantes-para-despedida-o-eventos\/tarragona\/","og_site_name":"StrippersDeluxe","article_publisher":"https:\/\/www.facebook.com\/StripDelux\/","article_modified_time":"2024-10-19T10:18:32+00:00","og_image":[{"width":279,"height":151,"url":"https:\/\/strippersdeluxe.es\/wp-content\/uploads\/2016\/12\/Madrid-StrippersDeluxe.jpg","type":"image\/jpeg"}],"twitter_misc":{"Est. reading time":"2 minutes"},"schema":{"@context":"https:\/\/schema.org","@graph":[{"@type":"WebPage","@id":"https:\/\/strippersdeluxe.es\/en\/restaurantes-para-despedida-o-eventos\/tarragona\/","url":"https:\/\/strippersdeluxe.es\/en\/restaurantes-para-despedida-o-eventos\/tarragona\/","name":"Bachelor & Bachelorette Parties in Salou and Tarragona","isPartOf":{"@id":"https:\/\/strippersdeluxe.es\/en\/#website"},"primaryImageOfPage":{"@id":"https:\/\/strippersdeluxe.es\/en\/restaurantes-para-despedida-o-eventos\/tarragona\/#primaryimage"},"image":{"@id":"https:\/\/strippersdeluxe.es\/en\/restaurantes-para-despedida-o-eventos\/tarragona\/#primaryimage"},"thumbnailUrl":"https:\/\/strippersdeluxe.es\/wp-content\/uploads\/2016\/12\/Tarragona-StrippersDeluxe.jpg","datePublished":"2016-12-07T16:45:31+00:00","dateModified":"2024-10-19T10:18:32+00:00","description":"Create lasting memories with an unforgettable bachelor or bachelorette party in Salou or Tarragona. Experience exceptional dinners, exclusive shows with talented artists.","breadcrumb":{"@id":"https:\/\/strippersdeluxe.es\/en\/restaurantes-para-despedida-o-eventos\/tarragona\/#breadcrumb"},"inLanguage":"en-US","potentialAction":[{"@type":"ReadAction","target":["https:\/\/strippersdeluxe.es\/en\/restaurantes-para-despedida-o-eventos\/tarragona\/"]}]},{"@type":"ImageObject","inLanguage":"en-US","@id":"https:\/\/strippersdeluxe.es\/en\/restaurantes-para-despedida-o-eventos\/tarragona\/#primaryimage","url":"https:\/\/strippersdeluxe.es\/wp-content\/uploads\/2016\/12\/Tarragona-StrippersDeluxe.jpg","contentUrl":"https:\/\/strippersdeluxe.es\/wp-content\/uploads\/2016\/12\/Tarragona-StrippersDeluxe.jpg"},{"@type":"BreadcrumbList","@id":"https:\/\/strippersdeluxe.es\/en\/restaurantes-para-despedida-o-eventos\/tarragona\/#breadcrumb","itemListElement":[{"@type":"ListItem","position":1,"name":"Portada","item":"https:\/\/strippersdeluxe.es\/en\/"},{"@type":"ListItem","position":2,"name":"Dinner and private Show for groups","item":"https:\/\/strippersdeluxe.es\/en\/restaurantes-para-despedida-o-eventos\/"},{"@type":"ListItem","position":3,"name":"Restaurants in Salou &#038; Tarragona"}]},{"@type":"WebSite","@id":"https:\/\/strippersdeluxe.es\/en\/#website","url":"https:\/\/strippersdeluxe.es\/en\/","name":"StrippersDeluxe","description":"Organizaci\u00f3n de eventos, despedidas de soltero y soltera, cabar\u00e9 y espect\u00e1culos[:en]Organizaci\u00f3n de eventos, despedidas de soltero y soltera, y espect\u00e1culos","publisher":{"@id":"https:\/\/strippersdeluxe.es\/en\/#organization"},"potentialAction":[{"@type":"SearchAction","target":{"@type":"EntryPoint","urlTemplate":"https:\/\/strippersdeluxe.es\/en\/?s={search_term_string}"},"query-input":{"@type":"PropertyValueSpecification","valueRequired":true,"valueName":"search_term_string"}}],"inLanguage":"en-US"},{"@type":"Organization","@id":"https:\/\/strippersdeluxe.es\/en\/#organization","name":"StrippersDeluxe","url":"https:\/\/strippersdeluxe.es\/en\/","logo":{"@type":"ImageObject","inLanguage":"en-US","@id":"https:\/\/strippersdeluxe.es\/en\/#\/schema\/logo\/image\/","url":"https:\/\/strippersdeluxe.es\/wp-content\/uploads\/2024\/10\/cropped-cropped-LOGO-1.png","contentUrl":"https:\/\/strippersdeluxe.es\/wp-content\/uploads\/2024\/10\/cropped-cropped-LOGO-1.png","width":1000,"height":516,"caption":"StrippersDeluxe"},"image":{"@id":"https:\/\/strippersdeluxe.es\/en\/#\/schema\/logo\/image\/"},"sameAs":["https:\/\/www.facebook.com\/StripDelux\/","https:\/\/x.com\/strippersdeluxe","https:\/\/www.instagram.com\/strippersdeluxe\/","https:\/\/www.youtube.com\/strippersdeluxe"]}]}},"uagb_featured_image_src":{"full":false,"thumbnail":false,"medium":false,"medium_large":false,"large":false,"1536x1536":false,"2048x2048":false},"uagb_author_info":{"display_name":"strippersdeluxe","author_link":"https:\/\/strippersdeluxe.es\/en\/author\/admin\/"},"uagb_comment_info":0,"uagb_excerpt":"Plan an Unforgettable Stag or Hen Party in Salou or Tarragona Are you planning to celebrate your friend&#8217;s bachelor or bachelorette party in Salou or Tarragona? We transform a simple dinner into a unique experience at our collaborating restaurants. We offer you the opportunity to enjoy an exceptional show, presented by our talented artists after&hellip;","_links":{"self":[{"href":"https:\/\/strippersdeluxe.es\/en\/wp-json\/wp\/v2\/pages\/6026","targetHints":{"allow":["GET"]}}],"collection":[{"href":"https:\/\/strippersdeluxe.es\/en\/wp-json\/wp\/v2\/pages"}],"about":[{"href":"https:\/\/strippersdeluxe.es\/en\/wp-json\/wp\/v2\/types\/page"}],"author":[{"embeddable":true,"href":"https:\/\/strippersdeluxe.es\/en\/wp-json\/wp\/v2\/users\/1"}],"replies":[{"embeddable":true,"href":"https:\/\/strippersdeluxe.es\/en\/wp-json\/wp\/v2\/comments?post=6026"}],"version-history":[{"count":0,"href":"https:\/\/strippersdeluxe.es\/en\/wp-json\/wp\/v2\/pages\/6026\/revisions"}],"up":[{"embeddable":true,"href":"https:\/\/strippersdeluxe.es\/en\/wp-json\/wp\/v2\/pages\/6006"}],"wp:attachment":[{"href":"https:\/\/strippersdeluxe.es\/en\/wp-json\/wp\/v2\/media?parent=6026"}],"curies":[{"name":"wp","href":"https:\/\/api.w.org\/{rel}","templated":true}]}}