{"id":6020,"date":"2016-12-07T16:44:25","date_gmt":"2016-12-07T16:44:25","guid":{"rendered":"https:\/\/strippersdeluxe.es\/restaurants-mallorca\/"},"modified":"2025-04-17T09:45:43","modified_gmt":"2025-04-17T09:45:43","slug":"mallorca","status":"publish","type":"page","link":"https:\/\/strippersdeluxe.es\/en\/restaurantes-para-despedida-o-eventos\/mallorca\/","title":{"rendered":"Restaurants Mallorca"},"content":{"rendered":"<style>\n\/* Style for links inside the div with the class \"restaurants\" *\/\ndiv.restaurants ul li a {\n    display: block;\n    padding: 10px;\n    margin: 10px;\n    font-size: 14px;\n    font-weight: 600;\n    border-radius: 10px;\n    text-align: center;\n    background: #ffffff; \/* White background *\/\n    color: #333; \/* Text color *\/\n    text-decoration: none;\n    box-shadow: rgba(0, 0, 0, 0.15) 0px 5px 12px !important; \/* Shadow *\/\n    transition: background-color 0.3s, transform 0.3s;\n}<\/p>\n<p>div.restaurants ul li a:hover {\n    background: #f5f5f5 !important; \/* Change background color on hover *\/\n    transform: scale(0.95); \/* Slightly enlarge on hover *\/\n}<\/p>\n<\/style>\n<h3>Restaurants for Bachelorette and Bachelor Party Celebrations<\/h3>\n<p>If you&#8217;ve been tasked with planning a <strong>bachelorette party in Majorca<\/strong> or a <strong>bachelor party in Mallorca<\/strong> for a friend, you&#8217;ve come to the right place. The Balearic island not only offers beautiful beaches and landscapes but also an incredible scene to celebrate this special moment. Below, you can find more information about different <strong>restaurants<\/strong> to celebrate <strong>bachelorette parties in Mallorca<\/strong>, where the fun is guaranteed.<\/p>\n<h3>These Restaurants Have Private Rooms for Shows in Majorca (Mallorca)<\/h3>\n<p><strong>Restaurants with private rooms<\/strong> are perfect for groups, along with menus of different types designed especially for these events. After dinner, the group can enjoy a fun and thrill show featuring <strong>male<\/strong> or <strong>female stripper<\/strong> exclusively for the group.<\/p>\n<h3>List of Different Restaurants for Events | Mallorca <\/h3>\n<p style=\"text-align: left;\"><strong>Restaurants for bachelorette and bachelor parties in Palma de Majorca<\/strong>, where you can celebrate your friend&#8217;s event with a unique show from our artists. We offer private spaces for groups with various culinary options. <strong>Where?<\/strong><\/p>\n<div class=\"restaurants\">\n<ul>\n<li><a href=\"https:\/\/strippersdeluxe.es\/en\/despedida-soltera-palma-mallorca\/\">Dinner on the Paseo Mar\u00edtimo in Palma (Mallorca) with a show. Click to view the group menu<\/a><\/li>\n<li><a href=\"https:\/\/strippersdeluxe.es\/en\/despedida-soltero-palma-stripper\/\">Bachelor party in Palma (Mallorca) &#8211; Dinner and show in La Lonja. Click to view the group menu<\/a><\/li>\n<li><a href=\"https:\/\/strippersdeluxe.es\/en\/despedida-soltero-palma-mallorca-en-restaurante-japones-stripper-o-boy\/\">Teppanyaki dinner and fun stripper show in a Japanese restaurant | Palma, Mallorca. Click to view the group menu<\/a><\/li>\n<li><a href=\"https:\/\/strippersdeluxe.es\/en\/despedida-soltero-palma-mallorca\/\">Dinner in a private lounge and female or male stripper show in Playa de Palma (Les Meravelles neighborhood) for a bachelorette or bachelor party group. Click to view the group menu<\/a><\/li>\n<li><a href=\"https:\/\/strippersdeluxe.es\/en\/despedida-boy-o-stripper-palma-mallorca\/\">Cocktail and Show for the group with a male or female stripper fun show in Santa Catalina &#8211; Palma Mallorca. Click to view this option<\/a><\/li>\n<\/ul>\n<\/div>\n<p><center><em>*Check conditions and group menu at the link. Subject to availability<\/em><\/center><\/p>\n","protected":false},"excerpt":{"rendered":"<p>Restaurants for Bachelorette and Bachelor Party Celebrations If you&#8217;ve been tasked with planning a bachelorette party in Majorca or a bachelor party in Mallorca for a friend, you&#8217;ve come to the right place. The Balearic island not only offers beautiful beaches and landscapes but also an incredible scene to celebrate this special moment. Below, you [&hellip;]<\/p>\n","protected":false},"author":1,"featured_media":5837,"parent":6006,"menu_order":0,"comment_status":"closed","ping_status":"closed","template":"","meta":{"_acf_changed":false,"_uag_custom_page_level_css":"","site-sidebar-layout":"default","site-content-layout":"","ast-site-content-layout":"default","site-content-style":"default","site-sidebar-style":"default","ast-global-header-display":"","ast-banner-title-visibility":"","ast-main-header-display":"","ast-hfb-above-header-display":"","ast-hfb-below-header-display":"","ast-hfb-mobile-header-display":"","site-post-title":"","ast-breadcrumbs-content":"","ast-featured-img":"","footer-sml-layout":"","ast-disable-related-posts":"","theme-transparent-header-meta":"","adv-header-id-meta":"","stick-header-meta":"","header-above-stick-meta":"","header-main-stick-meta":"","header-below-stick-meta":"","astra-migrate-meta-layouts":"set","ast-page-background-enabled":"default","ast-page-background-meta":{"desktop":{"background-color":"","background-image":"","background-repeat":"repeat","background-position":"center center","background-size":"auto","background-attachment":"scroll","background-type":"","background-media":"","overlay-type":"","overlay-color":"","overlay-opacity":"","overlay-gradient":""},"tablet":{"background-color":"","background-image":"","background-repeat":"repeat","background-position":"center center","background-size":"auto","background-attachment":"scroll","background-type":"","background-media":"","overlay-type":"","overlay-color":"","overlay-opacity":"","overlay-gradient":""},"mobile":{"background-color":"","background-image":"","background-repeat":"repeat","background-position":"center center","background-size":"auto","background-attachment":"scroll","background-type":"","background-media":"","overlay-type":"","overlay-color":"","overlay-opacity":"","overlay-gradient":""}},"ast-content-background-meta":{"desktop":{"background-color":"var(--ast-global-color-5)","background-image":"","background-repeat":"repeat","background-position":"center center","background-size":"auto","background-attachment":"scroll","background-type":"","background-media":"","overlay-type":"","overlay-color":"","overlay-opacity":"","overlay-gradient":""},"tablet":{"background-color":"var(--ast-global-color-5)","background-image":"","background-repeat":"repeat","background-position":"center center","background-size":"auto","background-attachment":"scroll","background-type":"","background-media":"","overlay-type":"","overlay-color":"","overlay-opacity":"","overlay-gradient":""},"mobile":{"background-color":"var(--ast-global-color-5)","background-image":"","background-repeat":"repeat","background-position":"center center","background-size":"auto","background-attachment":"scroll","background-type":"","background-media":"","overlay-type":"","overlay-color":"","overlay-opacity":"","overlay-gradient":""}},"footnotes":""},"class_list":["post-6020","page","type-page","status-publish","has-post-thumbnail","hentry"],"acf":[],"yoast_head":"<!-- This site is optimized with the Yoast SEO plugin v27.3 - https:\/\/yoast.com\/product\/yoast-seo-wordpress\/ -->\n<title>Majorca | Restaurants for Bachelorette and Bachelor Party<\/title>\n<meta name=\"description\" content=\"Restaurants for Bachelorette and Bachelor Party Celebrations in Majorca. After dinner, the group can enjoy a fun and thrill show.\" \/>\n<meta name=\"robots\" content=\"index, follow, max-snippet:-1, max-image-preview:large, max-video-preview:-1\" \/>\n<link rel=\"canonical\" href=\"https:\/\/strippersdeluxe.es\/en\/restaurantes-para-despedida-o-eventos\/mallorca\/\" \/>\n<meta property=\"og:locale\" content=\"en_US\" \/>\n<meta property=\"og:type\" content=\"article\" \/>\n<meta property=\"og:title\" content=\"Majorca | Restaurants for Bachelorette and Bachelor Party\" \/>\n<meta property=\"og:description\" content=\"Restaurants for Bachelorette and Bachelor Party Celebrations in Majorca. After dinner, the group can enjoy a fun and thrill show.\" \/>\n<meta property=\"og:url\" content=\"https:\/\/strippersdeluxe.es\/en\/restaurantes-para-despedida-o-eventos\/mallorca\/\" \/>\n<meta property=\"og:site_name\" content=\"StrippersDeluxe\" \/>\n<meta property=\"article:publisher\" content=\"https:\/\/www.facebook.com\/StripDelux\/\" \/>\n<meta property=\"article:modified_time\" content=\"2025-04-17T09:45:43+00:00\" \/>\n<meta property=\"og:image\" content=\"https:\/\/strippersdeluxe.es\/wp-content\/uploads\/ngg_featured\/Despedida-Soltero-Palma.jpg\" \/>\n\t<meta property=\"og:image:width\" content=\"1280\" \/>\n\t<meta property=\"og:image:height\" content=\"960\" \/>\n\t<meta property=\"og:image:type\" content=\"image\/jpeg\" \/>\n<meta name=\"twitter:label1\" content=\"Est. reading time\" \/>\n\t<meta name=\"twitter:data1\" content=\"2 minutes\" \/>\n<!-- \/ Yoast SEO plugin. -->","yoast_head_json":{"title":"Majorca | Restaurants for Bachelorette and Bachelor Party","description":"Restaurants for Bachelorette and Bachelor Party Celebrations in Majorca. After dinner, the group can enjoy a fun and thrill show.","robots":{"index":"index","follow":"follow","max-snippet":"max-snippet:-1","max-image-preview":"max-image-preview:large","max-video-preview":"max-video-preview:-1"},"canonical":"https:\/\/strippersdeluxe.es\/en\/restaurantes-para-despedida-o-eventos\/mallorca\/","og_locale":"en_US","og_type":"article","og_title":"Majorca | Restaurants for Bachelorette and Bachelor Party","og_description":"Restaurants for Bachelorette and Bachelor Party Celebrations in Majorca. After dinner, the group can enjoy a fun and thrill show.","og_url":"https:\/\/strippersdeluxe.es\/en\/restaurantes-para-despedida-o-eventos\/mallorca\/","og_site_name":"StrippersDeluxe","article_publisher":"https:\/\/www.facebook.com\/StripDelux\/","article_modified_time":"2025-04-17T09:45:43+00:00","og_image":[{"width":1280,"height":960,"url":"https:\/\/strippersdeluxe.es\/wp-content\/uploads\/ngg_featured\/Despedida-Soltero-Palma.jpg","type":"image\/jpeg"}],"twitter_misc":{"Est. reading time":"2 minutes"},"schema":{"@context":"https:\/\/schema.org","@graph":[{"@type":"WebPage","@id":"https:\/\/strippersdeluxe.es\/en\/restaurantes-para-despedida-o-eventos\/mallorca\/","url":"https:\/\/strippersdeluxe.es\/en\/restaurantes-para-despedida-o-eventos\/mallorca\/","name":"Majorca | Restaurants for Bachelorette and Bachelor Party","isPartOf":{"@id":"https:\/\/strippersdeluxe.es\/en\/#website"},"primaryImageOfPage":{"@id":"https:\/\/strippersdeluxe.es\/en\/restaurantes-para-despedida-o-eventos\/mallorca\/#primaryimage"},"image":{"@id":"https:\/\/strippersdeluxe.es\/en\/restaurantes-para-despedida-o-eventos\/mallorca\/#primaryimage"},"thumbnailUrl":"https:\/\/strippersdeluxe.es\/wp-content\/uploads\/ngg_featured\/Despedida-Soltero-Palma.jpg","datePublished":"2016-12-07T16:44:25+00:00","dateModified":"2025-04-17T09:45:43+00:00","description":"Restaurants for Bachelorette and Bachelor Party Celebrations in Majorca. After dinner, the group can enjoy a fun and thrill show.","breadcrumb":{"@id":"https:\/\/strippersdeluxe.es\/en\/restaurantes-para-despedida-o-eventos\/mallorca\/#breadcrumb"},"inLanguage":"en-US","potentialAction":[{"@type":"ReadAction","target":["https:\/\/strippersdeluxe.es\/en\/restaurantes-para-despedida-o-eventos\/mallorca\/"]}]},{"@type":"ImageObject","inLanguage":"en-US","@id":"https:\/\/strippersdeluxe.es\/en\/restaurantes-para-despedida-o-eventos\/mallorca\/#primaryimage","url":"https:\/\/strippersdeluxe.es\/wp-content\/uploads\/ngg_featured\/Despedida-Soltero-Palma.jpg","contentUrl":"https:\/\/strippersdeluxe.es\/wp-content\/uploads\/ngg_featured\/Despedida-Soltero-Palma.jpg","width":1280,"height":960},{"@type":"BreadcrumbList","@id":"https:\/\/strippersdeluxe.es\/en\/restaurantes-para-despedida-o-eventos\/mallorca\/#breadcrumb","itemListElement":[{"@type":"ListItem","position":1,"name":"Portada","item":"https:\/\/strippersdeluxe.es\/en\/"},{"@type":"ListItem","position":2,"name":"Dinner and private Show for groups","item":"https:\/\/strippersdeluxe.es\/en\/restaurantes-para-despedida-o-eventos\/"},{"@type":"ListItem","position":3,"name":"Restaurants Mallorca"}]},{"@type":"WebSite","@id":"https:\/\/strippersdeluxe.es\/en\/#website","url":"https:\/\/strippersdeluxe.es\/en\/","name":"StrippersDeluxe","description":"Organizaci\u00f3n de eventos, despedidas de soltero y soltera, cabar\u00e9 y espect\u00e1culos[:en]Organizaci\u00f3n de eventos, despedidas de soltero y soltera, y espect\u00e1culos","publisher":{"@id":"https:\/\/strippersdeluxe.es\/en\/#organization"},"potentialAction":[{"@type":"SearchAction","target":{"@type":"EntryPoint","urlTemplate":"https:\/\/strippersdeluxe.es\/en\/?s={search_term_string}"},"query-input":{"@type":"PropertyValueSpecification","valueRequired":true,"valueName":"search_term_string"}}],"inLanguage":"en-US"},{"@type":"Organization","@id":"https:\/\/strippersdeluxe.es\/en\/#organization","name":"StrippersDeluxe","url":"https:\/\/strippersdeluxe.es\/en\/","logo":{"@type":"ImageObject","inLanguage":"en-US","@id":"https:\/\/strippersdeluxe.es\/en\/#\/schema\/logo\/image\/","url":"https:\/\/strippersdeluxe.es\/wp-content\/uploads\/2024\/10\/cropped-cropped-LOGO-1.png","contentUrl":"https:\/\/strippersdeluxe.es\/wp-content\/uploads\/2024\/10\/cropped-cropped-LOGO-1.png","width":1000,"height":516,"caption":"StrippersDeluxe"},"image":{"@id":"https:\/\/strippersdeluxe.es\/en\/#\/schema\/logo\/image\/"},"sameAs":["https:\/\/www.facebook.com\/StripDelux\/","https:\/\/x.com\/strippersdeluxe","https:\/\/www.instagram.com\/strippersdeluxe\/","https:\/\/www.youtube.com\/strippersdeluxe"]}]}},"uagb_featured_image_src":{"full":["https:\/\/strippersdeluxe.es\/wp-content\/uploads\/ngg_featured\/Despedida-Soltero-Palma.jpg",1280,960,false],"thumbnail":["https:\/\/strippersdeluxe.es\/wp-content\/uploads\/ngg_featured\/Despedida-Soltero-Palma-150x150.jpg",150,150,true],"medium":["https:\/\/strippersdeluxe.es\/wp-content\/uploads\/ngg_featured\/Despedida-Soltero-Palma-300x225.jpg",300,225,true],"medium_large":["https:\/\/strippersdeluxe.es\/wp-content\/uploads\/ngg_featured\/Despedida-Soltero-Palma-768x576.jpg",768,576,true],"large":["https:\/\/strippersdeluxe.es\/wp-content\/uploads\/ngg_featured\/Despedida-Soltero-Palma-1024x768.jpg",1024,768,true],"1536x1536":["https:\/\/strippersdeluxe.es\/wp-content\/uploads\/ngg_featured\/Despedida-Soltero-Palma.jpg",1280,960,false],"2048x2048":["https:\/\/strippersdeluxe.es\/wp-content\/uploads\/ngg_featured\/Despedida-Soltero-Palma.jpg",1280,960,false]},"uagb_author_info":{"display_name":"strippersdeluxe","author_link":"https:\/\/strippersdeluxe.es\/en\/author\/admin\/"},"uagb_comment_info":0,"uagb_excerpt":"Restaurants for Bachelorette and Bachelor Party Celebrations If you&#8217;ve been tasked with planning a bachelorette party in Majorca or a bachelor party in Mallorca for a friend, you&#8217;ve come to the right place. The Balearic island not only offers beautiful beaches and landscapes but also an incredible scene to celebrate this special moment. Below, you&hellip;","_links":{"self":[{"href":"https:\/\/strippersdeluxe.es\/en\/wp-json\/wp\/v2\/pages\/6020","targetHints":{"allow":["GET"]}}],"collection":[{"href":"https:\/\/strippersdeluxe.es\/en\/wp-json\/wp\/v2\/pages"}],"about":[{"href":"https:\/\/strippersdeluxe.es\/en\/wp-json\/wp\/v2\/types\/page"}],"author":[{"embeddable":true,"href":"https:\/\/strippersdeluxe.es\/en\/wp-json\/wp\/v2\/users\/1"}],"replies":[{"embeddable":true,"href":"https:\/\/strippersdeluxe.es\/en\/wp-json\/wp\/v2\/comments?post=6020"}],"version-history":[{"count":2,"href":"https:\/\/strippersdeluxe.es\/en\/wp-json\/wp\/v2\/pages\/6020\/revisions"}],"predecessor-version":[{"id":10175,"href":"https:\/\/strippersdeluxe.es\/en\/wp-json\/wp\/v2\/pages\/6020\/revisions\/10175"}],"up":[{"embeddable":true,"href":"https:\/\/strippersdeluxe.es\/en\/wp-json\/wp\/v2\/pages\/6006"}],"wp:featuredmedia":[{"embeddable":true,"href":"https:\/\/strippersdeluxe.es\/en\/wp-json\/wp\/v2\/media\/5837"}],"wp:attachment":[{"href":"https:\/\/strippersdeluxe.es\/en\/wp-json\/wp\/v2\/media?parent=6020"}],"curies":[{"name":"wp","href":"https:\/\/api.w.org\/{rel}","templated":true}]}}