{"id":6016,"date":"2016-12-07T16:43:02","date_gmt":"2016-12-07T16:43:02","guid":{"rendered":"https:\/\/strippersdeluxe.es\/restaurants-castellon\/"},"modified":"2024-10-10T09:00:02","modified_gmt":"2024-10-10T09:00:02","slug":"castellon","status":"publish","type":"page","link":"https:\/\/strippersdeluxe.es\/en\/restaurantes-para-despedida-o-eventos\/castellon\/","title":{"rendered":"Restaurants Castell\u00f3n"},"content":{"rendered":"<div class=\"shortcode\"><strong>We currently do not have any collaborating restaurants in this city or province.<\/strong><\/div>\n","protected":false},"excerpt":{"rendered":"<p>We currently do not have any collaborating restaurants in this city or province.<\/p>\n","protected":false},"author":1,"featured_media":0,"parent":6006,"menu_order":0,"comment_status":"closed","ping_status":"closed","template":"","meta":{"_acf_changed":false,"_uag_custom_page_level_css":"","site-sidebar-layout":"default","site-content-layout":"","ast-site-content-layout":"default","site-content-style":"default","site-sidebar-style":"default","ast-global-header-display":"","ast-banner-title-visibility":"","ast-main-header-display":"","ast-hfb-above-header-display":"","ast-hfb-below-header-display":"","ast-hfb-mobile-header-display":"","site-post-title":"","ast-breadcrumbs-content":"","ast-featured-img":"","footer-sml-layout":"","ast-disable-related-posts":"","theme-transparent-header-meta":"","adv-header-id-meta":"","stick-header-meta":"","header-above-stick-meta":"","header-main-stick-meta":"","header-below-stick-meta":"","astra-migrate-meta-layouts":"default","ast-page-background-enabled":"default","ast-page-background-meta":{"desktop":{"background-color":"","background-image":"","background-repeat":"repeat","background-position":"center center","background-size":"auto","background-attachment":"scroll","background-type":"","background-media":"","overlay-type":"","overlay-color":"","overlay-opacity":"","overlay-gradient":""},"tablet":{"background-color":"","background-image":"","background-repeat":"repeat","background-position":"center center","background-size":"auto","background-attachment":"scroll","background-type":"","background-media":"","overlay-type":"","overlay-color":"","overlay-opacity":"","overlay-gradient":""},"mobile":{"background-color":"","background-image":"","background-repeat":"repeat","background-position":"center center","background-size":"auto","background-attachment":"scroll","background-type":"","background-media":"","overlay-type":"","overlay-color":"","overlay-opacity":"","overlay-gradient":""}},"ast-content-background-meta":{"desktop":{"background-color":"var(--ast-global-color-5)","background-image":"","background-repeat":"repeat","background-position":"center center","background-size":"auto","background-attachment":"scroll","background-type":"","background-media":"","overlay-type":"","overlay-color":"","overlay-opacity":"","overlay-gradient":""},"tablet":{"background-color":"var(--ast-global-color-5)","background-image":"","background-repeat":"repeat","background-position":"center center","background-size":"auto","background-attachment":"scroll","background-type":"","background-media":"","overlay-type":"","overlay-color":"","overlay-opacity":"","overlay-gradient":""},"mobile":{"background-color":"var(--ast-global-color-5)","background-image":"","background-repeat":"repeat","background-position":"center center","background-size":"auto","background-attachment":"scroll","background-type":"","background-media":"","overlay-type":"","overlay-color":"","overlay-opacity":"","overlay-gradient":""}},"footnotes":""},"class_list":["post-6016","page","type-page","status-publish","hentry"],"acf":[],"yoast_head":"<!-- This site is optimized with the Yoast SEO plugin v27.3 - https:\/\/yoast.com\/product\/yoast-seo-wordpress\/ -->\n<title>Restaurants Castell\u00f3n - StrippersDeluxe<\/title>\n<meta name=\"robots\" content=\"index, follow, max-snippet:-1, max-image-preview:large, max-video-preview:-1\" \/>\n<link rel=\"canonical\" href=\"https:\/\/strippersdeluxe.es\/en\/restaurantes-para-despedida-o-eventos\/castellon\/\" \/>\n<meta property=\"og:locale\" content=\"en_US\" \/>\n<meta property=\"og:type\" content=\"article\" \/>\n<meta property=\"og:title\" content=\"Restaurants Castell\u00f3n - StrippersDeluxe\" \/>\n<meta property=\"og:description\" content=\"We currently do not have any collaborating restaurants in this city or province.\" \/>\n<meta property=\"og:url\" content=\"https:\/\/strippersdeluxe.es\/en\/restaurantes-para-despedida-o-eventos\/castellon\/\" \/>\n<meta property=\"og:site_name\" content=\"StrippersDeluxe\" \/>\n<meta property=\"article:publisher\" content=\"https:\/\/www.facebook.com\/StripDelux\/\" \/>\n<meta property=\"article:modified_time\" content=\"2024-10-10T09:00:02+00:00\" \/>\n<!-- \/ Yoast SEO plugin. -->","yoast_head_json":{"title":"Restaurants Castell\u00f3n - StrippersDeluxe","robots":{"index":"index","follow":"follow","max-snippet":"max-snippet:-1","max-image-preview":"max-image-preview:large","max-video-preview":"max-video-preview:-1"},"canonical":"https:\/\/strippersdeluxe.es\/en\/restaurantes-para-despedida-o-eventos\/castellon\/","og_locale":"en_US","og_type":"article","og_title":"Restaurants Castell\u00f3n - StrippersDeluxe","og_description":"We currently do not have any collaborating restaurants in this city or province.","og_url":"https:\/\/strippersdeluxe.es\/en\/restaurantes-para-despedida-o-eventos\/castellon\/","og_site_name":"StrippersDeluxe","article_publisher":"https:\/\/www.facebook.com\/StripDelux\/","article_modified_time":"2024-10-10T09:00:02+00:00","schema":{"@context":"https:\/\/schema.org","@graph":[{"@type":"WebPage","@id":"https:\/\/strippersdeluxe.es\/en\/restaurantes-para-despedida-o-eventos\/castellon\/","url":"https:\/\/strippersdeluxe.es\/en\/restaurantes-para-despedida-o-eventos\/castellon\/","name":"Restaurants Castell\u00f3n - StrippersDeluxe","isPartOf":{"@id":"https:\/\/strippersdeluxe.es\/en\/#website"},"datePublished":"2016-12-07T16:43:02+00:00","dateModified":"2024-10-10T09:00:02+00:00","breadcrumb":{"@id":"https:\/\/strippersdeluxe.es\/en\/restaurantes-para-despedida-o-eventos\/castellon\/#breadcrumb"},"inLanguage":"en-US","potentialAction":[{"@type":"ReadAction","target":["https:\/\/strippersdeluxe.es\/en\/restaurantes-para-despedida-o-eventos\/castellon\/"]}]},{"@type":"BreadcrumbList","@id":"https:\/\/strippersdeluxe.es\/en\/restaurantes-para-despedida-o-eventos\/castellon\/#breadcrumb","itemListElement":[{"@type":"ListItem","position":1,"name":"Portada","item":"https:\/\/strippersdeluxe.es\/en\/"},{"@type":"ListItem","position":2,"name":"Dinner and private Show for groups","item":"https:\/\/strippersdeluxe.es\/en\/restaurantes-para-despedida-o-eventos\/"},{"@type":"ListItem","position":3,"name":"Restaurants Castell\u00f3n"}]},{"@type":"WebSite","@id":"https:\/\/strippersdeluxe.es\/en\/#website","url":"https:\/\/strippersdeluxe.es\/en\/","name":"StrippersDeluxe","description":"Organizaci\u00f3n de eventos, despedidas de soltero y soltera, cabar\u00e9 y espect\u00e1culos[:en]Organizaci\u00f3n de eventos, despedidas de soltero y soltera, y espect\u00e1culos","publisher":{"@id":"https:\/\/strippersdeluxe.es\/en\/#organization"},"potentialAction":[{"@type":"SearchAction","target":{"@type":"EntryPoint","urlTemplate":"https:\/\/strippersdeluxe.es\/en\/?s={search_term_string}"},"query-input":{"@type":"PropertyValueSpecification","valueRequired":true,"valueName":"search_term_string"}}],"inLanguage":"en-US"},{"@type":"Organization","@id":"https:\/\/strippersdeluxe.es\/en\/#organization","name":"StrippersDeluxe","url":"https:\/\/strippersdeluxe.es\/en\/","logo":{"@type":"ImageObject","inLanguage":"en-US","@id":"https:\/\/strippersdeluxe.es\/en\/#\/schema\/logo\/image\/","url":"https:\/\/strippersdeluxe.es\/wp-content\/uploads\/2024\/10\/cropped-cropped-LOGO-1.png","contentUrl":"https:\/\/strippersdeluxe.es\/wp-content\/uploads\/2024\/10\/cropped-cropped-LOGO-1.png","width":1000,"height":516,"caption":"StrippersDeluxe"},"image":{"@id":"https:\/\/strippersdeluxe.es\/en\/#\/schema\/logo\/image\/"},"sameAs":["https:\/\/www.facebook.com\/StripDelux\/","https:\/\/x.com\/strippersdeluxe","https:\/\/www.instagram.com\/strippersdeluxe\/","https:\/\/www.youtube.com\/strippersdeluxe"]}]}},"uagb_featured_image_src":{"full":false,"thumbnail":false,"medium":false,"medium_large":false,"large":false,"1536x1536":false,"2048x2048":false},"uagb_author_info":{"display_name":"strippersdeluxe","author_link":"https:\/\/strippersdeluxe.es\/en\/author\/admin\/"},"uagb_comment_info":0,"uagb_excerpt":"We currently do not have any collaborating restaurants in this city or province.","_links":{"self":[{"href":"https:\/\/strippersdeluxe.es\/en\/wp-json\/wp\/v2\/pages\/6016","targetHints":{"allow":["GET"]}}],"collection":[{"href":"https:\/\/strippersdeluxe.es\/en\/wp-json\/wp\/v2\/pages"}],"about":[{"href":"https:\/\/strippersdeluxe.es\/en\/wp-json\/wp\/v2\/types\/page"}],"author":[{"embeddable":true,"href":"https:\/\/strippersdeluxe.es\/en\/wp-json\/wp\/v2\/users\/1"}],"replies":[{"embeddable":true,"href":"https:\/\/strippersdeluxe.es\/en\/wp-json\/wp\/v2\/comments?post=6016"}],"version-history":[{"count":0,"href":"https:\/\/strippersdeluxe.es\/en\/wp-json\/wp\/v2\/pages\/6016\/revisions"}],"up":[{"embeddable":true,"href":"https:\/\/strippersdeluxe.es\/en\/wp-json\/wp\/v2\/pages\/6006"}],"wp:attachment":[{"href":"https:\/\/strippersdeluxe.es\/en\/wp-json\/wp\/v2\/media?parent=6016"}],"curies":[{"name":"wp","href":"https:\/\/api.w.org\/{rel}","templated":true}]}}