{"id":6014,"date":"2016-12-07T16:42:50","date_gmt":"2016-12-07T16:42:50","guid":{"rendered":"https:\/\/strippersdeluxe.es\/6014-2\/"},"modified":"2025-02-21T18:23:03","modified_gmt":"2025-02-21T18:23:03","slug":"barcelona","status":"publish","type":"page","link":"https:\/\/strippersdeluxe.es\/en\/restaurantes-para-despedida-o-eventos\/barcelona\/","title":{"rendered":"Restaurants for celebrating Stag and Hen do in Barcelona"},"content":{"rendered":"<style>\n\/* Style for links inside the div with the class \"restaurants\" *\/\ndiv.restaurants ul li a {\n    display: block;\n    padding: 10px;\n    margin: 10px;\n    font-size: 14px;\n    font-weight: 600;\n    border-radius: 10px;\n    text-align: center;\n    background: #ffffff; \/* White background *\/\n    color: #333; \/* Text color *\/\n    text-decoration: none;\n    box-shadow: rgba(0, 0, 0, 0.15) 0px 5px 12px !important; \/* Shadow *\/\n    transition: background-color 0.3s, transform 0.3s;\n}<\/p>\n<p>div.restaurants ul li a:hover {\n    background: #f5f5f5 !important; \/* Change background color on hover *\/\n    transform: scale(0.95); \/* Slightly enlarge on hover *\/\n}<\/p>\n<\/style>\n<\/style>\n<p style=\"text-align: center;\"><img loading=\"lazy\" decoding=\"async\" class=\"wp-image-582 aligncenter\" style=\"border-radius: 15px;\" src=\"https:\/\/strippersdeluxe.es\/wp-content\/uploads\/2016\/12\/Barcelona-StrippersDeluxe.jpg\" alt=\"Barcelona Bachelorette Stripper\" width=\"270\" height=\"146\"><\/p>\n<h2>Collaborating Restaurants for Bachelor and Bachelorette Parties in Barcelona<\/h2>\n<p>Prepare an exceptional bachelor or bachelorette party in Barcelona with the help of our collaborating restaurants. We offer a variety of options at venues with shows in the city. Restaurants for bachelorette parties in Barcelona are the perfect places to organize a dinner with a show that will make your celebration unique.<\/p>\n<p>In these collaborating restaurants, we guarantee you a great experience that will make your party an event your friends will never forget. We have a selection of options for bachelor parties in Barcelona, from private dinners with a show to parties with boys in Barcelona. You can enjoy private bachelor and bachelorette parties in Barcelona with our talented artists.<\/p>\n<h3>A Variety of Options<\/h3>\n<p>Whether you are looking for a restaurant for a dinner with a show in Barcelona or want to hire a stripper for your event, our collaborating restaurants have everything you need to celebrate in style. The options includes dinner with private show, male or female stripper for bachelor or bachelorette parties in Barcelona.<\/p>\n<p style=\"text-align: left;\">In the city of Barcelona, we offer a private dinner (or lunch) and show for the group at different restaurants in the city depending on the area that interests you. An ideal event to celebrate your friend&#8217;s <strong>bachelor or bachelorette party<\/strong>. Quality group menus of Catalan, Spanish, and international cuisine. After dinner, enjoy a fun stripper or boy show exclusively for the group.<\/p>\n<p style=\"text-align: left;\"><span style=\"color: #000000;\"><strong>Restaurants for bachelor or bachelorette parties in Barcelona where you can celebrate your friend&#8217;s event with a unique show by our artists. <\/strong><\/span><\/p>\n<p style=\"text-align: left;\"><span style=\"color: #000000;\"><strong>Options in the city of Barcelona:<\/strong><\/span><\/p>\n<div class=\"restaurants\">\n<ul>\n<li><a href=\"\/en\/cena-y-espectaculo-despedida-soltera-barcelona-2\/\">Barceloneta District &#8211; Private Dinner and Show<\/a><\/li>\n<li><a href=\"\/en\/cena-y-espectaculo-despedida-soltero-barcelona-1\/\">Sant Gervasi\/Sarria (Calle Aribau\/Avenida Diagonal) &#8211; Private Dinner and Show<\/a><\/li>\n<li><a href=\"\/en\/despedida-soltero-stripper-o-boy-en-barcelona\/\">Dinner and Show in front of the Sagrada Familia<\/a><\/li>\n<li><a href=\"\/en\/cena-y-espectaculo-despedida-stripper-barcelona\/\">Eixample Esquerra (Calle Enrique Granados\/Rosell\u00f3) &#8211; Private Dinner and Show<\/a><\/li>\n<\/ul>\n<\/div>\n<p style=\"text-align: center;\"><em>*&nbsp;<\/em><em>Check conditions at the link. All options include dinner and a fun show with a boy or stripper after dinner.<\/em><\/p>\n","protected":false},"excerpt":{"rendered":"<p>Collaborating Restaurants for Bachelor and Bachelorette Parties in Barcelona Prepare an exceptional bachelor or bachelorette party in Barcelona with the help of our collaborating restaurants. We offer a variety of options at venues with shows in the city. Restaurants for bachelorette parties in Barcelona are the perfect places to organize a dinner with a show [&hellip;]<\/p>\n","protected":false},"author":1,"featured_media":0,"parent":6006,"menu_order":0,"comment_status":"closed","ping_status":"closed","template":"","meta":{"_acf_changed":false,"_uag_custom_page_level_css":"","site-sidebar-layout":"default","site-content-layout":"","ast-site-content-layout":"default","site-content-style":"default","site-sidebar-style":"default","ast-global-header-display":"","ast-banner-title-visibility":"","ast-main-header-display":"","ast-hfb-above-header-display":"","ast-hfb-below-header-display":"","ast-hfb-mobile-header-display":"","site-post-title":"","ast-breadcrumbs-content":"","ast-featured-img":"","footer-sml-layout":"","ast-disable-related-posts":"","theme-transparent-header-meta":"","adv-header-id-meta":"","stick-header-meta":"","header-above-stick-meta":"","header-main-stick-meta":"","header-below-stick-meta":"","astra-migrate-meta-layouts":"set","ast-page-background-enabled":"default","ast-page-background-meta":{"desktop":{"background-color":"","background-image":"","background-repeat":"repeat","background-position":"center center","background-size":"auto","background-attachment":"scroll","background-type":"","background-media":"","overlay-type":"","overlay-color":"","overlay-opacity":"","overlay-gradient":""},"tablet":{"background-color":"","background-image":"","background-repeat":"repeat","background-position":"center center","background-size":"auto","background-attachment":"scroll","background-type":"","background-media":"","overlay-type":"","overlay-color":"","overlay-opacity":"","overlay-gradient":""},"mobile":{"background-color":"","background-image":"","background-repeat":"repeat","background-position":"center center","background-size":"auto","background-attachment":"scroll","background-type":"","background-media":"","overlay-type":"","overlay-color":"","overlay-opacity":"","overlay-gradient":""}},"ast-content-background-meta":{"desktop":{"background-color":"var(--ast-global-color-5)","background-image":"","background-repeat":"repeat","background-position":"center center","background-size":"auto","background-attachment":"scroll","background-type":"","background-media":"","overlay-type":"","overlay-color":"","overlay-opacity":"","overlay-gradient":""},"tablet":{"background-color":"var(--ast-global-color-5)","background-image":"","background-repeat":"repeat","background-position":"center center","background-size":"auto","background-attachment":"scroll","background-type":"","background-media":"","overlay-type":"","overlay-color":"","overlay-opacity":"","overlay-gradient":""},"mobile":{"background-color":"var(--ast-global-color-5)","background-image":"","background-repeat":"repeat","background-position":"center center","background-size":"auto","background-attachment":"scroll","background-type":"","background-media":"","overlay-type":"","overlay-color":"","overlay-opacity":"","overlay-gradient":""}},"footnotes":""},"class_list":["post-6014","page","type-page","status-publish","hentry"],"acf":[],"yoast_head":"<!-- This site is optimized with the Yoast SEO plugin v27.3 - https:\/\/yoast.com\/product\/yoast-seo-wordpress\/ -->\n<title>Bachelorette or bachelor party in Barcelona - Dinner and Show<\/title>\n<meta name=\"description\" content=\"Restaurant in Barcelona where you can celebrate the Stag and hen do of your friend with a unique stripper show.\" \/>\n<meta name=\"robots\" content=\"index, follow, max-snippet:-1, max-image-preview:large, max-video-preview:-1\" \/>\n<link rel=\"canonical\" href=\"https:\/\/strippersdeluxe.es\/en\/restaurantes-para-despedida-o-eventos\/barcelona\/\" \/>\n<meta property=\"og:locale\" content=\"en_US\" \/>\n<meta property=\"og:type\" content=\"article\" \/>\n<meta property=\"og:title\" content=\"Bachelorette or bachelor party in Barcelona - Dinner and Show\" \/>\n<meta property=\"og:description\" content=\"Restaurant in Barcelona where you can celebrate the Stag and hen do of your friend with a unique stripper show.\" \/>\n<meta property=\"og:url\" content=\"https:\/\/strippersdeluxe.es\/en\/restaurantes-para-despedida-o-eventos\/barcelona\/\" \/>\n<meta property=\"og:site_name\" content=\"StrippersDeluxe\" \/>\n<meta property=\"article:publisher\" content=\"https:\/\/www.facebook.com\/StripDelux\/\" \/>\n<meta property=\"article:modified_time\" content=\"2025-02-21T18:23:03+00:00\" \/>\n<meta property=\"og:image\" content=\"https:\/\/strippersdeluxe.es\/wp-content\/uploads\/2016\/12\/Barcelona-StrippersDeluxe.jpg\" \/>\n\t<meta property=\"og:image:width\" content=\"279\" \/>\n\t<meta property=\"og:image:height\" content=\"151\" \/>\n\t<meta property=\"og:image:type\" content=\"image\/jpeg\" \/>\n<meta name=\"twitter:label1\" content=\"Est. reading time\" \/>\n\t<meta name=\"twitter:data1\" content=\"2 minutes\" \/>\n<!-- \/ Yoast SEO plugin. -->","yoast_head_json":{"title":"Bachelorette or bachelor party in Barcelona - Dinner and Show","description":"Restaurant in Barcelona where you can celebrate the Stag and hen do of your friend with a unique stripper show.","robots":{"index":"index","follow":"follow","max-snippet":"max-snippet:-1","max-image-preview":"max-image-preview:large","max-video-preview":"max-video-preview:-1"},"canonical":"https:\/\/strippersdeluxe.es\/en\/restaurantes-para-despedida-o-eventos\/barcelona\/","og_locale":"en_US","og_type":"article","og_title":"Bachelorette or bachelor party in Barcelona - Dinner and Show","og_description":"Restaurant in Barcelona where you can celebrate the Stag and hen do of your friend with a unique stripper show.","og_url":"https:\/\/strippersdeluxe.es\/en\/restaurantes-para-despedida-o-eventos\/barcelona\/","og_site_name":"StrippersDeluxe","article_publisher":"https:\/\/www.facebook.com\/StripDelux\/","article_modified_time":"2025-02-21T18:23:03+00:00","og_image":[{"width":279,"height":151,"url":"https:\/\/strippersdeluxe.es\/wp-content\/uploads\/2016\/12\/Barcelona-StrippersDeluxe.jpg","type":"image\/jpeg"}],"twitter_misc":{"Est. reading time":"2 minutes"},"schema":{"@context":"https:\/\/schema.org","@graph":[{"@type":"WebPage","@id":"https:\/\/strippersdeluxe.es\/en\/restaurantes-para-despedida-o-eventos\/barcelona\/","url":"https:\/\/strippersdeluxe.es\/en\/restaurantes-para-despedida-o-eventos\/barcelona\/","name":"Bachelorette or bachelor party in Barcelona - Dinner and Show","isPartOf":{"@id":"https:\/\/strippersdeluxe.es\/en\/#website"},"primaryImageOfPage":{"@id":"https:\/\/strippersdeluxe.es\/en\/restaurantes-para-despedida-o-eventos\/barcelona\/#primaryimage"},"image":{"@id":"https:\/\/strippersdeluxe.es\/en\/restaurantes-para-despedida-o-eventos\/barcelona\/#primaryimage"},"thumbnailUrl":"https:\/\/strippersdeluxe.es\/wp-content\/uploads\/2016\/12\/Barcelona-StrippersDeluxe.jpg","datePublished":"2016-12-07T16:42:50+00:00","dateModified":"2025-02-21T18:23:03+00:00","description":"Restaurant in Barcelona where you can celebrate the Stag and hen do of your friend with a unique stripper show.","breadcrumb":{"@id":"https:\/\/strippersdeluxe.es\/en\/restaurantes-para-despedida-o-eventos\/barcelona\/#breadcrumb"},"inLanguage":"en-US","potentialAction":[{"@type":"ReadAction","target":["https:\/\/strippersdeluxe.es\/en\/restaurantes-para-despedida-o-eventos\/barcelona\/"]}]},{"@type":"ImageObject","inLanguage":"en-US","@id":"https:\/\/strippersdeluxe.es\/en\/restaurantes-para-despedida-o-eventos\/barcelona\/#primaryimage","url":"https:\/\/strippersdeluxe.es\/wp-content\/uploads\/2016\/12\/Barcelona-StrippersDeluxe.jpg","contentUrl":"https:\/\/strippersdeluxe.es\/wp-content\/uploads\/2016\/12\/Barcelona-StrippersDeluxe.jpg"},{"@type":"BreadcrumbList","@id":"https:\/\/strippersdeluxe.es\/en\/restaurantes-para-despedida-o-eventos\/barcelona\/#breadcrumb","itemListElement":[{"@type":"ListItem","position":1,"name":"Portada","item":"https:\/\/strippersdeluxe.es\/en\/"},{"@type":"ListItem","position":2,"name":"Dinner and private Show for groups","item":"https:\/\/strippersdeluxe.es\/en\/restaurantes-para-despedida-o-eventos\/"},{"@type":"ListItem","position":3,"name":"Restaurants for celebrating Stag and Hen do in Barcelona"}]},{"@type":"WebSite","@id":"https:\/\/strippersdeluxe.es\/en\/#website","url":"https:\/\/strippersdeluxe.es\/en\/","name":"StrippersDeluxe","description":"Organizaci\u00f3n de eventos, despedidas de soltero y soltera, cabar\u00e9 y espect\u00e1culos[:en]Organizaci\u00f3n de eventos, despedidas de soltero y soltera, y espect\u00e1culos","publisher":{"@id":"https:\/\/strippersdeluxe.es\/en\/#organization"},"potentialAction":[{"@type":"SearchAction","target":{"@type":"EntryPoint","urlTemplate":"https:\/\/strippersdeluxe.es\/en\/?s={search_term_string}"},"query-input":{"@type":"PropertyValueSpecification","valueRequired":true,"valueName":"search_term_string"}}],"inLanguage":"en-US"},{"@type":"Organization","@id":"https:\/\/strippersdeluxe.es\/en\/#organization","name":"StrippersDeluxe","url":"https:\/\/strippersdeluxe.es\/en\/","logo":{"@type":"ImageObject","inLanguage":"en-US","@id":"https:\/\/strippersdeluxe.es\/en\/#\/schema\/logo\/image\/","url":"https:\/\/strippersdeluxe.es\/wp-content\/uploads\/2024\/10\/cropped-cropped-LOGO-1.png","contentUrl":"https:\/\/strippersdeluxe.es\/wp-content\/uploads\/2024\/10\/cropped-cropped-LOGO-1.png","width":1000,"height":516,"caption":"StrippersDeluxe"},"image":{"@id":"https:\/\/strippersdeluxe.es\/en\/#\/schema\/logo\/image\/"},"sameAs":["https:\/\/www.facebook.com\/StripDelux\/","https:\/\/x.com\/strippersdeluxe","https:\/\/www.instagram.com\/strippersdeluxe\/","https:\/\/www.youtube.com\/strippersdeluxe"]}]}},"uagb_featured_image_src":{"full":false,"thumbnail":false,"medium":false,"medium_large":false,"large":false,"1536x1536":false,"2048x2048":false},"uagb_author_info":{"display_name":"strippersdeluxe","author_link":"https:\/\/strippersdeluxe.es\/en\/author\/admin\/"},"uagb_comment_info":0,"uagb_excerpt":"Collaborating Restaurants for Bachelor and Bachelorette Parties in Barcelona Prepare an exceptional bachelor or bachelorette party in Barcelona with the help of our collaborating restaurants. We offer a variety of options at venues with shows in the city. Restaurants for bachelorette parties in Barcelona are the perfect places to organize a dinner with a show&hellip;","_links":{"self":[{"href":"https:\/\/strippersdeluxe.es\/en\/wp-json\/wp\/v2\/pages\/6014","targetHints":{"allow":["GET"]}}],"collection":[{"href":"https:\/\/strippersdeluxe.es\/en\/wp-json\/wp\/v2\/pages"}],"about":[{"href":"https:\/\/strippersdeluxe.es\/en\/wp-json\/wp\/v2\/types\/page"}],"author":[{"embeddable":true,"href":"https:\/\/strippersdeluxe.es\/en\/wp-json\/wp\/v2\/users\/1"}],"replies":[{"embeddable":true,"href":"https:\/\/strippersdeluxe.es\/en\/wp-json\/wp\/v2\/comments?post=6014"}],"version-history":[{"count":2,"href":"https:\/\/strippersdeluxe.es\/en\/wp-json\/wp\/v2\/pages\/6014\/revisions"}],"predecessor-version":[{"id":9778,"href":"https:\/\/strippersdeluxe.es\/en\/wp-json\/wp\/v2\/pages\/6014\/revisions\/9778"}],"up":[{"embeddable":true,"href":"https:\/\/strippersdeluxe.es\/en\/wp-json\/wp\/v2\/pages\/6006"}],"wp:attachment":[{"href":"https:\/\/strippersdeluxe.es\/en\/wp-json\/wp\/v2\/media?parent=6014"}],"curies":[{"name":"wp","href":"https:\/\/api.w.org\/{rel}","templated":true}]}}