{"id":6010,"date":"2016-12-07T01:32:54","date_gmt":"2016-12-07T01:32:54","guid":{"rendered":"https:\/\/strippersdeluxe.es\/6010-2\/"},"modified":"2024-10-14T17:36:03","modified_gmt":"2024-10-14T17:36:03","slug":"despedida-de-soltero","status":"publish","type":"page","link":"https:\/\/strippersdeluxe.es\/en\/despedida-de-soltero\/","title":{"rendered":"Legendary Stag Do or Bachelor Party in Spain"},"content":{"rendered":"<style>\n.imgDespedidas img {\n    max-width: 100%;\n    box-shadow: 0 15px 25px 0 #dfdfdf;\n    border-radius: 25px;\n    border: 5px solid #F2F2F2;\n    margin-top: -22px;\n}\n\/* Estilo general para pantallas grandes *\/\n.entry-title {\n    font-size: 30px;\n    text-transform: uppercase;\n    background-color: #f2f2f2;\n    padding: 20px;\n    border-radius: 10px;\n    box-shadow: 0 4px 6px rgba(0, 0, 0, 0.1), 0 1px 3px rgba(0, 0, 0, 0.08);\n    color: #333;\n    font-weight: bold;\n    text-align: center;\n    width: fit-content;\n    margin: 20px auto;\n}<\/p>\n<p>\/* Media query para m\u00f3viles y pantallas peque\u00f1as *\/\n@media only screen and (max-width: 768px) {\n    .entry-title {\n        width: 70%; !important \/* Ancho completo en pantallas peque\u00f1as *\/\n    }\n}\n<\/style>\n<h3 style=\"text-align: center;\">SHOWS<\/h3>\n<p style=\"text-align: center;\">If you are visiting this website, you are likely planning your friend&#8217;s <strong>bachelor party<\/strong> or a similar celebration and would like it to be epic <strong>with a spicy touch<\/strong>.<\/p>\n<p style=\"text-align: center;\">That&#8217;s why we propose <strong>the best shows<\/strong> for these moments.<\/p>\n<p style=\"text-align: center;\">We have the best professionals for these special occasions with a <strong>100% positive feedback<\/strong> since it is our number one priority.<\/p>\n<p style=\"text-align: center;\">Shows at home, rural house, villa, etc.<\/p>\n<p style=\"text-align: center;\"><strong>Click on the photo to go to their section (Select city or province in the following link)<\/strong><\/p>\n<div class=\"imgDespedidas\"><a href=\"\/en\/chicas-strippers-spain\/\"><br \/>\n<img decoding=\"async\" class=\"aligncenter\" src=\"\/wp-content\/newgallery\/Despedidas\/stripper-despedida-soltero.jpg\" alt=\"Female Stripper for Bachelor Party\" width=\"250px\" height=\"250px\" \/><br \/>\n<\/a><\/div>\n<div class=\"imgDespedidas\"><a href=\"\/en\/chicos-stripers\/\"><br \/>\n<img decoding=\"async\" class=\"aligncenter\" src=\"\/wp-content\/newgallery\/Despedidas\/boy-despedida-soltera.jpg\" alt=\"Male Stripper for Bachelor Party\" width=\"250px\" height=\"250px\" \/><br \/>\n<\/a><\/div>\n<h3 style=\"text-align: center;\">DINNER AND PRIVATE SHOW<\/h3>\n<p style=\"text-align: center;\"><strong>Dinner with Show in a private room<\/strong> exclusively for the group is one of the preferred options for many groups.<\/p>\n<p style=\"text-align: center;\">Unlike collective dinners, group menus are generally of higher quality as they are prepared on the spot in restaurants open to everyone.<\/p>\n<p style=\"text-align: center;\">We also make sure to collaborate with <strong>restaurants that offer quality group menus<\/strong>.<\/p>\n<p style=\"text-align: center;\">On the other hand, this is the ideal option if the group wants tranquility to have dinner and chat quietly until the <strong>surprise of the show<\/strong> at the end of dinner or lunch.<\/p>\n<p style=\"text-align: center;\"><!-- Link to see options for DINNER AND PRIVATE SHOW --><\/p>\n<p style=\"text-align: center;\"><a class=\"enlace\" href=\"\/en\/restaurantes-para-despedida-o-eventos\/\"><strong>Click to see options &#8211; DINNER AND PRIVATE SHOW (Select city or province in the following link)<\/strong><\/a><\/p>\n<div class=\"imgDespedidas\"><a href=\"\/en\/restaurantes-para-despedida-o-eventos\/\"><br \/>\n<img decoding=\"async\" class=\"aligncenter\" src=\"\/wp-content\/newgallery\/Despedidas\/restaurante-cena-despedida-.jpg\" alt=\"Dinner for Bachelor Party\" width=\"250px\" height=\"250px\" \/><br \/>\n<\/a><\/div>\n","protected":false},"excerpt":{"rendered":"<p>SHOWS If you are visiting this website, you are likely planning your friend&#8217;s bachelor party or a similar celebration and would like it to be epic with a spicy touch. That&#8217;s why we propose the best shows for these moments. We have the best professionals for these special occasions with a 100% positive feedback since [&hellip;]<\/p>\n","protected":false},"author":1,"featured_media":0,"parent":0,"menu_order":0,"comment_status":"closed","ping_status":"closed","template":"","meta":{"_acf_changed":false,"_uag_custom_page_level_css":"","site-sidebar-layout":"default","site-content-layout":"","ast-site-content-layout":"default","site-content-style":"default","site-sidebar-style":"default","ast-global-header-display":"","ast-banner-title-visibility":"","ast-main-header-display":"","ast-hfb-above-header-display":"","ast-hfb-below-header-display":"","ast-hfb-mobile-header-display":"","site-post-title":"","ast-breadcrumbs-content":"","ast-featured-img":"","footer-sml-layout":"","ast-disable-related-posts":"","theme-transparent-header-meta":"","adv-header-id-meta":"","stick-header-meta":"","header-above-stick-meta":"","header-main-stick-meta":"","header-below-stick-meta":"","astra-migrate-meta-layouts":"set","ast-page-background-enabled":"default","ast-page-background-meta":{"desktop":{"background-color":"","background-image":"","background-repeat":"repeat","background-position":"center center","background-size":"auto","background-attachment":"scroll","background-type":"","background-media":"","overlay-type":"","overlay-color":"","overlay-opacity":"","overlay-gradient":""},"tablet":{"background-color":"","background-image":"","background-repeat":"repeat","background-position":"center center","background-size":"auto","background-attachment":"scroll","background-type":"","background-media":"","overlay-type":"","overlay-color":"","overlay-opacity":"","overlay-gradient":""},"mobile":{"background-color":"","background-image":"","background-repeat":"repeat","background-position":"center center","background-size":"auto","background-attachment":"scroll","background-type":"","background-media":"","overlay-type":"","overlay-color":"","overlay-opacity":"","overlay-gradient":""}},"ast-content-background-meta":{"desktop":{"background-color":"var(--ast-global-color-5)","background-image":"","background-repeat":"repeat","background-position":"center center","background-size":"auto","background-attachment":"scroll","background-type":"","background-media":"","overlay-type":"","overlay-color":"","overlay-opacity":"","overlay-gradient":""},"tablet":{"background-color":"var(--ast-global-color-5)","background-image":"","background-repeat":"repeat","background-position":"center center","background-size":"auto","background-attachment":"scroll","background-type":"","background-media":"","overlay-type":"","overlay-color":"","overlay-opacity":"","overlay-gradient":""},"mobile":{"background-color":"var(--ast-global-color-5)","background-image":"","background-repeat":"repeat","background-position":"center center","background-size":"auto","background-attachment":"scroll","background-type":"","background-media":"","overlay-type":"","overlay-color":"","overlay-opacity":"","overlay-gradient":""}},"footnotes":""},"class_list":["post-6010","page","type-page","status-publish","hentry"],"acf":[],"yoast_head":"<!-- This site is optimized with the Yoast SEO plugin v27.3 - https:\/\/yoast.com\/product\/yoast-seo-wordpress\/ -->\n<title>Celebrate your friend&#039;s Stag do with us | Strippers Deluxe Spain<\/title>\n<meta name=\"description\" content=\"Celebrate your friend&#039;s Stag do with us in Spain. Explore our web and create a memorable event. Dinner with Show in a private room exclusively for the group is one of the preferred options for many groups.\" \/>\n<meta name=\"robots\" content=\"index, follow, max-snippet:-1, max-image-preview:large, max-video-preview:-1\" \/>\n<link rel=\"canonical\" href=\"https:\/\/strippersdeluxe.es\/en\/despedida-de-soltero\/\" \/>\n<meta property=\"og:locale\" content=\"en_US\" \/>\n<meta property=\"og:type\" content=\"article\" \/>\n<meta property=\"og:title\" content=\"Celebrate your friend&#039;s Stag do with us | Strippers Deluxe Spain\" \/>\n<meta property=\"og:description\" content=\"Celebrate your friend&#039;s Stag do with us in Spain. Explore our web and create a memorable event. Dinner with Show in a private room exclusively for the group is one of the preferred options for many groups.\" \/>\n<meta property=\"og:url\" content=\"https:\/\/strippersdeluxe.es\/en\/despedida-de-soltero\/\" \/>\n<meta property=\"og:site_name\" content=\"StrippersDeluxe\" \/>\n<meta property=\"article:publisher\" content=\"https:\/\/www.facebook.com\/StripDelux\/\" \/>\n<meta property=\"article:modified_time\" content=\"2024-10-14T17:36:03+00:00\" \/>\n<meta name=\"twitter:label1\" content=\"Est. reading time\" \/>\n\t<meta name=\"twitter:data1\" content=\"2 minutes\" \/>\n<!-- \/ Yoast SEO plugin. -->","yoast_head_json":{"title":"Celebrate your friend's Stag do with us | Strippers Deluxe Spain","description":"Celebrate your friend's Stag do with us in Spain. Explore our web and create a memorable event. Dinner with Show in a private room exclusively for the group is one of the preferred options for many groups.","robots":{"index":"index","follow":"follow","max-snippet":"max-snippet:-1","max-image-preview":"max-image-preview:large","max-video-preview":"max-video-preview:-1"},"canonical":"https:\/\/strippersdeluxe.es\/en\/despedida-de-soltero\/","og_locale":"en_US","og_type":"article","og_title":"Celebrate your friend's Stag do with us | Strippers Deluxe Spain","og_description":"Celebrate your friend's Stag do with us in Spain. Explore our web and create a memorable event. Dinner with Show in a private room exclusively for the group is one of the preferred options for many groups.","og_url":"https:\/\/strippersdeluxe.es\/en\/despedida-de-soltero\/","og_site_name":"StrippersDeluxe","article_publisher":"https:\/\/www.facebook.com\/StripDelux\/","article_modified_time":"2024-10-14T17:36:03+00:00","twitter_misc":{"Est. reading time":"2 minutes"},"schema":{"@context":"https:\/\/schema.org","@graph":[{"@type":"WebPage","@id":"https:\/\/strippersdeluxe.es\/en\/despedida-de-soltero\/","url":"https:\/\/strippersdeluxe.es\/en\/despedida-de-soltero\/","name":"Celebrate your friend's Stag do with us | Strippers Deluxe Spain","isPartOf":{"@id":"https:\/\/strippersdeluxe.es\/en\/#website"},"datePublished":"2016-12-07T01:32:54+00:00","dateModified":"2024-10-14T17:36:03+00:00","description":"Celebrate your friend's Stag do with us in Spain. Explore our web and create a memorable event. Dinner with Show in a private room exclusively for the group is one of the preferred options for many groups.","breadcrumb":{"@id":"https:\/\/strippersdeluxe.es\/en\/despedida-de-soltero\/#breadcrumb"},"inLanguage":"en-US","potentialAction":[{"@type":"ReadAction","target":["https:\/\/strippersdeluxe.es\/en\/despedida-de-soltero\/"]}]},{"@type":"BreadcrumbList","@id":"https:\/\/strippersdeluxe.es\/en\/despedida-de-soltero\/#breadcrumb","itemListElement":[{"@type":"ListItem","position":1,"name":"Portada","item":"https:\/\/strippersdeluxe.es\/en\/"},{"@type":"ListItem","position":2,"name":"Legendary Stag Do or Bachelor Party in Spain"}]},{"@type":"WebSite","@id":"https:\/\/strippersdeluxe.es\/en\/#website","url":"https:\/\/strippersdeluxe.es\/en\/","name":"StrippersDeluxe","description":"Organizaci\u00f3n de eventos, despedidas de soltero y soltera, cabar\u00e9 y espect\u00e1culos[:en]Organizaci\u00f3n de eventos, despedidas de soltero y soltera, y espect\u00e1culos","publisher":{"@id":"https:\/\/strippersdeluxe.es\/en\/#organization"},"potentialAction":[{"@type":"SearchAction","target":{"@type":"EntryPoint","urlTemplate":"https:\/\/strippersdeluxe.es\/en\/?s={search_term_string}"},"query-input":{"@type":"PropertyValueSpecification","valueRequired":true,"valueName":"search_term_string"}}],"inLanguage":"en-US"},{"@type":"Organization","@id":"https:\/\/strippersdeluxe.es\/en\/#organization","name":"StrippersDeluxe","url":"https:\/\/strippersdeluxe.es\/en\/","logo":{"@type":"ImageObject","inLanguage":"en-US","@id":"https:\/\/strippersdeluxe.es\/en\/#\/schema\/logo\/image\/","url":"https:\/\/strippersdeluxe.es\/wp-content\/uploads\/2024\/10\/cropped-cropped-LOGO-1.png","contentUrl":"https:\/\/strippersdeluxe.es\/wp-content\/uploads\/2024\/10\/cropped-cropped-LOGO-1.png","width":1000,"height":516,"caption":"StrippersDeluxe"},"image":{"@id":"https:\/\/strippersdeluxe.es\/en\/#\/schema\/logo\/image\/"},"sameAs":["https:\/\/www.facebook.com\/StripDelux\/","https:\/\/x.com\/strippersdeluxe","https:\/\/www.instagram.com\/strippersdeluxe\/","https:\/\/www.youtube.com\/strippersdeluxe"]}]}},"uagb_featured_image_src":{"full":false,"thumbnail":false,"medium":false,"medium_large":false,"large":false,"1536x1536":false,"2048x2048":false},"uagb_author_info":{"display_name":"strippersdeluxe","author_link":"https:\/\/strippersdeluxe.es\/en\/author\/admin\/"},"uagb_comment_info":0,"uagb_excerpt":"SHOWS If you are visiting this website, you are likely planning your friend&#8217;s bachelor party or a similar celebration and would like it to be epic with a spicy touch. That&#8217;s why we propose the best shows for these moments. We have the best professionals for these special occasions with a 100% positive feedback since&hellip;","_links":{"self":[{"href":"https:\/\/strippersdeluxe.es\/en\/wp-json\/wp\/v2\/pages\/6010","targetHints":{"allow":["GET"]}}],"collection":[{"href":"https:\/\/strippersdeluxe.es\/en\/wp-json\/wp\/v2\/pages"}],"about":[{"href":"https:\/\/strippersdeluxe.es\/en\/wp-json\/wp\/v2\/types\/page"}],"author":[{"embeddable":true,"href":"https:\/\/strippersdeluxe.es\/en\/wp-json\/wp\/v2\/users\/1"}],"replies":[{"embeddable":true,"href":"https:\/\/strippersdeluxe.es\/en\/wp-json\/wp\/v2\/comments?post=6010"}],"version-history":[{"count":0,"href":"https:\/\/strippersdeluxe.es\/en\/wp-json\/wp\/v2\/pages\/6010\/revisions"}],"wp:attachment":[{"href":"https:\/\/strippersdeluxe.es\/en\/wp-json\/wp\/v2\/media?parent=6010"}],"curies":[{"name":"wp","href":"https:\/\/api.w.org\/{rel}","templated":true}]}}