{"id":6008,"date":"2016-12-07T01:32:36","date_gmt":"2016-12-07T01:32:36","guid":{"rendered":"https:\/\/strippersdeluxe.es\/6008-2\/"},"modified":"2024-10-14T17:32:14","modified_gmt":"2024-10-14T17:32:14","slug":"despedida-de-soltera","status":"publish","type":"page","link":"https:\/\/strippersdeluxe.es\/en\/despedida-de-soltera\/","title":{"rendered":"Unforgettable Hen Do or Hen Party in Spain"},"content":{"rendered":"<style>\n.imgDespedidas img {\n    max-width: 100%;\n    box-shadow: 0 15px 25px 0 #dfdfdf;\n    border-radius: 25px;\n    border: 5px solid #F2F2F2;\n    margin-top: -22px;\n}\n\/* Estilo general para pantallas grandes *\/\n.entry-title {\n    font-size: 30px;\n    text-transform: uppercase;\n    background-color: #f2f2f2;\n    padding: 20px;\n    border-radius: 10px;\n    box-shadow: 0 4px 6px rgba(0, 0, 0, 0.1), 0 1px 3px rgba(0, 0, 0, 0.08);\n    color: #333;\n    font-weight: bold;\n    text-align: center;\n    width: fit-content;\n    margin: 20px auto;\n}<\/p>\n<p>\/* Media query para m\u00f3viles y pantallas peque\u00f1as *\/\n@media only screen and (max-width: 768px) {\n    .entry-title {\n        width: 70%; !important \/* Ancho completo en pantallas peque\u00f1as *\/\n    }\n}\n<\/style>\n<h3 style=\"text-align: center;\">SHOWS<\/h3>\n<p style=\"text-align: center;\">If you&#8217;ve landed on this website, it&#8217;s because you&#8217;re organizing your friend&#8217;s <strong>Hen do<\/strong> or a celebration like a birthday and you want it to be absolutely memorable <strong>with a spicy touch<\/strong>.<\/p>\n<p style=\"text-align: center;\">That&#8217;s why we offer <strong>the best shows<\/strong> for these special moments.<\/p>\n<p style=\"text-align: center;\">We have the best artists in Spain to ensure that your experience is unique, with a <strong>100% positive feedback<\/strong> because the group&#8217;s satisfaction is our number one priority.<\/p>\n<p style=\"text-align: center;\">Best entertainment for a private event in a vacation rental, rural houses, villas, and more.<\/p>\n<p style=\"text-align: center;\"><strong>Click on the photo to go to their section (Select city or province in the following link)<\/strong><\/p>\n<div class=\"imgDespedidas\"><a href=\"\/en\/chicos-stripers\/\"><br \/>\n<img decoding=\"async\" class=\"aligncenter\" src=\"\/wp-content\/newgallery\/Despedidas\/male-stripper-hen.jpg\" alt=\"Male Stripper for Hen nights\" width=\"250px\" height=\"250px\" \/><br \/>\n<\/a><\/div>\n<div class=\"imgDespedidas\"><a href=\"\/en\/chicas-strippers-spain\/\"><br \/>\n<img decoding=\"async\" class=\"aligncenter\" src=\"\/wp-content\/newgallery\/Despedidas\/female-stripper-stag.jpg\" alt=\"Female stripper for Stag Party\" width=\"250px\" height=\"250px\" \/><br \/>\n<\/a><\/div>\n<h3><\/h3>\n<h3 style=\"text-align: center;\">PRIVATE DINNER AND SHOW<\/h3>\n<p style=\"text-align: center;\">The option of<strong> dinner with a show in a private room exclusively for the group<\/strong> is one of the favorite choices for many groups.<\/p>\n<p style=\"text-align: center;\">In comparison to collective dinners, group menus are of higher quality, prepared on the spot.<\/p>\n<p style=\"text-align: center;\">We also ensure collaboration with <strong>restaurants offering quality group menus<\/strong>.<\/p>\n<p style=\"text-align: center;\">Moreover, this option is perfect if the group seeks tranquility to dine and chat before <strong>the surprise with the show<\/strong> at the end of the meal or dinner.<\/p>\n<p style=\"text-align: center;\"><!-- Link to see options for PRIVATE DINNER AND SHOW --><\/p>\n<p style=\"text-align: center;\"><a class=\"enlace\" href=\"\/en\/restaurantes-para-despedida-o-eventos\/\"><strong>Click to see options &#8211; PRIVATE DINNER AND SHOW (Select city or province in the following link)<\/strong><\/a><\/p>\n<div class=\"imgDespedidas\"><a href=\"\/en\/restaurantes-para-despedida-o-eventos\/\"><br \/>\n<img decoding=\"async\" class=\"aligncenter\" src=\"\/wp-content\/newgallery\/Despedidas\/hen-or-bachelorette-dinner.jpg\" alt=\"Hen Dinner or Bachelorette with male stripper show\" width=\"250px\" height=\"250px\" \/><br \/>\n<\/a><\/div>\n","protected":false},"excerpt":{"rendered":"<p>SHOWS If you&#8217;ve landed on this website, it&#8217;s because you&#8217;re organizing your friend&#8217;s Hen do or a celebration like a birthday and you want it to be absolutely memorable with a spicy touch. That&#8217;s why we offer the best shows for these special moments. We have the best artists in Spain to ensure that your [&hellip;]<\/p>\n","protected":false},"author":1,"featured_media":0,"parent":0,"menu_order":0,"comment_status":"closed","ping_status":"closed","template":"","meta":{"_acf_changed":false,"_uag_custom_page_level_css":"","site-sidebar-layout":"default","site-content-layout":"","ast-site-content-layout":"default","site-content-style":"default","site-sidebar-style":"default","ast-global-header-display":"","ast-banner-title-visibility":"","ast-main-header-display":"","ast-hfb-above-header-display":"","ast-hfb-below-header-display":"","ast-hfb-mobile-header-display":"","site-post-title":"","ast-breadcrumbs-content":"","ast-featured-img":"","footer-sml-layout":"","ast-disable-related-posts":"","theme-transparent-header-meta":"default","adv-header-id-meta":"","stick-header-meta":"default","header-above-stick-meta":"","header-main-stick-meta":"","header-below-stick-meta":"","astra-migrate-meta-layouts":"set","ast-page-background-enabled":"default","ast-page-background-meta":{"desktop":{"background-color":"","background-image":"","background-repeat":"repeat","background-position":"center center","background-size":"auto","background-attachment":"scroll","background-type":"","background-media":"","overlay-type":"","overlay-color":"","overlay-opacity":"","overlay-gradient":""},"tablet":{"background-color":"","background-image":"","background-repeat":"repeat","background-position":"center center","background-size":"auto","background-attachment":"scroll","background-type":"","background-media":"","overlay-type":"","overlay-color":"","overlay-opacity":"","overlay-gradient":""},"mobile":{"background-color":"","background-image":"","background-repeat":"repeat","background-position":"center center","background-size":"auto","background-attachment":"scroll","background-type":"","background-media":"","overlay-type":"","overlay-color":"","overlay-opacity":"","overlay-gradient":""}},"ast-content-background-meta":{"desktop":{"background-color":"var(--ast-global-color-5)","background-image":"","background-repeat":"repeat","background-position":"center center","background-size":"auto","background-attachment":"scroll","background-type":"","background-media":"","overlay-type":"","overlay-color":"","overlay-opacity":"","overlay-gradient":""},"tablet":{"background-color":"var(--ast-global-color-5)","background-image":"","background-repeat":"repeat","background-position":"center center","background-size":"auto","background-attachment":"scroll","background-type":"","background-media":"","overlay-type":"","overlay-color":"","overlay-opacity":"","overlay-gradient":""},"mobile":{"background-color":"var(--ast-global-color-5)","background-image":"","background-repeat":"repeat","background-position":"center center","background-size":"auto","background-attachment":"scroll","background-type":"","background-media":"","overlay-type":"","overlay-color":"","overlay-opacity":"","overlay-gradient":""}},"footnotes":""},"class_list":["post-6008","page","type-page","status-publish","hentry"],"acf":[],"yoast_head":"<!-- This site is optimized with the Yoast SEO plugin v27.3 - https:\/\/yoast.com\/product\/yoast-seo-wordpress\/ -->\n<title>Hen Do Spain | Shows | Dinner &amp; Show &amp; more | StrippersDeluxe<\/title>\n<meta name=\"description\" content=\"Organizing your friend&#039;s Hen do or a celebration like a birthday in Spain? Take a look at our website and make the event memorable.\" \/>\n<meta name=\"robots\" content=\"index, follow, max-snippet:-1, max-image-preview:large, max-video-preview:-1\" \/>\n<link rel=\"canonical\" href=\"https:\/\/strippersdeluxe.es\/en\/despedida-de-soltera\/\" \/>\n<meta property=\"og:locale\" content=\"en_US\" \/>\n<meta property=\"og:type\" content=\"article\" \/>\n<meta property=\"og:title\" content=\"Hen Do Spain | Shows | Dinner &amp; Show &amp; more | StrippersDeluxe\" \/>\n<meta property=\"og:description\" content=\"Organizing your friend&#039;s Hen do or a celebration like a birthday in Spain? Take a look at our website and make the event memorable.\" \/>\n<meta property=\"og:url\" content=\"https:\/\/strippersdeluxe.es\/en\/despedida-de-soltera\/\" \/>\n<meta property=\"og:site_name\" content=\"StrippersDeluxe\" \/>\n<meta property=\"article:publisher\" content=\"https:\/\/www.facebook.com\/StripDelux\/\" \/>\n<meta property=\"article:modified_time\" content=\"2024-10-14T17:32:14+00:00\" \/>\n<meta name=\"twitter:label1\" content=\"Est. reading time\" \/>\n\t<meta name=\"twitter:data1\" content=\"2 minutes\" \/>\n<!-- \/ Yoast SEO plugin. -->","yoast_head_json":{"title":"Hen Do Spain | Shows | Dinner & Show & more | StrippersDeluxe","description":"Organizing your friend's Hen do or a celebration like a birthday in Spain? Take a look at our website and make the event memorable.","robots":{"index":"index","follow":"follow","max-snippet":"max-snippet:-1","max-image-preview":"max-image-preview:large","max-video-preview":"max-video-preview:-1"},"canonical":"https:\/\/strippersdeluxe.es\/en\/despedida-de-soltera\/","og_locale":"en_US","og_type":"article","og_title":"Hen Do Spain | Shows | Dinner & Show & more | StrippersDeluxe","og_description":"Organizing your friend's Hen do or a celebration like a birthday in Spain? Take a look at our website and make the event memorable.","og_url":"https:\/\/strippersdeluxe.es\/en\/despedida-de-soltera\/","og_site_name":"StrippersDeluxe","article_publisher":"https:\/\/www.facebook.com\/StripDelux\/","article_modified_time":"2024-10-14T17:32:14+00:00","twitter_misc":{"Est. reading time":"2 minutes"},"schema":{"@context":"https:\/\/schema.org","@graph":[{"@type":"WebPage","@id":"https:\/\/strippersdeluxe.es\/en\/despedida-de-soltera\/","url":"https:\/\/strippersdeluxe.es\/en\/despedida-de-soltera\/","name":"Hen Do Spain | Shows | Dinner & Show & more | StrippersDeluxe","isPartOf":{"@id":"https:\/\/strippersdeluxe.es\/en\/#website"},"datePublished":"2016-12-07T01:32:36+00:00","dateModified":"2024-10-14T17:32:14+00:00","description":"Organizing your friend's Hen do or a celebration like a birthday in Spain? Take a look at our website and make the event memorable.","breadcrumb":{"@id":"https:\/\/strippersdeluxe.es\/en\/despedida-de-soltera\/#breadcrumb"},"inLanguage":"en-US","potentialAction":[{"@type":"ReadAction","target":["https:\/\/strippersdeluxe.es\/en\/despedida-de-soltera\/"]}]},{"@type":"BreadcrumbList","@id":"https:\/\/strippersdeluxe.es\/en\/despedida-de-soltera\/#breadcrumb","itemListElement":[{"@type":"ListItem","position":1,"name":"Portada","item":"https:\/\/strippersdeluxe.es\/en\/"},{"@type":"ListItem","position":2,"name":"Unforgettable Hen Do or Hen Party in Spain"}]},{"@type":"WebSite","@id":"https:\/\/strippersdeluxe.es\/en\/#website","url":"https:\/\/strippersdeluxe.es\/en\/","name":"StrippersDeluxe","description":"Organizaci\u00f3n de eventos, despedidas de soltero y soltera, cabar\u00e9 y espect\u00e1culos[:en]Organizaci\u00f3n de eventos, despedidas de soltero y soltera, y espect\u00e1culos","publisher":{"@id":"https:\/\/strippersdeluxe.es\/en\/#organization"},"potentialAction":[{"@type":"SearchAction","target":{"@type":"EntryPoint","urlTemplate":"https:\/\/strippersdeluxe.es\/en\/?s={search_term_string}"},"query-input":{"@type":"PropertyValueSpecification","valueRequired":true,"valueName":"search_term_string"}}],"inLanguage":"en-US"},{"@type":"Organization","@id":"https:\/\/strippersdeluxe.es\/en\/#organization","name":"StrippersDeluxe","url":"https:\/\/strippersdeluxe.es\/en\/","logo":{"@type":"ImageObject","inLanguage":"en-US","@id":"https:\/\/strippersdeluxe.es\/en\/#\/schema\/logo\/image\/","url":"https:\/\/strippersdeluxe.es\/wp-content\/uploads\/2024\/10\/cropped-cropped-LOGO-1.png","contentUrl":"https:\/\/strippersdeluxe.es\/wp-content\/uploads\/2024\/10\/cropped-cropped-LOGO-1.png","width":1000,"height":516,"caption":"StrippersDeluxe"},"image":{"@id":"https:\/\/strippersdeluxe.es\/en\/#\/schema\/logo\/image\/"},"sameAs":["https:\/\/www.facebook.com\/StripDelux\/","https:\/\/x.com\/strippersdeluxe","https:\/\/www.instagram.com\/strippersdeluxe\/","https:\/\/www.youtube.com\/strippersdeluxe"]}]}},"uagb_featured_image_src":{"full":false,"thumbnail":false,"medium":false,"medium_large":false,"large":false,"1536x1536":false,"2048x2048":false},"uagb_author_info":{"display_name":"strippersdeluxe","author_link":"https:\/\/strippersdeluxe.es\/en\/author\/admin\/"},"uagb_comment_info":0,"uagb_excerpt":"SHOWS If you&#8217;ve landed on this website, it&#8217;s because you&#8217;re organizing your friend&#8217;s Hen do or a celebration like a birthday and you want it to be absolutely memorable with a spicy touch. That&#8217;s why we offer the best shows for these special moments. We have the best artists in Spain to ensure that your&hellip;","_links":{"self":[{"href":"https:\/\/strippersdeluxe.es\/en\/wp-json\/wp\/v2\/pages\/6008","targetHints":{"allow":["GET"]}}],"collection":[{"href":"https:\/\/strippersdeluxe.es\/en\/wp-json\/wp\/v2\/pages"}],"about":[{"href":"https:\/\/strippersdeluxe.es\/en\/wp-json\/wp\/v2\/types\/page"}],"author":[{"embeddable":true,"href":"https:\/\/strippersdeluxe.es\/en\/wp-json\/wp\/v2\/users\/1"}],"replies":[{"embeddable":true,"href":"https:\/\/strippersdeluxe.es\/en\/wp-json\/wp\/v2\/comments?post=6008"}],"version-history":[{"count":0,"href":"https:\/\/strippersdeluxe.es\/en\/wp-json\/wp\/v2\/pages\/6008\/revisions"}],"wp:attachment":[{"href":"https:\/\/strippersdeluxe.es\/en\/wp-json\/wp\/v2\/media?parent=6008"}],"curies":[{"name":"wp","href":"https:\/\/api.w.org\/{rel}","templated":true}]}}