{"id":6006,"date":"2016-12-07T01:02:31","date_gmt":"2016-12-07T01:02:31","guid":{"rendered":"https:\/\/strippersdeluxe.es\/dinner-and-private-show-for-groups\/"},"modified":"2024-10-14T16:49:45","modified_gmt":"2024-10-14T16:49:45","slug":"restaurantes-para-despedida-o-eventos","status":"publish","type":"page","link":"https:\/\/strippersdeluxe.es\/en\/restaurantes-para-despedida-o-eventos\/","title":{"rendered":"<center>Dinner and private Show for groups<\/center>"},"content":{"rendered":"<style>\n\/* Estilos para la galer\u00eda *\/\n#galeria, #galeria * {\n    box-sizing: border-box;\n}\n#galeria {\n    padding: 10px;\n    padding-bottom: 0;\n    background: white;  \/* Fondo de la galer\u00eda *\/\n    max-width: 100%; \/* Hacer que la galer\u00eda sea responsive *\/\n    margin: 0 auto;\n}\n#galeria_miniaturas {\n    display: flex; \/* Utilizar flexbox para las miniaturas *\/\n    justify-content: center; \/* Centrar horizontalmente las miniaturas *\/\n    flex-wrap: wrap; \/* Permitir que las miniaturas se envuelvan en m\u00faltiples filas *\/\n    gap: 10px; \/* Espacio entre las miniaturas *\/\n}\n#imgGaleria {\n    box-shadow: 0 1px 16px 0 #dfdfdf;\n    border-radius: 25px;\n    border: 1px solid #F2F2F2;  \/* Borde de la imagen *\/\n    padding: 3px;\n    max-width: 100%; \/* Hacer que la imagen sea responsive *\/\n    height: auto; \/* Altura autom\u00e1tica *\/\n}\n.miniatura {\n    border-radius: 10px;\n    width: 60px;  \/* Ancho de las miniaturas *\/\n    height: 60px;  \/* Alto de las miniaturas *\/\n    cursor: pointer;\n    padding: 5px;\n    margin-bottom: 0px; \/* Espacio entre las miniaturas *\/\n    transition: opacity 0.3s; \/* Agregar una transici\u00f3n de opacidad *\/\n    object-fit: cover; \/* Redimensiona y recorta la imagen para ajustarla al cuadro *\/\n}\n.miniatura:hover {\n    opacity: 0.8;   \/* Opacidad *\/\n}\n.miniatura:active {\n    opacity: 1;\n}\n\/* Estilo general para pantallas grandes *\/\n.entry-title {\n    font-size: 30px;\n    text-transform: uppercase;\n    background-color: #f2f2f2;\n    padding: 20px;\n    border-radius: 10px;\n    box-shadow: 0 4px 6px rgba(0, 0, 0, 0.1), 0 1px 3px rgba(0, 0, 0, 0.08);\n    color: #333;\n    font-weight: bold;\n    text-align: center;\n    width: fit-content;\n    margin: 20px auto;\n}<\/p>\n<p>\/* Media query para m\u00f3viles y pantallas peque\u00f1as *\/\n@media only screen and (max-width: 768px) {\n    .entry-title {\n        width: 70%; !important \/* Ancho completo en pantallas peque\u00f1as *\/\n    }\n}\n<\/style>\n<h3 style=\"text-align: center;\">Celebrate friend\u00b4s Hen Do &#038; Stag do with us in Spain<\/h3>\n<h3 style=\"text-align: center;\">We offer complete quality meals\/dinners in collaborating restaurants that together with the show after dinner<\/h3>\n<div id=\"galeria_imagen\"><center><img decoding=\"async\" id=\"imgGaleria\" src=\"\/wp-content\/gallery\/cena-y-espectaculo\/dinner with male stripper.jpg\" \/><\/center><\/div>\n<div id=\"galeria_miniaturas\"><img decoding=\"async\" class=\"miniatura\" src=\"\/wp-content\/gallery\/cena-y-espectaculo\/restaurant stripper.jpg\" alt=\"restaurant stripper\" \/><br \/>\n<img decoding=\"async\" class=\"miniatura\" src=\"\/wp-content\/gallery\/cena-y-espectaculo\/hen do spain.jpg\" alt=\"hen do spain\" \/><br \/>\n<img decoding=\"async\" class=\"miniatura\" src=\"\/wp-content\/gallery\/cena-y-espectaculo\/dinner with stripper spain.jpg\" alt=\"dinner with stripper spain\" \/><br \/>\n<img decoding=\"async\" class=\"miniatura\" src=\"\/wp-content\/gallery\/cena-y-espectaculo\/dinner with male stripper.jpg\" alt=\"dinner with male stripper\" \/><\/div>\n<h3 style=\"text-align: center;\">Restaurants for Stag do &#038; Hen do and bachelor, bachelorette parties, or birthdays. For our shows we have the best strippers girls and male strippers in Spain, whose sensual show will not leave anyone indifferent.<\/h3>\n<p style=\"text-align: center;\">Enjoy your party at one of the restaurants we offer. In this section our clients will find a list of restaurants by provinces with private rooms where strip shows are allowed. They are regular restaurants with quality food allowing our shows in private space.<\/p>\n<form action=\"\" method=\"post\" name=\"provincias\">\n<h3 style=\"text-align: center;\"><strong>TO SEE THE DIFFERENT OPTIONS CLICK IN THE CITY OR PROVINCE:\u00a0<\/strong><select name=\"destinos\" onchange=\"location.href=provincias.destinos.value;\"><option value=\"\/en\/restaurantes-para-despedida-o-eventos\/\">SELECT<\/option><option value=\"\/en\/restaurantes-para-despedida-o-eventos\/vitoria-gasteiz\/\">Alava<\/option><option value=\"\/en\/restaurantes-para-despedida-o-eventos\/alicante\/\">Alicante<\/option><option value=\"\/en\/restaurantes-para-despedida-o-eventos\/almeria\/\">Almeria<\/option><option value=\"\/en\/restaurantes-para-despedida-o-eventos\/barcelona\/\">Barcelona<\/option><option value=\"\/en\/restaurantes-para-despedida-o-eventos\/bilbao\/\">Bilbao<\/option><option value=\"\/en\/restaurantes-para-despedida-o-eventos\/cadiz\/\">Cadiz<\/option><option value=\"\/en\/restaurantes-para-despedida-o-eventos\/canarias\/\">Canary Islands<\/option><option value=\"\/en\/restaurantes-para-despedida-o-eventos\/castellon\">Castellon<\/option><option value=\"\/en\/restaurantes-para-despedida-o-eventos\/cordoba\">Cordoba<\/option><option value=\"\/en\/restaurantes-para-despedida-o-eventos\/coruna-y-santiago-de-compostela\">Coruna &#8211; Santiago<\/option><option value=\"\/en\/restaurantes-para-despedida-o-eventos\/girona\">Girona &#8211; Costa Brava &#8211; Lloret Mar<\/option><option value=\"\/en\/despedida-con-boys-o-stripper-en-granada-espana\/\">Granada<\/option><option value=\"\/en\/restaurantes-para-despedida-o-eventos\/ibiza\">Ibiza<\/option><option value=\"\/en\/despedidas-soltero-soltera-jaen-strippers-boys-andalucia\/\">Jaen<\/option><option value=\"\/en\/restaurantes-para-despedida-o-eventos\/madrid\">Madrid<\/option><option value=\"\/en\/restaurantes-para-despedida-o-eventos\/malaga\">Malaga<\/option><option value=\"\/en\/restaurantes-para-despedida-o-eventos\/mallorca\/\">Majorca<\/option><option value=\"\/en\/restaurantes-para-despedida-o-eventos\/murcia\/\">Murcia<\/option><option value=\"\/en\/restaurantes-para-despedida-o-eventos\/logrono\/\">Logrono<\/option><option value=\"\/en\/restaurantes-para-despedida-o-eventos\/Pamplona\/\">Pamplona<\/option><option value=\"\/en\/restaurantes-para-despedida-o-eventos\/pontevedra\/\">Pontevedra<\/option><option value=\"\/en\/restaurantes-para-despedida-o-eventos\/salamanca\/\">Salamanca<\/option><option value=\"\/en\/restaurantes-para-despedida-o-eventos\/sevilla\/\">Seville<\/option><option value=\"\/en\/restaurantes-para-despedida-o-eventos\/tarragona\/\">Tarragona &#8211; Salou<\/option><option value=\"\/en\/restaurantes-para-despedida-o-eventos\/valencia\/\">Valencia<\/option><option value=\"\/en\/restaurantes-para-despedida-o-eventos\/zaragoza\/\">Zaragoza<\/option><\/select><\/h3>\n<\/form>\n","protected":false},"excerpt":{"rendered":"<p>Celebrate friend\u00b4s Hen Do &#038; Stag do with us in Spain We offer complete quality meals\/dinners in collaborating restaurants that together with the show after dinner Restaurants for Stag do &#038; Hen do and bachelor, bachelorette parties, or birthdays. For our shows we have the best strippers girls and male strippers in Spain, whose sensual [&hellip;]<\/p>\n","protected":false},"author":1,"featured_media":0,"parent":0,"menu_order":0,"comment_status":"closed","ping_status":"closed","template":"","meta":{"_acf_changed":false,"_uag_custom_page_level_css":"","site-sidebar-layout":"default","site-content-layout":"","ast-site-content-layout":"default","site-content-style":"default","site-sidebar-style":"default","ast-global-header-display":"","ast-banner-title-visibility":"","ast-main-header-display":"","ast-hfb-above-header-display":"","ast-hfb-below-header-display":"","ast-hfb-mobile-header-display":"","site-post-title":"","ast-breadcrumbs-content":"","ast-featured-img":"","footer-sml-layout":"","ast-disable-related-posts":"","theme-transparent-header-meta":"","adv-header-id-meta":"","stick-header-meta":"","header-above-stick-meta":"","header-main-stick-meta":"","header-below-stick-meta":"","astra-migrate-meta-layouts":"set","ast-page-background-enabled":"default","ast-page-background-meta":{"desktop":{"background-color":"","background-image":"","background-repeat":"repeat","background-position":"center center","background-size":"auto","background-attachment":"scroll","background-type":"","background-media":"","overlay-type":"","overlay-color":"","overlay-opacity":"","overlay-gradient":""},"tablet":{"background-color":"","background-image":"","background-repeat":"repeat","background-position":"center center","background-size":"auto","background-attachment":"scroll","background-type":"","background-media":"","overlay-type":"","overlay-color":"","overlay-opacity":"","overlay-gradient":""},"mobile":{"background-color":"","background-image":"","background-repeat":"repeat","background-position":"center center","background-size":"auto","background-attachment":"scroll","background-type":"","background-media":"","overlay-type":"","overlay-color":"","overlay-opacity":"","overlay-gradient":""}},"ast-content-background-meta":{"desktop":{"background-color":"var(--ast-global-color-5)","background-image":"","background-repeat":"repeat","background-position":"center center","background-size":"auto","background-attachment":"scroll","background-type":"","background-media":"","overlay-type":"","overlay-color":"","overlay-opacity":"","overlay-gradient":""},"tablet":{"background-color":"var(--ast-global-color-5)","background-image":"","background-repeat":"repeat","background-position":"center center","background-size":"auto","background-attachment":"scroll","background-type":"","background-media":"","overlay-type":"","overlay-color":"","overlay-opacity":"","overlay-gradient":""},"mobile":{"background-color":"var(--ast-global-color-5)","background-image":"","background-repeat":"repeat","background-position":"center center","background-size":"auto","background-attachment":"scroll","background-type":"","background-media":"","overlay-type":"","overlay-color":"","overlay-opacity":"","overlay-gradient":""}},"footnotes":""},"class_list":["post-6006","page","type-page","status-publish","hentry"],"acf":[],"yoast_head":"<!-- This site is optimized with the Yoast SEO plugin v27.5 - https:\/\/yoast.com\/product\/yoast-seo-wordpress\/ -->\n<title>Dinner for Stag or Hen Do for groups with Show - StrippersDeluxe<\/title>\n<meta name=\"description\" content=\"Celebrate friend\u00b4s Hen Do or Stag do with us in Spain, we offer complete quality meals\/dinners . A fun show of male or female stripper after dinner.\" \/>\n<meta name=\"robots\" content=\"index, follow, max-snippet:-1, max-image-preview:large, max-video-preview:-1\" \/>\n<link rel=\"canonical\" href=\"https:\/\/strippersdeluxe.es\/en\/restaurantes-para-despedida-o-eventos\/\" \/>\n<meta property=\"og:locale\" content=\"en_US\" \/>\n<meta property=\"og:type\" content=\"article\" \/>\n<meta property=\"og:title\" content=\"Dinner for Stag or Hen Do for groups with Show - StrippersDeluxe\" \/>\n<meta property=\"og:description\" content=\"Celebrate friend\u00b4s Hen Do or Stag do with us in Spain, we offer complete quality meals\/dinners . A fun show of male or female stripper after dinner.\" \/>\n<meta property=\"og:url\" content=\"https:\/\/strippersdeluxe.es\/en\/restaurantes-para-despedida-o-eventos\/\" \/>\n<meta property=\"og:site_name\" content=\"StrippersDeluxe\" \/>\n<meta property=\"article:publisher\" content=\"https:\/\/www.facebook.com\/StripDelux\/\" \/>\n<meta property=\"article:modified_time\" content=\"2024-10-14T16:49:45+00:00\" \/>\n<meta name=\"twitter:label1\" content=\"Est. reading time\" \/>\n\t<meta name=\"twitter:data1\" content=\"2 minutes\" \/>\n<!-- \/ Yoast SEO plugin. -->","yoast_head_json":{"title":"Dinner for Stag or Hen Do for groups with Show - StrippersDeluxe","description":"Celebrate friend\u00b4s Hen Do or Stag do with us in Spain, we offer complete quality meals\/dinners . A fun show of male or female stripper after dinner.","robots":{"index":"index","follow":"follow","max-snippet":"max-snippet:-1","max-image-preview":"max-image-preview:large","max-video-preview":"max-video-preview:-1"},"canonical":"https:\/\/strippersdeluxe.es\/en\/restaurantes-para-despedida-o-eventos\/","og_locale":"en_US","og_type":"article","og_title":"Dinner for Stag or Hen Do for groups with Show - StrippersDeluxe","og_description":"Celebrate friend\u00b4s Hen Do or Stag do with us in Spain, we offer complete quality meals\/dinners . A fun show of male or female stripper after dinner.","og_url":"https:\/\/strippersdeluxe.es\/en\/restaurantes-para-despedida-o-eventos\/","og_site_name":"StrippersDeluxe","article_publisher":"https:\/\/www.facebook.com\/StripDelux\/","article_modified_time":"2024-10-14T16:49:45+00:00","twitter_misc":{"Est. reading time":"2 minutes"},"schema":{"@context":"https:\/\/schema.org","@graph":[{"@type":"WebPage","@id":"https:\/\/strippersdeluxe.es\/en\/restaurantes-para-despedida-o-eventos\/","url":"https:\/\/strippersdeluxe.es\/en\/restaurantes-para-despedida-o-eventos\/","name":"Dinner for Stag or Hen Do for groups with Show - StrippersDeluxe","isPartOf":{"@id":"https:\/\/strippersdeluxe.es\/en\/#website"},"datePublished":"2016-12-07T01:02:31+00:00","dateModified":"2024-10-14T16:49:45+00:00","description":"Celebrate friend\u00b4s Hen Do or Stag do with us in Spain, we offer complete quality meals\/dinners . A fun show of male or female stripper after dinner.","breadcrumb":{"@id":"https:\/\/strippersdeluxe.es\/en\/restaurantes-para-despedida-o-eventos\/#breadcrumb"},"inLanguage":"en-US","potentialAction":[{"@type":"ReadAction","target":["https:\/\/strippersdeluxe.es\/en\/restaurantes-para-despedida-o-eventos\/"]}]},{"@type":"BreadcrumbList","@id":"https:\/\/strippersdeluxe.es\/en\/restaurantes-para-despedida-o-eventos\/#breadcrumb","itemListElement":[{"@type":"ListItem","position":1,"name":"Portada","item":"https:\/\/strippersdeluxe.es\/en\/"},{"@type":"ListItem","position":2,"name":"Dinner and private Show for groups"}]},{"@type":"WebSite","@id":"https:\/\/strippersdeluxe.es\/en\/#website","url":"https:\/\/strippersdeluxe.es\/en\/","name":"StrippersDeluxe","description":"Organizaci\u00f3n de eventos, despedidas de soltero y soltera, cabar\u00e9 y espect\u00e1culos[:en]Organizaci\u00f3n de eventos, despedidas de soltero y soltera, y espect\u00e1culos","publisher":{"@id":"https:\/\/strippersdeluxe.es\/en\/#organization"},"potentialAction":[{"@type":"SearchAction","target":{"@type":"EntryPoint","urlTemplate":"https:\/\/strippersdeluxe.es\/en\/?s={search_term_string}"},"query-input":{"@type":"PropertyValueSpecification","valueRequired":true,"valueName":"search_term_string"}}],"inLanguage":"en-US"},{"@type":"Organization","@id":"https:\/\/strippersdeluxe.es\/en\/#organization","name":"StrippersDeluxe","url":"https:\/\/strippersdeluxe.es\/en\/","logo":{"@type":"ImageObject","inLanguage":"en-US","@id":"https:\/\/strippersdeluxe.es\/en\/#\/schema\/logo\/image\/","url":"https:\/\/strippersdeluxe.es\/wp-content\/uploads\/2024\/10\/cropped-cropped-LOGO-1.png","contentUrl":"https:\/\/strippersdeluxe.es\/wp-content\/uploads\/2024\/10\/cropped-cropped-LOGO-1.png","width":1000,"height":516,"caption":"StrippersDeluxe"},"image":{"@id":"https:\/\/strippersdeluxe.es\/en\/#\/schema\/logo\/image\/"},"sameAs":["https:\/\/www.facebook.com\/StripDelux\/","https:\/\/x.com\/strippersdeluxe","https:\/\/www.instagram.com\/strippersdeluxe\/","https:\/\/www.youtube.com\/strippersdeluxe"]}]}},"uagb_featured_image_src":{"full":false,"thumbnail":false,"medium":false,"medium_large":false,"large":false,"1536x1536":false,"2048x2048":false},"uagb_author_info":{"display_name":"strippersdeluxe","author_link":"https:\/\/strippersdeluxe.es\/en\/author\/admin\/"},"uagb_comment_info":0,"uagb_excerpt":"Celebrate friend\u00b4s Hen Do &#038; Stag do with us in Spain We offer complete quality meals\/dinners in collaborating restaurants that together with the show after dinner Restaurants for Stag do &#038; Hen do and bachelor, bachelorette parties, or birthdays. For our shows we have the best strippers girls and male strippers in Spain, whose sensual&hellip;","_links":{"self":[{"href":"https:\/\/strippersdeluxe.es\/en\/wp-json\/wp\/v2\/pages\/6006","targetHints":{"allow":["GET"]}}],"collection":[{"href":"https:\/\/strippersdeluxe.es\/en\/wp-json\/wp\/v2\/pages"}],"about":[{"href":"https:\/\/strippersdeluxe.es\/en\/wp-json\/wp\/v2\/types\/page"}],"author":[{"embeddable":true,"href":"https:\/\/strippersdeluxe.es\/en\/wp-json\/wp\/v2\/users\/1"}],"replies":[{"embeddable":true,"href":"https:\/\/strippersdeluxe.es\/en\/wp-json\/wp\/v2\/comments?post=6006"}],"version-history":[{"count":0,"href":"https:\/\/strippersdeluxe.es\/en\/wp-json\/wp\/v2\/pages\/6006\/revisions"}],"wp:attachment":[{"href":"https:\/\/strippersdeluxe.es\/en\/wp-json\/wp\/v2\/media?parent=6006"}],"curies":[{"name":"wp","href":"https:\/\/api.w.org\/{rel}","templated":true}]}}