{"id":6002,"date":"2016-12-01T15:21:33","date_gmt":"2016-12-01T15:21:33","guid":{"rendered":"https:\/\/strippersdeluxe.es\/girls\/"},"modified":"2025-02-22T12:59:05","modified_gmt":"2025-02-22T12:59:05","slug":"chicas-strippers-spain","status":"publish","type":"page","link":"https:\/\/strippersdeluxe.es\/en\/chicas-strippers-spain\/","title":{"rendered":"<center>Stripper Girls<\/center>"},"content":{"rendered":"<style>\nselect[name=\"destinoschicas\"] {\n    border: 2px solid #d5d5d5;\n    font-weight: 600;\n    text-align: center;\n    border-radius: 10px;\n    box-shadow: rgba(0, 0, 0, 0.15) 0px 5px 12px !important;\n}\n\/* Estilos para la galer\u00eda *\/\n#galeria, #galeria * {\n    box-sizing: border-box;\n}\n#galeria {\n    padding: 10px;\n    padding-bottom: 0;\n    background: white;  \/* Fondo de la galer\u00eda *\/\n    max-width: 100%; \/* Hacer que la galer\u00eda sea responsive *\/\n    margin: 0 auto;\n}\n#galeria_miniaturas {\n    display: flex; \/* Utilizar flexbox para las miniaturas *\/\n    justify-content: center; \/* Centrar horizontalmente las miniaturas *\/\n    flex-wrap: wrap; \/* Permitir que las miniaturas se envuelvan en m\u00faltiples filas *\/\n    gap: 10px; \/* Espacio entre las miniaturas *\/\n}\n#imgGaleria {\n    box-shadow: 0 1px 16px 0 #dfdfdf;\n    border-radius: 25px;\n    border: 1px solid #F2F2F2;  \/* Borde de la imagen *\/\n    padding: 3px;\n    max-width: 100%; \/* Hacer que la imagen sea responsive *\/\n    height: auto; \/* Altura autom\u00e1tica *\/\n}\n.miniatura {\n    border-radius: 10px;\n    width: 60px;  \/* Ancho de las miniaturas *\/\n    height: 60px;  \/* Alto de las miniaturas *\/\n    cursor: pointer;\n    padding: 5px;\n    margin-bottom: 0px; \/* Espacio entre las miniaturas *\/\n    transition: opacity 0.3s; \/* Agregar una transici\u00f3n de opacidad *\/\n    object-fit: cover; \/* Redimensiona y recorta la imagen para ajustarla al cuadro *\/\n}\n.miniatura:hover {\n    opacity: 0.8;   \/* Opacidad *\/\n}\n.miniatura:active {\n    opacity: 1;\n}\n\/* Estilo general Titulo para pantallas grandes *\/\n.entry-title {\n    font-size: 30px;\n    text-transform: uppercase;\n    background-color: #f2f2f2;\n    padding: 20px;\n    border-radius: 10px;\n    box-shadow: 0 4px 6px rgba(0, 0, 0, 0.1), 0 1px 3px rgba(0, 0, 0, 0.08);\n    color: #333;\n    font-weight: bold;\n    text-align: center;\n    width: fit-content;\n    margin: 20px auto;\n}<\/p>\n<p>\/* Media query para m\u00f3viles y pantallas peque\u00f1as *\/\n@media only screen and (max-width: 768px) {\n    .entry-title {\n        width: 70%; !important \/* Ancho completo en pantallas peque\u00f1as *\/\n    }\n}\n\/* Espacio entre imagine y titulo h2 *\/\nh2 {\n    margin-top: 20px;\n}\n<\/style>\n<p><center><\/p>\n<div class=\"img-fulltext-\"><img loading=\"lazy\" decoding=\"async\" width=\"400\" height=\"182\" src=\"\/wp-content\/gallery\/shows\/female-stripper-spain.jpg\" alt=\"Female Stripper Spain\"\/><\/center><\/div>\n<h2 style=\"text-align: center;\"><strong>Add a spicy touch to your event or friend&#8217;s bachelor or stag party<\/strong><\/h2>\n<h3 style=\"text-align: center;\"><strong>Hiring the show of a female stripper in Spain is a very fun and exciting option.<\/strong><\/h3>\n<p style=\"text-align: center;\">If you are organizing your friend\u2019s stag do or birthday, surprise him with a unique show featuring a <strong>female stripper<\/strong>.<\/p>\n<p style=\"text-align: center;\">Here, the fun and laughter will be present. The show is full of surprises and lasts approximately 15 to 20 minutes.<\/p>\n<p style=\"text-align: center;\">It&#8217;s a show focused on the honoree and she actively participates with the group.<\/p>\n<p style=\"text-align: center;\">Furthermore, we have a wide range of professionals, female strippers, who will provide an extra layer of entertainment and fun to your events. This includes birthday parties, <strong>bachelor party<\/strong>, <strong>stag party<\/strong>, private gatherings, and more.<\/p>\n<div id=\"galeria_imagen\">\n    <center><br \/>\n        <img decoding=\"async\" id=\"imgGaleria\" src=\"\/wp-content\/gallery\/chicas-principal\/new\/en\/female-strippers-spain.jpg\" alt=\"female strippers spain\"\/><br \/>\n    <\/center>\n<\/div>\n<div id=\"galeria_miniaturas\">\n    <img decoding=\"async\" class=\"miniatura\" src=\"\/wp-content\/gallery\/chicas-principal\/new\/en\/female-strippers-spain.jpg\" alt=\"female strippers spain\" \/><br \/>\n    <img decoding=\"async\" class=\"miniatura\" src=\"\/wp-content\/gallery\/chicas-principal\/new\/en\/bachelor-in-spain-with-stripper.jpg\" alt=\"Bachelor Party in Spain with stripper\" \/><br \/>\n    <img decoding=\"async\" class=\"miniatura\" src=\"\/wp-content\/gallery\/chicas-principal\/new\/en\/benidorm-stripper.jpg\" alt=\"benidorm female stripper\" \/><br \/>\n    <img decoding=\"async\" class=\"miniatura\" src=\"\/wp-content\/gallery\/chicas-principal\/new\/en\/dinner-with-stripper.jpg\" alt=\"Dinner with stripper for groups\" \/><br \/>\n    <img decoding=\"async\" class=\"miniatura\" src=\"\/wp-content\/gallery\/chicas-principal\/new\/en\/hire-female-stripper.jpg\" alt=\"hire female stripper\" \/><br \/>\n    <img decoding=\"async\" class=\"miniatura\" src=\"\/wp-content\/gallery\/chicas-principal\/new\/en\/hire-stripper.jpg\" alt=\"Hire female stripper\" \/><br \/>\n    <img decoding=\"async\" class=\"miniatura\" src=\"\/wp-content\/gallery\/chicas-principal\/new\/en\/sevilla-strippers.jpg\" alt=\"Strippers in Seville\" \/><br \/>\n    <img decoding=\"async\" class=\"miniatura\" src=\"\/wp-content\/gallery\/chicas-principal\/new\/en\/stag-do-stripper-spain.jpg\" alt=\"stag do stripper spain\" \/><br \/>\n    <img decoding=\"async\" class=\"miniatura\" src=\"\/wp-content\/gallery\/chicas-principal\/new\/en\/stripper-bachelor-party.jpg\" alt=\"stripper bachelor party\" \/><br \/>\n    <img decoding=\"async\" class=\"miniatura\" src=\"\/wp-content\/gallery\/chicas-principal\/new\/en\/stripper-madrid.jpg\" alt=\"stripper madrid for party or stag do\" \/><br \/>\n    <img decoding=\"async\" class=\"miniatura\" src=\"\/wp-content\/gallery\/chicas-principal\/new\/en\/strippers-spain.jpg\" alt=\"Spain Stripper Hire\" \/><br \/>\n    <img decoding=\"async\" class=\"miniatura\" src=\"\/wp-content\/gallery\/chicas-principal\/new\/en\/stripper-stag-party.jpg\" alt=\"Stripper for stag party\" \/><br \/>\n    <img decoding=\"async\" class=\"miniatura\" src=\"\/wp-content\/gallery\/chicas-principal\/new\/en\/stripper-malaga.jpg\" alt=\"Stripper Malaga\" \/><br \/>\n    <img decoding=\"async\" class=\"miniatura\" src=\"\/wp-content\/gallery\/chicas-principal\/new\/en\/stripper-mallorca.jpg\" alt=\"Mallorca Stripper\" \/><br \/>\n    <img decoding=\"async\" class=\"miniatura\" src=\"\/wp-content\/gallery\/chicas-principal\/new\/en\/stripper-marbella.jpg\" alt=\"Stripper Marbella\" \/><br \/>\n    <img decoding=\"async\" class=\"miniatura\" src=\"\/wp-content\/gallery\/chicas-principal\/new\/en\/stripper-salou-tarragona.jpg\" alt=\"Salou Stripper\" \/><br \/>\n    <img decoding=\"async\" class=\"miniatura\" src=\"\/wp-content\/gallery\/chicas-principal\/new\/en\/stripper-valencia.jpg\" alt=\"Stripper Valencia\" \/>\n<\/div>\n<hr>\n<p style=\"text-align: center;\">We come to the rental apartment, hotel, restaurants chosen by the client (important that they have private room and they allow the show), villas, rural houses, etc.<\/p>\n<p style=\"text-align: center;\">Additionally, if you didn\u00b4t find a&nbsp;Restaurant with private room, we have the option of <a href=\"\/restaurantes-para-despedida-o-eventos\/\">dinner and<\/a><a href=\"\/restaurantes-para-despedida-o-eventos\/\"> private show of female stripper<\/a>, ideal to celebrate the Stag do&nbsp;or other events.<\/p>\n<p style=\"text-align: center;\">The show lasts approximately 15 to 20 minutes, a show focused on the honoree and in which she participates with the group as well.<\/p>\n<p style=\"text-align: center;\">In the end, book your event with us. <strong>Fun and sensuality guaranteed for the event.<\/strong><\/p>\n<p style=\"text-align: center;\">Finally, select the city or province of the event and request information <strong>to hire<\/strong> the show of a <strong>female stripper in Spain<\/strong> by filling out the form in the selected city\/province<\/p>\n<p style=\"text-align: center;\"><img loading=\"lazy\" decoding=\"async\" src=\"\/wp-content\/imagenes\/arrow_double_down_icon.svg\" alt=\"icon\" width=\"28\" height=\"28\" \/><\/p>\n<div><center><\/p>\n<form action=\"\" method=\"post\" name=\"chicasstrippers\"><select name=\"destinoschicas\" onchange=\"location.href=chicasstrippers.destinoschicas.value;\"><option value=\"\/en\/chicas-strippers-spain\/\">SELECT THE CITY\/PROVINCE<\/option><option value=\"\/en\/chicas-strippers-spain\/alava\/\">Alava<\/option><option value=\"\/en\/chicas-strippers-spain\/albacete\/\">Albacete<\/option><option value=\"\/en\/chicas-strippers-spain\/alicante\/\">Alicante &#8211; Benidorm &#8211; Torrevieja<\/option><option value=\"\/en\/chicas-strippers-spain\/almeria\/\">Almeria &#8211; Mojacar<\/option><option value=\"\/en\/chicas-strippers-spain\/avila\/\">Avila<\/option><option value=\"\/en\/chicas-strippers-spain\/badajoz\/\">Badajoz<\/option><option value=\"\/en\/chicas-strippers-spain\/barcelona\/\">Barcelona<\/option><option value=\"\/en\/chicas-strippers-spain\/bilbao\/\">Bilbao<\/option><option value=\"\/en\/chicas-strippers-spain\/burgos\/\">Burgos<\/option><option value=\"\/en\/chicas-strippers-spain\/cadiz\/\">Cadiz<\/option><option value=\"\/en\/chicas-strippers-spain\/castellon\/\">Castellon<\/option><option value=\"\/en\/chicas-strippers-spain\/cordoba\/\">Cordoba<\/option><option value=\"\/en\/chicas-strippers-spain\/coruna\/\">Coruna &#8211; Santiago Compostela<\/option><option value=\"\/en\/chicas-strippers-spain\/oviedo-gijon\/\">Gijon-Oviedo<\/option><option value=\"\/en\/chicas-strippers-spain\/girona\/\">Girona &#8211; Lloret Mar &#038; Costa Brava<\/option><option value=\"\/en\/chicas-strippers-spain\/granada\/\">Granada<\/option><option value=\"\/en\/chicas-strippers-spain\/laspalmas\/\">Gran Canaria Island<\/option><option value=\"\/en\/chicas-strippers-spain\/guadalajara-castilla-la-mancha\/\">Guadalajara-Castilla-La-Mancha<\/option><option value=\"\/en\/chicas-strippers-spain\/guipuzcoa\/\">Guipuzcoa<\/option><option value=\"\/en\/chicas-strippers-spain\/huelva\/\">Huelva<\/option><option value=\"\/en\/chicas-strippers-spain\/huesca\/\">Huesca<\/option><option value=\"\/en\/chicas-strippers-spain\/ibiza\/\">Ibiza<\/option><option value=\"\/en\/chicas-strippers-spain\/leon\/\">Leon<\/option><option value=\"\/en\/chicas-strippers-spain\/lleida\/\">Lleida<\/option><option value=\"\/en\/chicas-strippers-spain\/logrono\/\">Logrono La Rioja<\/option><option value=\"\/en\/chicas-strippers-spain\/madrid\/\">Madrid<\/option><option value=\"\/en\/chicas-strippers-spain\/mallorca\/\">Mallorca &#8211; Majorca<\/option><option value=\"\/en\/chicas-strippers-spain\/malaga\/\">Malaga &#038; Costa del Sol<\/option><option value=\"\/en\/chicas-strippers-spain\/murcia\/\">Murcia<\/option><option value=\"\/en\/chicas-strippers-spain\/ourense\/\">Ourense<\/option><option value=\"\/en\/chicas-strippers-spain\/palencia\/\">Palencia<\/option><option value=\"\/en\/chicas-strippers-spain\/pamplona\/\">Pamplona<\/option><option value=\"\/en\/chicas-strippers-spain\/vigo\/\">Pontevedra<\/option><option value=\"\/en\/chicas-strippers-spain\/santander\/\">Santander<\/option><option value=\"\/en\/chicas-strippers-spain\/salamanca\/\">Salamanca<\/option><option value=\"\/en\/chicas-strippers-spain\/segovia\/\">Segovia<\/option><option value=\"\/en\/chicas-strippers-spain\/sevilla\/\">Seville<\/option><option value=\"\/en\/chicas-strippers-spain\/tarragona\/\">Tarragona &#8211; Salou<\/option><option value=\"\/en\/chicas-strippers-spain\/toledo\/\">Toledo<\/option><option value=\"\/en\/chicas-strippers-spain\/tenerife\/\">Tenerife Island<\/option><option value=\"\/en\/chicas-strippers-spain\/teruel\/\">Teruel<\/option><option value=\"\/en\/chicas-strippers-spain\/valencia\/\">Valencia<\/option><option value=\"\/en\/chicas-strippers-spain\/valladolid\/\">Valladolid<\/option><option value=\"\/en\/chicas-strippers-spain\/zaragoza\/\">Zaragoza<\/option><\/select><br \/>\n<\/form>\n<p><\/center><\/div>\n<p>&nbsp;<\/p>\n","protected":false},"excerpt":{"rendered":"<p>Add a spicy touch to your event or friend&#8217;s bachelor or stag party Hiring the show of a female stripper in Spain is a very fun and exciting option. If you are organizing your friend\u2019s stag do or birthday, surprise him with a unique show featuring a female stripper. Here, the fun and laughter will [&hellip;]<\/p>\n","protected":false},"author":1,"featured_media":0,"parent":0,"menu_order":0,"comment_status":"closed","ping_status":"closed","template":"","meta":{"_acf_changed":false,"_uag_custom_page_level_css":"","site-sidebar-layout":"default","site-content-layout":"","ast-site-content-layout":"default","site-content-style":"default","site-sidebar-style":"default","ast-global-header-display":"","ast-banner-title-visibility":"","ast-main-header-display":"","ast-hfb-above-header-display":"","ast-hfb-below-header-display":"","ast-hfb-mobile-header-display":"","site-post-title":"","ast-breadcrumbs-content":"","ast-featured-img":"","footer-sml-layout":"","ast-disable-related-posts":"","theme-transparent-header-meta":"","adv-header-id-meta":"","stick-header-meta":"","header-above-stick-meta":"","header-main-stick-meta":"","header-below-stick-meta":"","astra-migrate-meta-layouts":"set","ast-page-background-enabled":"default","ast-page-background-meta":{"desktop":{"background-color":"","background-image":"","background-repeat":"repeat","background-position":"center center","background-size":"auto","background-attachment":"scroll","background-type":"","background-media":"","overlay-type":"","overlay-color":"","overlay-opacity":"","overlay-gradient":""},"tablet":{"background-color":"","background-image":"","background-repeat":"repeat","background-position":"center center","background-size":"auto","background-attachment":"scroll","background-type":"","background-media":"","overlay-type":"","overlay-color":"","overlay-opacity":"","overlay-gradient":""},"mobile":{"background-color":"","background-image":"","background-repeat":"repeat","background-position":"center center","background-size":"auto","background-attachment":"scroll","background-type":"","background-media":"","overlay-type":"","overlay-color":"","overlay-opacity":"","overlay-gradient":""}},"ast-content-background-meta":{"desktop":{"background-color":"var(--ast-global-color-5)","background-image":"","background-repeat":"repeat","background-position":"center center","background-size":"auto","background-attachment":"scroll","background-type":"","background-media":"","overlay-type":"","overlay-color":"","overlay-opacity":"","overlay-gradient":""},"tablet":{"background-color":"var(--ast-global-color-5)","background-image":"","background-repeat":"repeat","background-position":"center center","background-size":"auto","background-attachment":"scroll","background-type":"","background-media":"","overlay-type":"","overlay-color":"","overlay-opacity":"","overlay-gradient":""},"mobile":{"background-color":"var(--ast-global-color-5)","background-image":"","background-repeat":"repeat","background-position":"center center","background-size":"auto","background-attachment":"scroll","background-type":"","background-media":"","overlay-type":"","overlay-color":"","overlay-opacity":"","overlay-gradient":""}},"footnotes":""},"class_list":["post-6002","page","type-page","status-publish","hentry"],"acf":[],"yoast_head":"<!-- This site is optimized with the Yoast SEO plugin v27.3 - https:\/\/yoast.com\/product\/yoast-seo-wordpress\/ -->\n<title>Hire a female stripper show in Spain for a Stag or Bachelor party<\/title>\n<meta name=\"description\" content=\"Hiring the show of a female stripper is a very fun option. Perfect for stag dos, bachelor party, or any celebration that needs a thrilling.\" \/>\n<meta name=\"robots\" content=\"index, follow, max-snippet:-1, max-image-preview:large, max-video-preview:-1\" \/>\n<link rel=\"canonical\" href=\"https:\/\/strippersdeluxe.es\/en\/chicas-strippers-spain\/\" \/>\n<meta property=\"og:locale\" content=\"en_US\" \/>\n<meta property=\"og:type\" content=\"article\" \/>\n<meta property=\"og:title\" content=\"Hire a female stripper show in Spain for a Stag or Bachelor party\" \/>\n<meta property=\"og:description\" content=\"Hiring the show of a female stripper is a very fun option. Perfect for stag dos, bachelor party, or any celebration that needs a thrilling.\" \/>\n<meta property=\"og:url\" content=\"https:\/\/strippersdeluxe.es\/en\/chicas-strippers-spain\/\" \/>\n<meta property=\"og:site_name\" content=\"StrippersDeluxe\" \/>\n<meta property=\"article:publisher\" content=\"https:\/\/www.facebook.com\/StripDelux\/\" \/>\n<meta property=\"article:modified_time\" content=\"2025-02-22T12:59:05+00:00\" \/>\n<meta name=\"twitter:label1\" content=\"Est. reading time\" \/>\n\t<meta name=\"twitter:data1\" content=\"6 minutes\" \/>\n<!-- \/ Yoast SEO plugin. -->","yoast_head_json":{"title":"Hire a female stripper show in Spain for a Stag or Bachelor party","description":"Hiring the show of a female stripper is a very fun option. Perfect for stag dos, bachelor party, or any celebration that needs a thrilling.","robots":{"index":"index","follow":"follow","max-snippet":"max-snippet:-1","max-image-preview":"max-image-preview:large","max-video-preview":"max-video-preview:-1"},"canonical":"https:\/\/strippersdeluxe.es\/en\/chicas-strippers-spain\/","og_locale":"en_US","og_type":"article","og_title":"Hire a female stripper show in Spain for a Stag or Bachelor party","og_description":"Hiring the show of a female stripper is a very fun option. Perfect for stag dos, bachelor party, or any celebration that needs a thrilling.","og_url":"https:\/\/strippersdeluxe.es\/en\/chicas-strippers-spain\/","og_site_name":"StrippersDeluxe","article_publisher":"https:\/\/www.facebook.com\/StripDelux\/","article_modified_time":"2025-02-22T12:59:05+00:00","twitter_misc":{"Est. reading time":"6 minutes"},"schema":{"@context":"https:\/\/schema.org","@graph":[{"@type":"WebPage","@id":"https:\/\/strippersdeluxe.es\/en\/chicas-strippers-spain\/","url":"https:\/\/strippersdeluxe.es\/en\/chicas-strippers-spain\/","name":"Hire a female stripper show in Spain for a Stag or Bachelor party","isPartOf":{"@id":"https:\/\/strippersdeluxe.es\/en\/#website"},"datePublished":"2016-12-01T15:21:33+00:00","dateModified":"2025-02-22T12:59:05+00:00","description":"Hiring the show of a female stripper is a very fun option. Perfect for stag dos, bachelor party, or any celebration that needs a thrilling.","breadcrumb":{"@id":"https:\/\/strippersdeluxe.es\/en\/chicas-strippers-spain\/#breadcrumb"},"inLanguage":"en-US","potentialAction":[{"@type":"ReadAction","target":["https:\/\/strippersdeluxe.es\/en\/chicas-strippers-spain\/"]}]},{"@type":"BreadcrumbList","@id":"https:\/\/strippersdeluxe.es\/en\/chicas-strippers-spain\/#breadcrumb","itemListElement":[{"@type":"ListItem","position":1,"name":"Portada","item":"https:\/\/strippersdeluxe.es\/en\/"},{"@type":"ListItem","position":2,"name":"Stripper Girls"}]},{"@type":"WebSite","@id":"https:\/\/strippersdeluxe.es\/en\/#website","url":"https:\/\/strippersdeluxe.es\/en\/","name":"StrippersDeluxe","description":"Organizaci\u00f3n de eventos, despedidas de soltero y soltera, cabar\u00e9 y espect\u00e1culos[:en]Organizaci\u00f3n de eventos, despedidas de soltero y soltera, y espect\u00e1culos","publisher":{"@id":"https:\/\/strippersdeluxe.es\/en\/#organization"},"potentialAction":[{"@type":"SearchAction","target":{"@type":"EntryPoint","urlTemplate":"https:\/\/strippersdeluxe.es\/en\/?s={search_term_string}"},"query-input":{"@type":"PropertyValueSpecification","valueRequired":true,"valueName":"search_term_string"}}],"inLanguage":"en-US"},{"@type":"Organization","@id":"https:\/\/strippersdeluxe.es\/en\/#organization","name":"StrippersDeluxe","url":"https:\/\/strippersdeluxe.es\/en\/","logo":{"@type":"ImageObject","inLanguage":"en-US","@id":"https:\/\/strippersdeluxe.es\/en\/#\/schema\/logo\/image\/","url":"https:\/\/strippersdeluxe.es\/wp-content\/uploads\/2024\/10\/cropped-cropped-LOGO-1.png","contentUrl":"https:\/\/strippersdeluxe.es\/wp-content\/uploads\/2024\/10\/cropped-cropped-LOGO-1.png","width":1000,"height":516,"caption":"StrippersDeluxe"},"image":{"@id":"https:\/\/strippersdeluxe.es\/en\/#\/schema\/logo\/image\/"},"sameAs":["https:\/\/www.facebook.com\/StripDelux\/","https:\/\/x.com\/strippersdeluxe","https:\/\/www.instagram.com\/strippersdeluxe\/","https:\/\/www.youtube.com\/strippersdeluxe"]}]}},"uagb_featured_image_src":{"full":false,"thumbnail":false,"medium":false,"medium_large":false,"large":false,"1536x1536":false,"2048x2048":false},"uagb_author_info":{"display_name":"strippersdeluxe","author_link":"https:\/\/strippersdeluxe.es\/en\/author\/admin\/"},"uagb_comment_info":0,"uagb_excerpt":"Add a spicy touch to your event or friend&#8217;s bachelor or stag party Hiring the show of a female stripper in Spain is a very fun and exciting option. If you are organizing your friend\u2019s stag do or birthday, surprise him with a unique show featuring a female stripper. Here, the fun and laughter will&hellip;","_links":{"self":[{"href":"https:\/\/strippersdeluxe.es\/en\/wp-json\/wp\/v2\/pages\/6002","targetHints":{"allow":["GET"]}}],"collection":[{"href":"https:\/\/strippersdeluxe.es\/en\/wp-json\/wp\/v2\/pages"}],"about":[{"href":"https:\/\/strippersdeluxe.es\/en\/wp-json\/wp\/v2\/types\/page"}],"author":[{"embeddable":true,"href":"https:\/\/strippersdeluxe.es\/en\/wp-json\/wp\/v2\/users\/1"}],"replies":[{"embeddable":true,"href":"https:\/\/strippersdeluxe.es\/en\/wp-json\/wp\/v2\/comments?post=6002"}],"version-history":[{"count":3,"href":"https:\/\/strippersdeluxe.es\/en\/wp-json\/wp\/v2\/pages\/6002\/revisions"}],"predecessor-version":[{"id":9797,"href":"https:\/\/strippersdeluxe.es\/en\/wp-json\/wp\/v2\/pages\/6002\/revisions\/9797"}],"wp:attachment":[{"href":"https:\/\/strippersdeluxe.es\/en\/wp-json\/wp\/v2\/media?parent=6002"}],"curies":[{"name":"wp","href":"https:\/\/api.w.org\/{rel}","templated":true}]}}