{"id":6000,"date":"2016-12-01T15:20:52","date_gmt":"2016-12-01T15:20:52","guid":{"rendered":"https:\/\/strippersdeluxe.es\/guys\/"},"modified":"2025-02-20T14:23:42","modified_gmt":"2025-02-20T14:23:42","slug":"chicos-stripers","status":"publish","type":"page","link":"https:\/\/strippersdeluxe.es\/en\/chicos-stripers\/","title":{"rendered":"<center>Male Strippers<\/center>"},"content":{"rendered":"<style>\n    select[name=\"destinoschicos\"] {\n        border: 2px solid #d5d5d5;\n        font-weight: 600;\n        text-align: center;\n        border-radius: 10px;\n        box-shadow: rgba(0, 0, 0, 0.15) 0px 5px 12px !important;\n    }\n    \/* Estilos para la galer\u00eda *\/\n    #galeria, #galeria * {\n        box-sizing: border-box;\n    }\n    #galeria {\n        padding: 10px;\n        padding-bottom: 0;\n        background: white;  \/* Fondo de la galer\u00eda *\/\n        max-width: 100%; \/* Hacer que la galer\u00eda sea responsive *\/\n        margin: 0 auto;\n    }\n    #galeria_miniaturas {\n        display: flex; \/* Utilizar flexbox para las miniaturas *\/\n        justify-content: center; \/* Centrar horizontalmente las miniaturas *\/\n        flex-wrap: wrap; \/* Permitir que las miniaturas se envuelvan en m\u00faltiples filas *\/\n        gap: 10px; \/* Espacio entre las miniaturas *\/\n    }\n    #imgGaleria, #imgGaleria2 {\n        box-shadow: 0 1px 16px 0 #dfdfdf;\n        border-radius: 25px;\n        border: 1px solid #F2F2F2;  \/* Borde de la imagen *\/\n        padding: 3px;\n        max-width: 100%; \/* Hacer que la imagen sea responsive *\/\n        height: auto; \/* Altura autom\u00e1tica *\/\n    }\n    .miniatura {\n        border-radius: 10px;\n        width: 60px;  \/* Ancho de las miniaturas *\/\n        height: 60px;  \/* Alto de las miniaturas *\/\n        cursor: pointer;\n        padding: 5px;\n        margin-bottom: 0px; \/* Espacio entre las miniaturas *\/\n        transition: opacity 0.3s; \/* Agregar una transici\u00f3n de opacidad *\/\n        object-fit: cover; \/* Redimensiona y recorta la imagen para ajustarla al cuadro *\/\n    }\n    .miniatura:hover {\n        opacity: 0.8;   \/* Opacidad *\/\n    }\n    .miniatura:active {\n        opacity: 1;\n    }\n    \/* Estilo general Titulo para pantallas grandes *\/\n.entry-title {\n    font-size: 30px;\n    text-transform: uppercase;\n    background-color: #f2f2f2;\n    padding: 20px;\n    border-radius: 10px;\n    box-shadow: 0 4px 6px rgba(0, 0, 0, 0.1), 0 1px 3px rgba(0, 0, 0, 0.08);\n    color: #333;\n    font-weight: bold;\n    text-align: center;\n    width: fit-content;\n    margin: 20px auto;\n}<\/p>\n<p>\/* Media query para m\u00f3viles y pantallas peque\u00f1as *\/\n@media only screen and (max-width: 768px) {\n    .entry-title {\n        width: 70%; !important \/* Ancho completo en pantallas peque\u00f1as *\/\n    }\n}\n    <\/style>\n<p><center><img loading=\"lazy\" decoding=\"async\" width=\"600\" height=\"144\" src=\"https:\/\/strippersdeluxe.es\/wp-content\/gallery\/shows\/Male-Strippers-Spain.jpg\" alt=\"Male Strippers Spain\"\/><\/center><\/p>\n<h2><strong>Do you want to add a spicy touch to your event or your friend&#8217;s hen or bachelorette party?<\/strong><\/h2>\n<h3>Hiring the show of a male stripper in Spain is a very fun option.<\/h3>\n<p style=\"text-align: center;\">If you&#8217;re organizing your friend&#8217;s hen do or birthday, surprise her with a unique male stripper show full of fun and laughter. This 15 to 20-minute performance is packed with surprises, focused on the guest of honor, and includes participation from the group as well.<\/p>\n<p style=\"text-align: center;\"><strong>Photo gallery &#8211; Some of our fun and amazing artists to hire in Spain<\/strong><\/p>\n<div id=\"galeria_imagen\"><center><img decoding=\"async\" id=\"imgGaleria\" src=\"\/wp-content\/gallery\/chicos-principal\/new\/en\/male-strippers-spain.jpg\" alt=\"Male Strippers in Spain\" \/><\/center><\/div>\n<div id=\"galeria_miniaturas\">\n<img decoding=\"async\" class=\"miniatura\" onclick=\"javascript:document.getElementById('imgGaleria').src=this.src;\" src=\"\/wp-content\/gallery\/chicos-principal\/new\/en\/male-strippers-spain.jpg\" alt=\"Male Strippers in Spain\" \/><br \/>\n<img decoding=\"async\" class=\"miniatura\" onclick=\"javascript:document.getElementById('imgGaleria').src=this.src;\" src=\"\/wp-content\/gallery\/chicos-principal\/new\/en\/hire-male-strippers.jpg\" alt=\"Hire a spanish male stripper\" \/><br \/>\n<img decoding=\"async\" class=\"miniatura\" onclick=\"javascript:document.getElementById('imgGaleria').src=this.src;\" src=\"\/wp-content\/gallery\/chicos-principal\/new\/en\/male-streaper.jpg\" alt=\"Male Streaper\" \/><br \/>\n<img decoding=\"async\" class=\"miniatura\" onclick=\"javascript:document.getElementById('imgGaleria').src=this.src;\" src=\"\/wp-content\/gallery\/chicos-principal\/new\/en\/male-strip.jpg\" alt=\"Male Strip for party\" \/><br \/>\n<img decoding=\"async\" class=\"miniatura\" onclick=\"javascript:document.getElementById('imgGaleria').src=this.src;\" src=\"\/wp-content\/gallery\/chicos-principal\/new\/en\/male-stripper-for-bachelorette-party.jpg\" alt=\"Stripper for a Bachelorette Party\" \/><br \/>\n<img decoding=\"async\" class=\"miniatura\" onclick=\"javascript:document.getElementById('imgGaleria').src=this.src;\" src=\"\/wp-content\/gallery\/chicos-principal\/new\/en\/male-stripper-for-hen-do.jpg\" alt=\"Hen Do Spain with Stripper\" \/><br \/>\n<img decoding=\"async\" class=\"miniatura\" onclick=\"javascript:document.getElementById('imgGaleria').src=this.src;\" src=\"\/wp-content\/gallery\/chicos-principal\/new\/en\/male-strippers-to-hire.jpg\" alt=\"Hire stripper in the city\" \/><br \/>\n<img decoding=\"async\" class=\"miniatura\" onclick=\"javascript:document.getElementById('imgGaleria').src=this.src;\" src=\"\/wp-content\/gallery\/chicos-principal\/new\/en\/order-male-stripper-spain.jpg\" alt=\"Male stripper order for party\" \/><br \/>\n<img decoding=\"async\" class=\"miniatura\" onclick=\"javascript:document.getElementById('imgGaleria').src=this.src;\" src=\"\/wp-content\/gallery\/chicos-principal\/new\/en\/spain-hen-do-stripper.jpg\" alt=\"Spain Hen Do Stripper\" \/><br \/>\n<img decoding=\"async\" class=\"miniatura\" onclick=\"javascript:document.getElementById('imgGaleria').src=this.src;\" src=\"\/wp-content\/gallery\/chicos-principal\/new\/en\/spain-male-strippers.jpg\" alt=\"Spain Male Strippers\" \/><br \/>\n<img decoding=\"async\" class=\"miniatura\" onclick=\"javascript:document.getElementById('imgGaleria').src=this.src;\" src=\"https:\/\/strippersdeluxe.es\/wp-content\/gallery\/chicos-principal\/new\/en\/stripper-male.jpg\" alt=\"Stripper Male\" \/><br \/>\n<img decoding=\"async\" class=\"miniatura\" onclick=\"javascript:document.getElementById('imgGaleria').src=this.src;\" src=\"\/wp-content\/gallery\/chicos-principal\/new\/en\/hen-do-strippers.jpg\" alt=\"Hen Do Strippers\" \/>\n<\/div>\n<hr \/>\n<p>We have a wide range of professionals, male&nbsp;strippers, most of them gogos that will give a special touch of entertainment and fun to your events, such as birthday parties, private parties, bachelorette or hen party, , etc.<\/p>\n<p style=\"text-align: center;\"><strong>Some more photos of male strippers&#8230;<\/strong><\/p>\n<div id=\"galeria_imagen\"><center><img decoding=\"async\" id=\"imgGaleria2\" src=\"\/wp-content\/gallery\/chicos-principal\/new\/en\/hire-male-stripper.jpg\" alt=\"Hire male stripper\" \/><\/center><\/div>\n<div id=\"galeria_miniaturas\">\n<img decoding=\"async\" class=\"miniatura\" onclick=\"javascript:document.getElementById('imgGaleria2').src=this.src;\" src=\"\/wp-content\/gallery\/chicos-principal\/new\/en\/hire-male-stripper.jpg\" alt=\"Hire male stripper\" \/><br \/>\n<img decoding=\"async\" class=\"miniatura\" onclick=\"javascript:document.getElementById('imgGaleria2').src=this.src;\" src=\"\/wp-content\/gallery\/chicos-principal\/new\/en\/male-strippers.jpg\" alt=\"Male Strippers available for hiring\" \/><br \/>\n<img decoding=\"async\" class=\"miniatura\" onclick=\"javascript:document.getElementById('imgGaleria2').src=this.src;\" src=\"\/wp-content\/gallery\/chicos-principal\/new\/en\/stripper-men.jpg\" alt=\"Stripper for birthday party\" \/><br \/>\n<img decoding=\"async\" class=\"miniatura\" onclick=\"javascript:document.getElementById('imgGaleria2').src=this.src;\" src=\"\/wp-content\/gallery\/chicos-principal\/new\/en\/strippers-for-hire.jpg\" alt=\"Pictures of male strippers in Spain\" \/><br \/>\n<img decoding=\"async\" class=\"miniatura\" onclick=\"javascript:document.getElementById('imgGaleria2').src=this.src;\" src=\"\/wp-content\/gallery\/chicos-principal\/new\/en\/strippers-hire.jpg\" alt=\"Spanish male stripper\" \/><br \/>\n<img decoding=\"async\" class=\"miniatura\" onclick=\"javascript:document.getElementById('imgGaleria2').src=this.src;\" src=\"\/wp-content\/gallery\/chicos-principal\/new\/en\/strippers-nearby.jpg\" alt=\"Strippers nearby for an event\" \/><br \/>\n<img decoding=\"async\" class=\"miniatura\" onclick=\"javascript:document.getElementById('imgGaleria2').src=this.src;\" src=\"\/wp-content\/gallery\/chicos-principal\/new\/en\/strippers-service.jpg\" alt=\"Strippers for events\" \/><br \/>\n<img decoding=\"async\" class=\"miniatura\" onclick=\"javascript:document.getElementById('imgGaleria2').src=this.src;\" src=\"\/wp-content\/gallery\/chicos-principal\/new\/en\/hire-stripper.jpg\" alt=\"Hire Stripper today\" \/><br \/>\n<img decoding=\"async\" class=\"miniatura\" onclick=\"javascript:document.getElementById('imgGaleria2').src=this.src;\" src=\"\/wp-content\/gallery\/chicos-principal\/new\/en\/bachelorette-party-in-spain-male-stripper.jpg\" alt=\"Male Stripper Bachelorette Party\" \/><\/div>\n<\/div>\n<hr>\n<p>We come to your&nbsp;home, hotel, restaurants chosen by the client (important that they have private room and they allow the show), rural houses, etc. In case you didn\u00b4t get a&nbsp;Restaurant with private room, we have the option of restaurant + show, ideal to celebrate the Hen do&nbsp;or other events.<\/p>\n<p>The show lasts approximately 15 to 20 minutes, a show focused on the honoree and in which he participates with the group as well.<\/p>\n<p>What do you prefer police or firefighter suit?&nbsp;<strong>Fun and sensuality guaranteed.<\/strong><\/p>\n<p style=\"text-align: center;\"><img loading=\"lazy\" decoding=\"async\" src=\"\/wp-content\/imagenes\/arrow_double_down_icon.svg\" alt=\"icon\" width=\"28\" height=\"28\" \/><\/p>\n<p><center><\/p>\n<form action=\"\" method=\"post\" name=\"chicosstrippers\"><select name=\"destinoschicos\" onchange=\"location.href=chicosstrippers.destinoschicos.value;\"><option value=\"\/en\/chicos-stripers\/\">CHOOSE CITY\/PROVINCE IN SPAIN<\/option><option value=\"\/en\/chicos-stripers\/alava\/\">Alava<\/option><option value=\"\/en\/chicos-stripers\/albacete\/\">Albacete<\/option><option value=\"\/en\/chicos-stripers\/alicante\/\">Alicante &#8211; Benidorm &#8211; Torrevieja<\/option><option value=\"\/en\/chicos-stripers\/almeria\/\">Almeria &#8211; Mojacar<\/option><option value=\"\/en\/chicos-stripers\/oviedo-gijon\/\">Asturias<\/option><option value=\"\/en\/chicos-stripers\/avila\/\">Avila<\/option><option value=\"\/en\/chicos-stripers\/badajoz\/\">Badajoz<\/option><option value=\"\/en\/chicos-stripers\/barcelona\/\">Barcelona<\/option><option value=\"\/en\/chicos-stripers\/bilbao-vizcaya\/\">Bilbao<\/option><option value=\"\/en\/chicos-stripers\/burgos\/\">Burgos<\/option><option value=\"\/en\/chicos-stripers\/caceres\/\">Caceres<\/option><option value=\"\/en\/chicos-stripers\/cadiz\/\">Cadiz<\/option><option value=\"\/en\/chicos-stripers\/castellon\/\">Castellon<\/option><option value=\"\/en\/chicos-stripers\/ciudad-real\/\">Ciudad Real<\/option><option value=\"\/en\/chicos-stripers\/cordoba\/\">Cordoba<\/option><option value=\"\/en\/chicos-stripers\/coruna\/\">Coruna &#8211; Santiago Compostela<\/option><option value=\"\/en\/chicos-stripers\/girona\/\">Girona &#8211; Lloret Mar &#038; Costa Brava<\/option><option value=\"\/en\/chicos-stripers\/granada\/\">Granada<\/option><option value=\"\/en\/chicos-stripers\/laspalmasdegrancanaria\/\">Gran Canaria Island<\/option><option value=\"\/en\/chicos-stripers\/guipuzcoa\/\">Guipuzcoa<\/option><option value=\"\/en\/chicos-stripers\/guadalajara-espana\/\">Guadalajara-Spain<\/option><option value=\"\/en\/chicos-stripers\/huelva\/\">Huelva<\/option><option value=\"\/en\/chicos-stripers\/ibiza\/\">Ibiza<\/option><option value=\"\/en\/chicos-stripers\/jaen\/\">Jaen<\/option><option value=\"\/en\/chicos-stripers\/madrid\/\">Madrid<\/option><option value=\"\/en\/chicos-stripers\/mallorca\/\">Mallorca &#8211; Majorca<\/option><option value=\"\/en\/chicos-stripers\/malaga\/\">Malaga &#038; Costa del Sol<\/option><option value=\"\/en\/chicos-stripers\/murcia\/\">Murcia<\/option><option value=\"\/en\/chicos-stripers\/leon\/\">Leon<\/option><option value=\"\/en\/chicos-stripers\/lleida\/\">Lleida<\/option><option value=\"\/en\/chicos-stripers\/logrono\/\">Logrono La Rioja<\/option><option value=\"\/en\/chicos-stripers\/lugo\/\">Lugo<\/option><option value=\"\/en\/chicos-stripers\/ourense\/\">Ourense<\/option><option value=\"\/en\/chicos-stripers\/pamplona\/\">Pamplona<\/option><option value=\"\/en\/chicos-stripers\/palencia\/\">Palencia<\/option><option value=\"\/en\/chicos-stripers\/pontevedra\/\">Pontevedra<\/option><option value=\"\/en\/chicos-stripers\/santander\/\">Santander<\/option><option value=\"\/en\/chicos-stripers\/salamanca\/\">Salamanca<\/option><option value=\"\/en\/chicos-stripers\/segovia\/\">Segovia<\/option><option value=\"\/en\/chicos-stripers\/sevilla\/\">Seville<\/option><option value=\"\/en\/chicos-stripers\/tarragona\/\">Tarragona &#8211; Salou<\/option><option value=\"\/en\/chicos-stripers\/tenerife\/\">Tenerife Island<\/option><option value=\"\/en\/chicos-stripers\/toledo\/\">Toledo<\/option><option value=\"\/en\/chicos-stripers\/teruel\/\">Teruel<\/option><option value=\"\/en\/chicos-stripers\/valencia\/\">Valencia<\/option><option value=\"\/en\/chicos-stripers\/valladolid\/\">Valladolid<\/option><option value=\"\/en\/chicos-stripers\/zamora\/\">Zamora<\/option><option value=\"\/en\/chicos-stripers\/zaragoza\/\">Zaragoza<\/option><\/select><br \/>\n<\/center><br \/>\n<\/form>\n","protected":false},"excerpt":{"rendered":"<p>Do you want to add a spicy touch to your event or your friend&#8217;s hen or bachelorette party? Hiring the show of a male stripper in Spain is a very fun option. If you&#8217;re organizing your friend&#8217;s hen do or birthday, surprise her with a unique male stripper show full of fun and laughter. This [&hellip;]<\/p>\n","protected":false},"author":1,"featured_media":0,"parent":0,"menu_order":0,"comment_status":"closed","ping_status":"closed","template":"","meta":{"_acf_changed":false,"_uag_custom_page_level_css":"","site-sidebar-layout":"default","site-content-layout":"","ast-site-content-layout":"default","site-content-style":"default","site-sidebar-style":"default","ast-global-header-display":"","ast-banner-title-visibility":"","ast-main-header-display":"","ast-hfb-above-header-display":"","ast-hfb-below-header-display":"","ast-hfb-mobile-header-display":"","site-post-title":"","ast-breadcrumbs-content":"","ast-featured-img":"","footer-sml-layout":"","ast-disable-related-posts":"","theme-transparent-header-meta":"","adv-header-id-meta":"","stick-header-meta":"","header-above-stick-meta":"","header-main-stick-meta":"","header-below-stick-meta":"","astra-migrate-meta-layouts":"set","ast-page-background-enabled":"default","ast-page-background-meta":{"desktop":{"background-color":"","background-image":"","background-repeat":"repeat","background-position":"center center","background-size":"auto","background-attachment":"scroll","background-type":"","background-media":"","overlay-type":"","overlay-color":"","overlay-opacity":"","overlay-gradient":""},"tablet":{"background-color":"","background-image":"","background-repeat":"repeat","background-position":"center center","background-size":"auto","background-attachment":"scroll","background-type":"","background-media":"","overlay-type":"","overlay-color":"","overlay-opacity":"","overlay-gradient":""},"mobile":{"background-color":"","background-image":"","background-repeat":"repeat","background-position":"center center","background-size":"auto","background-attachment":"scroll","background-type":"","background-media":"","overlay-type":"","overlay-color":"","overlay-opacity":"","overlay-gradient":""}},"ast-content-background-meta":{"desktop":{"background-color":"var(--ast-global-color-5)","background-image":"","background-repeat":"repeat","background-position":"center center","background-size":"auto","background-attachment":"scroll","background-type":"","background-media":"","overlay-type":"","overlay-color":"","overlay-opacity":"","overlay-gradient":""},"tablet":{"background-color":"var(--ast-global-color-5)","background-image":"","background-repeat":"repeat","background-position":"center center","background-size":"auto","background-attachment":"scroll","background-type":"","background-media":"","overlay-type":"","overlay-color":"","overlay-opacity":"","overlay-gradient":""},"mobile":{"background-color":"var(--ast-global-color-5)","background-image":"","background-repeat":"repeat","background-position":"center center","background-size":"auto","background-attachment":"scroll","background-type":"","background-media":"","overlay-type":"","overlay-color":"","overlay-opacity":"","overlay-gradient":""}},"footnotes":""},"class_list":["post-6000","page","type-page","status-publish","hentry"],"acf":[],"yoast_head":"<!-- This site is optimized with the Yoast SEO plugin v27.3 - https:\/\/yoast.com\/product\/yoast-seo-wordpress\/ -->\n<title>Hiring the show of a male stripper in Spain is a very fun option<\/title>\n<meta name=\"description\" content=\"Do you want to add a spicy touch to your event or hen party? Hiring the show of a male strippers in Spain is a very fun option.\" \/>\n<meta name=\"robots\" content=\"index, follow, max-snippet:-1, max-image-preview:large, max-video-preview:-1\" \/>\n<link rel=\"canonical\" href=\"https:\/\/strippersdeluxe.es\/en\/chicos-stripers\/\" \/>\n<meta property=\"og:locale\" content=\"en_US\" \/>\n<meta property=\"og:type\" content=\"article\" \/>\n<meta property=\"og:title\" content=\"Hiring the show of a male stripper in Spain is a very fun option\" \/>\n<meta property=\"og:description\" content=\"Do you want to add a spicy touch to your event or hen party? Hiring the show of a male strippers in Spain is a very fun option.\" \/>\n<meta property=\"og:url\" content=\"https:\/\/strippersdeluxe.es\/en\/chicos-stripers\/\" \/>\n<meta property=\"og:site_name\" content=\"StrippersDeluxe\" \/>\n<meta property=\"article:publisher\" content=\"https:\/\/www.facebook.com\/StripDelux\/\" \/>\n<meta property=\"article:modified_time\" content=\"2025-02-20T14:23:42+00:00\" \/>\n<meta property=\"og:image\" content=\"https:\/\/strippersdeluxe.es\/wp-content\/gallery\/shows\/Male-Strippers-Spain.jpg\" \/>\n<meta name=\"twitter:label1\" content=\"Est. reading time\" \/>\n\t<meta name=\"twitter:data1\" content=\"7 minutes\" \/>\n<!-- \/ Yoast SEO plugin. -->","yoast_head_json":{"title":"Hiring the show of a male stripper in Spain is a very fun option","description":"Do you want to add a spicy touch to your event or hen party? Hiring the show of a male strippers in Spain is a very fun option.","robots":{"index":"index","follow":"follow","max-snippet":"max-snippet:-1","max-image-preview":"max-image-preview:large","max-video-preview":"max-video-preview:-1"},"canonical":"https:\/\/strippersdeluxe.es\/en\/chicos-stripers\/","og_locale":"en_US","og_type":"article","og_title":"Hiring the show of a male stripper in Spain is a very fun option","og_description":"Do you want to add a spicy touch to your event or hen party? Hiring the show of a male strippers in Spain is a very fun option.","og_url":"https:\/\/strippersdeluxe.es\/en\/chicos-stripers\/","og_site_name":"StrippersDeluxe","article_publisher":"https:\/\/www.facebook.com\/StripDelux\/","article_modified_time":"2025-02-20T14:23:42+00:00","og_image":[{"url":"https:\/\/strippersdeluxe.es\/wp-content\/gallery\/shows\/Male-Strippers-Spain.jpg","type":"","width":"","height":""}],"twitter_misc":{"Est. reading time":"7 minutes"},"schema":{"@context":"https:\/\/schema.org","@graph":[{"@type":"WebPage","@id":"https:\/\/strippersdeluxe.es\/en\/chicos-stripers\/","url":"https:\/\/strippersdeluxe.es\/en\/chicos-stripers\/","name":"Hiring the show of a male stripper in Spain is a very fun option","isPartOf":{"@id":"https:\/\/strippersdeluxe.es\/en\/#website"},"primaryImageOfPage":{"@id":"https:\/\/strippersdeluxe.es\/en\/chicos-stripers\/#primaryimage"},"image":{"@id":"https:\/\/strippersdeluxe.es\/en\/chicos-stripers\/#primaryimage"},"thumbnailUrl":"https:\/\/strippersdeluxe.es\/wp-content\/gallery\/shows\/Male-Strippers-Spain.jpg","datePublished":"2016-12-01T15:20:52+00:00","dateModified":"2025-02-20T14:23:42+00:00","description":"Do you want to add a spicy touch to your event or hen party? Hiring the show of a male strippers in Spain is a very fun option.","breadcrumb":{"@id":"https:\/\/strippersdeluxe.es\/en\/chicos-stripers\/#breadcrumb"},"inLanguage":"en-US","potentialAction":[{"@type":"ReadAction","target":["https:\/\/strippersdeluxe.es\/en\/chicos-stripers\/"]}]},{"@type":"ImageObject","inLanguage":"en-US","@id":"https:\/\/strippersdeluxe.es\/en\/chicos-stripers\/#primaryimage","url":"https:\/\/strippersdeluxe.es\/wp-content\/gallery\/shows\/Male-Strippers-Spain.jpg","contentUrl":"https:\/\/strippersdeluxe.es\/wp-content\/gallery\/shows\/Male-Strippers-Spain.jpg"},{"@type":"BreadcrumbList","@id":"https:\/\/strippersdeluxe.es\/en\/chicos-stripers\/#breadcrumb","itemListElement":[{"@type":"ListItem","position":1,"name":"Portada","item":"https:\/\/strippersdeluxe.es\/en\/"},{"@type":"ListItem","position":2,"name":"Male Strippers"}]},{"@type":"WebSite","@id":"https:\/\/strippersdeluxe.es\/en\/#website","url":"https:\/\/strippersdeluxe.es\/en\/","name":"StrippersDeluxe","description":"Organizaci\u00f3n de eventos, despedidas de soltero y soltera, cabar\u00e9 y espect\u00e1culos[:en]Organizaci\u00f3n de eventos, despedidas de soltero y soltera, y espect\u00e1culos","publisher":{"@id":"https:\/\/strippersdeluxe.es\/en\/#organization"},"potentialAction":[{"@type":"SearchAction","target":{"@type":"EntryPoint","urlTemplate":"https:\/\/strippersdeluxe.es\/en\/?s={search_term_string}"},"query-input":{"@type":"PropertyValueSpecification","valueRequired":true,"valueName":"search_term_string"}}],"inLanguage":"en-US"},{"@type":"Organization","@id":"https:\/\/strippersdeluxe.es\/en\/#organization","name":"StrippersDeluxe","url":"https:\/\/strippersdeluxe.es\/en\/","logo":{"@type":"ImageObject","inLanguage":"en-US","@id":"https:\/\/strippersdeluxe.es\/en\/#\/schema\/logo\/image\/","url":"https:\/\/strippersdeluxe.es\/wp-content\/uploads\/2024\/10\/cropped-cropped-LOGO-1.png","contentUrl":"https:\/\/strippersdeluxe.es\/wp-content\/uploads\/2024\/10\/cropped-cropped-LOGO-1.png","width":1000,"height":516,"caption":"StrippersDeluxe"},"image":{"@id":"https:\/\/strippersdeluxe.es\/en\/#\/schema\/logo\/image\/"},"sameAs":["https:\/\/www.facebook.com\/StripDelux\/","https:\/\/x.com\/strippersdeluxe","https:\/\/www.instagram.com\/strippersdeluxe\/","https:\/\/www.youtube.com\/strippersdeluxe"]}]}},"uagb_featured_image_src":{"full":false,"thumbnail":false,"medium":false,"medium_large":false,"large":false,"1536x1536":false,"2048x2048":false},"uagb_author_info":{"display_name":"strippersdeluxe","author_link":"https:\/\/strippersdeluxe.es\/en\/author\/admin\/"},"uagb_comment_info":0,"uagb_excerpt":"Do you want to add a spicy touch to your event or your friend&#8217;s hen or bachelorette party? Hiring the show of a male stripper in Spain is a very fun option. If you&#8217;re organizing your friend&#8217;s hen do or birthday, surprise her with a unique male stripper show full of fun and laughter. This&hellip;","_links":{"self":[{"href":"https:\/\/strippersdeluxe.es\/en\/wp-json\/wp\/v2\/pages\/6000","targetHints":{"allow":["GET"]}}],"collection":[{"href":"https:\/\/strippersdeluxe.es\/en\/wp-json\/wp\/v2\/pages"}],"about":[{"href":"https:\/\/strippersdeluxe.es\/en\/wp-json\/wp\/v2\/types\/page"}],"author":[{"embeddable":true,"href":"https:\/\/strippersdeluxe.es\/en\/wp-json\/wp\/v2\/users\/1"}],"replies":[{"embeddable":true,"href":"https:\/\/strippersdeluxe.es\/en\/wp-json\/wp\/v2\/comments?post=6000"}],"version-history":[{"count":1,"href":"https:\/\/strippersdeluxe.es\/en\/wp-json\/wp\/v2\/pages\/6000\/revisions"}],"predecessor-version":[{"id":9699,"href":"https:\/\/strippersdeluxe.es\/en\/wp-json\/wp\/v2\/pages\/6000\/revisions\/9699"}],"wp:attachment":[{"href":"https:\/\/strippersdeluxe.es\/en\/wp-json\/wp\/v2\/media?parent=6000"}],"curies":[{"name":"wp","href":"https:\/\/api.w.org\/{rel}","templated":true}]}}