{"id":12035,"date":"2016-12-08T12:44:25","date_gmt":"2016-12-08T12:44:25","guid":{"rendered":"https:\/\/strippersdeluxe.es\/provider-registration\/"},"modified":"2026-01-20T18:59:49","modified_gmt":"2026-01-20T18:59:49","slug":"provider-registration","status":"publish","type":"page","link":"https:\/\/strippersdeluxe.es\/en\/provider-registration\/","title":{"rendered":"Provider Registration"},"content":{"rendered":"<style> .entry-title { text-align: center; } <\/style>\n\n<div class=\"wpcf7 no-js\" id=\"wpcf7-f12032-o1\" lang=\"es-ES\" dir=\"ltr\" data-wpcf7-id=\"12032\">\n<div class=\"screen-reader-response\"><p role=\"status\" aria-live=\"polite\" aria-atomic=\"true\"><\/p> <ul><\/ul><\/div>\n<form action=\"\/en\/wp-json\/wp\/v2\/pages\/12035#wpcf7-f12032-o1\" method=\"post\" class=\"wpcf7-form init\" aria-label=\"Formulario de contacto\" novalidate=\"novalidate\" data-status=\"init\">\n<fieldset class=\"hidden-fields-container\"><input type=\"hidden\" name=\"_wpcf7\" value=\"12032\" \/><input type=\"hidden\" name=\"_wpcf7_version\" value=\"6.1.4\" \/><input type=\"hidden\" name=\"_wpcf7_locale\" value=\"es_ES\" \/><input type=\"hidden\" name=\"_wpcf7_unit_tag\" value=\"wpcf7-f12032-o1\" \/><input type=\"hidden\" name=\"_wpcf7_container_post\" value=\"0\" \/><input type=\"hidden\" name=\"_wpcf7_posted_data_hash\" value=\"\" \/><input type=\"hidden\" name=\"_wpcf7_recaptcha_response\" value=\"\" \/>\n<\/fieldset>\n<p><B><U>FREE REGISTRATION SERVICE<\/u><\/b>\n<\/p>\n<p>COLLABORATION INFORMATION\n<\/p>\n<p><B><U>DETAILS<\/u><\/b>\n<\/p>\n<p>Name (required) <span class=\"wpcf7-form-control-wrap\" data-name=\"your-name\"><input size=\"40\" maxlength=\"400\" class=\"wpcf7-form-control wpcf7-text wpcf7-validates-as-required\" aria-required=\"true\" aria-invalid=\"false\" value=\"\" type=\"text\" name=\"your-name\" \/><\/span>\n<\/p>\n<p>Manager's Name <span class=\"wpcf7-form-control-wrap\" data-name=\"manager-name\"><input size=\"40\" maxlength=\"400\" class=\"wpcf7-form-control wpcf7-text wpcf7-validates-as-required\" aria-required=\"true\" aria-invalid=\"false\" value=\"\" type=\"text\" name=\"manager-name\" \/><\/span>\n<\/p>\n<p>Mobile Phone\/WhatsApp <span class=\"wpcf7-form-control-wrap\" data-name=\"mobile\"><input size=\"40\" maxlength=\"400\" class=\"wpcf7-form-control wpcf7-tel wpcf7-validates-as-required wpcf7-text wpcf7-validates-as-tel\" aria-required=\"true\" aria-invalid=\"false\" value=\"\" type=\"tel\" name=\"mobile\" \/><\/span>\n<\/p>\n<p>City and Province <span class=\"wpcf7-form-control-wrap\" data-name=\"city\"><input size=\"40\" maxlength=\"400\" class=\"wpcf7-form-control wpcf7-text wpcf7-validates-as-required\" aria-required=\"true\" aria-invalid=\"false\" value=\"\" type=\"text\" name=\"city\" \/><\/span>\n<\/p>\n<p>Email (required) <span class=\"wpcf7-form-control-wrap\" data-name=\"your-email\"><input size=\"40\" maxlength=\"400\" class=\"wpcf7-form-control wpcf7-email wpcf7-validates-as-required wpcf7-text wpcf7-validates-as-email\" aria-required=\"true\" aria-invalid=\"false\" value=\"\" type=\"email\" name=\"your-email\" \/><\/span>\n<\/p>\n<p><B><U>SERVICE DETAILS TO OFFER<\/u><\/b>\n<\/p>\n<p>Website <span class=\"wpcf7-form-control-wrap\" data-name=\"website\"><input size=\"40\" maxlength=\"400\" class=\"wpcf7-form-control wpcf7-text\" aria-invalid=\"false\" value=\"\" type=\"text\" name=\"website\" \/><\/span>\n<\/p>\n<p>Specify services you want to offer:\n<\/p>\n<p><span class=\"wpcf7-form-control-wrap\" data-name=\"services\"><textarea cols=\"40\" rows=\"10\" maxlength=\"2000\" class=\"wpcf7-form-control wpcf7-textarea wpcf7-validates-as-required\" aria-required=\"true\" aria-invalid=\"false\" name=\"services\"><\/textarea><\/span>\n<\/p>\n<p><b><span class=\"wpcf7-form-control-wrap\" data-name=\"capital-quiz\"><label><span class=\"wpcf7-quiz-label\">Security question, 1 + 4?<\/span> <input size=\"40\" class=\"wpcf7-form-control wpcf7-quiz\" autocomplete=\"off\" aria-required=\"true\" aria-invalid=\"false\" type=\"text\" name=\"capital-quiz\" \/><\/label><input type=\"hidden\" name=\"_wpcf7_quiz_answer_capital-quiz\" value=\"3dae42c9d8b794b5d2aa5ddce9176299\" \/><\/span><\/b>\n<\/p>\n<p><input class=\"wpcf7-form-control wpcf7-submit has-spinner\" type=\"submit\" value=\"Submit Form\" \/>\n<\/p><div class=\"wpcf7-response-output\" aria-hidden=\"true\"><\/div>\n<\/form>\n<\/div>\n\n","protected":false},"excerpt":{"rendered":"","protected":false},"author":1,"featured_media":0,"parent":0,"menu_order":0,"comment_status":"closed","ping_status":"closed","template":"","meta":{"_acf_changed":false,"_uag_custom_page_level_css":"","site-sidebar-layout":"default","site-content-layout":"","ast-site-content-layout":"default","site-content-style":"default","site-sidebar-style":"default","ast-global-header-display":"","ast-banner-title-visibility":"","ast-main-header-display":"","ast-hfb-above-header-display":"","ast-hfb-below-header-display":"","ast-hfb-mobile-header-display":"","site-post-title":"","ast-breadcrumbs-content":"","ast-featured-img":"","footer-sml-layout":"","ast-disable-related-posts":"","theme-transparent-header-meta":"","adv-header-id-meta":"","stick-header-meta":"","header-above-stick-meta":"","header-main-stick-meta":"","header-below-stick-meta":"","astra-migrate-meta-layouts":"set","ast-page-background-enabled":"default","ast-page-background-meta":{"desktop":{"background-color":"","background-image":"","background-repeat":"repeat","background-position":"center center","background-size":"auto","background-attachment":"scroll","background-type":"","background-media":"","overlay-type":"","overlay-color":"","overlay-opacity":"","overlay-gradient":""},"tablet":{"background-color":"","background-image":"","background-repeat":"repeat","background-position":"center center","background-size":"auto","background-attachment":"scroll","background-type":"","background-media":"","overlay-type":"","overlay-color":"","overlay-opacity":"","overlay-gradient":""},"mobile":{"background-color":"","background-image":"","background-repeat":"repeat","background-position":"center center","background-size":"auto","background-attachment":"scroll","background-type":"","background-media":"","overlay-type":"","overlay-color":"","overlay-opacity":"","overlay-gradient":""}},"ast-content-background-meta":{"desktop":{"background-color":"var(--ast-global-color-5)","background-image":"","background-repeat":"repeat","background-position":"center center","background-size":"auto","background-attachment":"scroll","background-type":"","background-media":"","overlay-type":"","overlay-color":"","overlay-opacity":"","overlay-gradient":""},"tablet":{"background-color":"var(--ast-global-color-5)","background-image":"","background-repeat":"repeat","background-position":"center center","background-size":"auto","background-attachment":"scroll","background-type":"","background-media":"","overlay-type":"","overlay-color":"","overlay-opacity":"","overlay-gradient":""},"mobile":{"background-color":"var(--ast-global-color-5)","background-image":"","background-repeat":"repeat","background-position":"center center","background-size":"auto","background-attachment":"scroll","background-type":"","background-media":"","overlay-type":"","overlay-color":"","overlay-opacity":"","overlay-gradient":""}},"footnotes":""},"class_list":["post-12035","page","type-page","status-publish","hentry"],"acf":[],"yoast_head":"<!-- This site is optimized with the Yoast SEO plugin v27.3 - https:\/\/yoast.com\/product\/yoast-seo-wordpress\/ -->\n<title>Provider Registration - StrippersDeluxe<\/title>\n<meta name=\"robots\" content=\"noindex, nofollow\" \/>\n<meta property=\"og:locale\" content=\"en_US\" \/>\n<meta property=\"og:type\" content=\"article\" \/>\n<meta property=\"og:title\" content=\"Provider Registration - StrippersDeluxe\" \/>\n<meta property=\"og:url\" content=\"https:\/\/strippersdeluxe.es\/en\/provider-registration\/\" \/>\n<meta property=\"og:site_name\" content=\"StrippersDeluxe\" \/>\n<meta property=\"article:publisher\" content=\"https:\/\/www.facebook.com\/StripDelux\/\" \/>\n<meta property=\"article:modified_time\" content=\"2026-01-20T18:59:49+00:00\" \/>\n<meta name=\"twitter:label1\" content=\"Est. reading time\" \/>\n\t<meta name=\"twitter:data1\" content=\"1 minute\" \/>\n<!-- \/ Yoast SEO plugin. -->","yoast_head_json":{"title":"Provider Registration - StrippersDeluxe","robots":{"index":"noindex","follow":"nofollow"},"og_locale":"en_US","og_type":"article","og_title":"Provider Registration - StrippersDeluxe","og_url":"https:\/\/strippersdeluxe.es\/en\/provider-registration\/","og_site_name":"StrippersDeluxe","article_publisher":"https:\/\/www.facebook.com\/StripDelux\/","article_modified_time":"2026-01-20T18:59:49+00:00","twitter_misc":{"Est. reading time":"1 minute"},"schema":{"@context":"https:\/\/schema.org","@graph":[{"@type":"WebPage","@id":"https:\/\/strippersdeluxe.es\/en\/provider-registration\/","url":"https:\/\/strippersdeluxe.es\/en\/provider-registration\/","name":"Provider Registration - StrippersDeluxe","isPartOf":{"@id":"https:\/\/strippersdeluxe.es\/en\/#website"},"datePublished":"2016-12-08T12:44:25+00:00","dateModified":"2026-01-20T18:59:49+00:00","breadcrumb":{"@id":"https:\/\/strippersdeluxe.es\/en\/provider-registration\/#breadcrumb"},"inLanguage":"en-US","potentialAction":[{"@type":"ReadAction","target":["https:\/\/strippersdeluxe.es\/en\/provider-registration\/"]}]},{"@type":"BreadcrumbList","@id":"https:\/\/strippersdeluxe.es\/en\/provider-registration\/#breadcrumb","itemListElement":[{"@type":"ListItem","position":1,"name":"Portada","item":"https:\/\/strippersdeluxe.es\/en\/"},{"@type":"ListItem","position":2,"name":"Provider Registration"}]},{"@type":"WebSite","@id":"https:\/\/strippersdeluxe.es\/en\/#website","url":"https:\/\/strippersdeluxe.es\/en\/","name":"StrippersDeluxe","description":"Organizaci\u00f3n de eventos, despedidas de soltero y soltera, cabar\u00e9 y espect\u00e1culos[:en]Organizaci\u00f3n de eventos, despedidas de soltero y soltera, y espect\u00e1culos","publisher":{"@id":"https:\/\/strippersdeluxe.es\/en\/#organization"},"potentialAction":[{"@type":"SearchAction","target":{"@type":"EntryPoint","urlTemplate":"https:\/\/strippersdeluxe.es\/en\/?s={search_term_string}"},"query-input":{"@type":"PropertyValueSpecification","valueRequired":true,"valueName":"search_term_string"}}],"inLanguage":"en-US"},{"@type":"Organization","@id":"https:\/\/strippersdeluxe.es\/en\/#organization","name":"StrippersDeluxe","url":"https:\/\/strippersdeluxe.es\/en\/","logo":{"@type":"ImageObject","inLanguage":"en-US","@id":"https:\/\/strippersdeluxe.es\/en\/#\/schema\/logo\/image\/","url":"https:\/\/strippersdeluxe.es\/wp-content\/uploads\/2024\/10\/cropped-cropped-LOGO-1.png","contentUrl":"https:\/\/strippersdeluxe.es\/wp-content\/uploads\/2024\/10\/cropped-cropped-LOGO-1.png","width":1000,"height":516,"caption":"StrippersDeluxe"},"image":{"@id":"https:\/\/strippersdeluxe.es\/en\/#\/schema\/logo\/image\/"},"sameAs":["https:\/\/www.facebook.com\/StripDelux\/","https:\/\/x.com\/strippersdeluxe","https:\/\/www.instagram.com\/strippersdeluxe\/","https:\/\/www.youtube.com\/strippersdeluxe"]}]}},"uagb_featured_image_src":{"full":false,"thumbnail":false,"medium":false,"medium_large":false,"large":false,"1536x1536":false,"2048x2048":false},"uagb_author_info":{"display_name":"strippersdeluxe","author_link":"https:\/\/strippersdeluxe.es\/en\/author\/admin\/"},"uagb_comment_info":0,"uagb_excerpt":null,"_links":{"self":[{"href":"https:\/\/strippersdeluxe.es\/en\/wp-json\/wp\/v2\/pages\/12035","targetHints":{"allow":["GET"]}}],"collection":[{"href":"https:\/\/strippersdeluxe.es\/en\/wp-json\/wp\/v2\/pages"}],"about":[{"href":"https:\/\/strippersdeluxe.es\/en\/wp-json\/wp\/v2\/types\/page"}],"author":[{"embeddable":true,"href":"https:\/\/strippersdeluxe.es\/en\/wp-json\/wp\/v2\/users\/1"}],"replies":[{"embeddable":true,"href":"https:\/\/strippersdeluxe.es\/en\/wp-json\/wp\/v2\/comments?post=12035"}],"version-history":[{"count":1,"href":"https:\/\/strippersdeluxe.es\/en\/wp-json\/wp\/v2\/pages\/12035\/revisions"}],"predecessor-version":[{"id":12040,"href":"https:\/\/strippersdeluxe.es\/en\/wp-json\/wp\/v2\/pages\/12035\/revisions\/12040"}],"wp:attachment":[{"href":"https:\/\/strippersdeluxe.es\/en\/wp-json\/wp\/v2\/media?parent=12035"}],"curies":[{"name":"wp","href":"https:\/\/api.w.org\/{rel}","templated":true}]}}